{"id":4695,"date":"2025-08-24T10:21:16","date_gmt":"2025-08-24T08:21:16","guid":{"rendered":"https:\/\/zandvoortsmuseum.nl\/in-der-sammlung-suchen\/"},"modified":"2026-01-13T16:16:31","modified_gmt":"2026-01-13T14:16:31","slug":"in-der-sammlung-suchen","status":"publish","type":"page","link":"https:\/\/zandvoortsmuseum.nl\/de\/in-der-sammlung-suchen\/","title":{"rendered":"In der Sammlung suchen"},"content":{"rendered":"\t\t<div data-elementor-type=\"wp-page\" data-elementor-id=\"4695\" class=\"elementor elementor-4695 elementor-824\" data-elementor-post-type=\"page\">\n\t\t\t\t<div class=\"elementor-element elementor-element-2381582c e-con-full e-flex e-con e-parent\" data-id=\"2381582c\" data-element_type=\"container\" data-e-type=\"container\" data-settings=\"{&quot;background_background&quot;:&quot;classic&quot;}\">\n\t\t<div class=\"elementor-element elementor-element-35c06317 e-flex e-con-boxed e-con e-child\" data-id=\"35c06317\" data-element_type=\"container\" data-e-type=\"container\">\n\t\t\t\t\t<div class=\"e-con-inner\">\n\t\t<div class=\"elementor-element elementor-element-14ab23db e-con-full e-flex e-con e-child\" data-id=\"14ab23db\" data-element_type=\"container\" data-e-type=\"container\">\n\t\t\t\t<div class=\"elementor-element elementor-element-7493f4a3 kop-diap elementor-widget elementor-widget-heading\" data-id=\"7493f4a3\" data-element_type=\"widget\" data-e-type=\"widget\" data-widget_type=\"heading.default\">\n\t\t\t\t\t<h1 class=\"elementor-heading-title elementor-size-default\">In der Sammlung suchen<\/h1>\t\t\t\t<\/div>\n\t\t\t\t<div class=\"elementor-element elementor-element-54ac15fc tekst-diap elementor-widget elementor-widget-text-editor\" data-id=\"54ac15fc\" data-element_type=\"widget\" data-e-type=\"widget\" data-widget_type=\"text-editor.default\">\n\t\t\t\t\t\t\t\t\t<p>Suchen Sie ein Gem\u00e4lde oder interessante Informationen \u00fcber Zandvoort? Auf dieser Seite k\u00f6nnen Sie direkt in der gesamten Sammlung des Zandvoorts Museums suchen. <\/p>\t\t\t\t\t\t\t\t<\/div>\n\t\t\t\t<\/div>\n\t\t<div class=\"elementor-element elementor-element-1e0ddc46 e-con-full e-flex e-con e-child\" data-id=\"1e0ddc46\" data-element_type=\"container\" data-e-type=\"container\" data-settings=\"{&quot;background_background&quot;:&quot;classic&quot;}\">\n\t\t\t\t<div class=\"elementor-element elementor-element-64887817 elementor-widget elementor-widget-spacer\" data-id=\"64887817\" data-element_type=\"widget\" data-e-type=\"widget\" data-widget_type=\"spacer.default\">\n\t\t\t\t\t\t\t<div class=\"elementor-spacer\">\n\t\t\t<div class=\"elementor-spacer-inner\"><\/div>\n\t\t<\/div>\n\t\t\t\t\t\t<\/div>\n\t\t\t\t<\/div>\n\t\t\t\t\t<\/div>\n\t\t\t\t<\/div>\n\t\t\t\t<\/div>\n\t\t<div class=\"elementor-element elementor-element-7d098d57 e-con-full e-flex e-con e-parent\" data-id=\"7d098d57\" data-element_type=\"container\" data-e-type=\"container\" data-settings=\"{&quot;background_background&quot;:&quot;classic&quot;}\">\n\t\t<div class=\"elementor-element elementor-element-1c892bfc e-flex e-con-boxed e-con e-child\" data-id=\"1c892bfc\" data-element_type=\"container\" data-e-type=\"container\">\n\t\t\t\t\t<div class=\"e-con-inner\">\n\t\t<div class=\"elementor-element elementor-element-4a32edea e-con-full e-flex e-con e-child\" data-id=\"4a32edea\" data-element_type=\"container\" data-e-type=\"container\">\n\t\t\t\t<div class=\"elementor-element elementor-element-61199d4d kop-diap elementor-widget elementor-widget-heading\" data-id=\"61199d4d\" data-element_type=\"widget\" data-e-type=\"widget\" data-widget_type=\"heading.default\">\n\t\t\t\t\t<h2 class=\"elementor-heading-title elementor-size-default\">Fragen?<\/h2>\t\t\t\t<\/div>\n\t\t\t\t<div class=\"elementor-element elementor-element-640c672 tekst-diap elementor-widget elementor-widget-text-editor\" data-id=\"640c672\" data-element_type=\"widget\" data-e-type=\"widget\" data-widget_type=\"text-editor.default\">\n\t\t\t\t\t\t\t\t\t<p class=\"has-text-color has-link-color wp-elements-b3f57e9110bc9fb6b9ef414f6a2016d0\">Haben Sie Fragen oder Erg\u00e4nzungen zur Beschreibung eines Werks? Lassen Sie es uns wissen. Bei jedem Werk finden Sie eine Registriernummer; geben Sie diese Nummer in Ihrer E-Mail an <strong><a href=\"mailto:info@zandvoortsmuseum.nl\">info@zandvoortsmuseum.nl<\/a><\/strong> an, dann werden wir uns das f\u00fcr Sie ansehen. Sie erhalten auf jeden Fall eine Antwort!   <\/p><p class=\"has-text-color has-link-color wp-elements-8ac7e57e091171fb8b8608dc95bcda2d\">Die Nutzung f\u00fcr nichtkommerzielle Zwecke ist gestattet, sofern bei der Ver\u00f6ffentlichung die Quelle \u2013 Museum Zandvoort \u2013 angegeben wird. Die kommerzielle Nutzung ist nur nach R\u00fccksprache und schriftlicher Genehmigung des Zandvoorts Museums gestattet. <\/p>\t\t\t\t\t\t\t\t<\/div>\n\t\t\t\t<div class=\"elementor-element elementor-element-bbac31a elementor-widget elementor-widget-button\" data-id=\"bbac31a\" data-element_type=\"widget\" data-e-type=\"widget\" data-widget_type=\"button.default\">\n\t\t\t\t\t\t\t\t\t\t<a class=\"elementor-button elementor-button-link elementor-size-sm\" href=\"https:\/\/ais.axiellcollections.cloud\/ZANDVOORT\/search\/simple\" target=\"_blank\" rel=\"nofollow\">\n\t\t\t\t\t\t<span class=\"elementor-button-content-wrapper\">\n\t\t\t\t\t\t<span class=\"elementor-button-icon\">\n\t\t\t\t<svg aria-hidden=\"true\" class=\"e-font-icon-svg e-fas-chevron-right\" viewBox=\"0 0 320 512\" xmlns=\"http:\/\/www.w3.org\/2000\/svg\"><path d=\"M285.476 272.971L91.132 467.314c-9.373 9.373-24.569 9.373-33.941 0l-22.667-22.667c-9.357-9.357-9.375-24.522-.04-33.901L188.505 256 34.484 101.255c-9.335-9.379-9.317-24.544.04-33.901l22.667-22.667c9.373-9.373 24.569-9.373 33.941 0L285.475 239.03c9.373 9.372 9.373 24.568.001 33.941z\"><\/path><\/svg>\t\t\t<\/span>\n\t\t\t\t\t\t\t\t\t<span class=\"elementor-button-text\">Klicken Sie hier, um in unserer Sammlung zu suchen<\/span>\n\t\t\t\t\t<\/span>\n\t\t\t\t\t<\/a>\n\t\t\t\t\t\t\t\t<\/div>\n\t\t\t\t<\/div>\n\t\t\t\t\t<\/div>\n\t\t\t\t<\/div>\n\t\t\t\t<\/div>\n\t\t<div class=\"elementor-element elementor-element-452b604 e-flex e-con-boxed e-con e-parent\" data-id=\"452b604\" data-element_type=\"container\" data-e-type=\"container\">\n\t\t\t\t\t<div class=\"e-con-inner\">\n\t\t\t\t\t<\/div>\n\t\t\t\t<\/div>\n\t\t\t\t<\/div>\n\t\t","protected":false},"excerpt":{"rendered":"<p>In der Sammlung suchen Suchen Sie ein Gem\u00e4lde oder interessante Informationen \u00fcber Zandvoort? Auf dieser Seite k\u00f6nnen Sie direkt in der gesamten Sammlung des Zandvoorts Museums suchen. Fragen? Haben Sie Fragen oder Erg\u00e4nzungen zur Beschreibung eines Werks? Lassen Sie es uns wissen. Bei jedem Werk finden Sie eine Registriernummer; geben Sie diese Nummer in Ihrer [&hellip;]<\/p>\n","protected":false},"author":1,"featured_media":0,"parent":0,"menu_order":0,"comment_status":"closed","ping_status":"closed","template":"","meta":{"_acf_changed":false,"inline_featured_image":false,"footnotes":""},"class_list":["post-4695","page","type-page","status-publish","hentry"],"acf":[],"yoast_head":"<!-- This site is optimized with the Yoast SEO plugin v27.3 - https:\/\/yoast.com\/product\/yoast-seo-wordpress\/ -->\n<title>In der Sammlung suchen - Zandvoorts Museum<\/title>\n<meta name=\"robots\" content=\"index, follow, max-snippet:-1, max-image-preview:large, max-video-preview:-1\" \/>\n<link rel=\"canonical\" href=\"https:\/\/zandvoortsmuseum.nl\/de\/in-der-sammlung-suchen\/\" \/>\n<meta property=\"og:locale\" content=\"de_DE\" \/>\n<meta property=\"og:type\" content=\"article\" \/>\n<meta property=\"og:title\" content=\"In der Sammlung suchen - Zandvoorts Museum\" \/>\n<meta property=\"og:description\" content=\"In der Sammlung suchen Suchen Sie ein Gem\u00e4lde oder interessante Informationen \u00fcber Zandvoort? Auf dieser Seite k\u00f6nnen Sie direkt in der gesamten Sammlung des Zandvoorts Museums suchen. Fragen? Haben Sie Fragen oder Erg\u00e4nzungen zur Beschreibung eines Werks? Lassen Sie es uns wissen. Bei jedem Werk finden Sie eine Registriernummer; geben Sie diese Nummer in Ihrer [&hellip;]\" \/>\n<meta property=\"og:url\" content=\"https:\/\/zandvoortsmuseum.nl\/de\/in-der-sammlung-suchen\/\" \/>\n<meta property=\"og:site_name\" content=\"Zandvoorts Museum\" \/>\n<meta property=\"article:publisher\" content=\"https:\/\/www.facebook.com\/MuseumZandvoort\" \/>\n<meta property=\"article:modified_time\" content=\"2026-01-13T14:16:31+00:00\" \/>\n<meta property=\"og:image\" content=\"https:\/\/zandvoortsmuseum.nl\/wp-content\/uploads\/2025\/08\/zandvoorts-museum-logo-2025-zw.png\" \/>\n\t<meta property=\"og:image:width\" content=\"664\" \/>\n\t<meta property=\"og:image:height\" content=\"118\" \/>\n\t<meta property=\"og:image:type\" content=\"image\/png\" \/>\n<meta name=\"twitter:card\" content=\"summary_large_image\" \/>\n<meta name=\"twitter:label1\" content=\"Gesch\u00e4tzte Lesezeit\" \/>\n\t<meta name=\"twitter:data1\" content=\"1\u00a0Minute\" \/>\n<script type=\"application\/ld+json\" class=\"yoast-schema-graph\">{\"@context\":\"https:\\\/\\\/schema.org\",\"@graph\":[{\"@type\":\"WebPage\",\"@id\":\"https:\\\/\\\/zandvoortsmuseum.nl\\\/de\\\/in-der-sammlung-suchen\\\/\",\"url\":\"https:\\\/\\\/zandvoortsmuseum.nl\\\/de\\\/in-der-sammlung-suchen\\\/\",\"name\":\"In der Sammlung suchen - Zandvoorts Museum\",\"isPartOf\":{\"@id\":\"https:\\\/\\\/zandvoortsmuseum.nl\\\/de\\\/#website\"},\"datePublished\":\"2025-08-24T08:21:16+00:00\",\"dateModified\":\"2026-01-13T14:16:31+00:00\",\"breadcrumb\":{\"@id\":\"https:\\\/\\\/zandvoortsmuseum.nl\\\/de\\\/in-der-sammlung-suchen\\\/#breadcrumb\"},\"inLanguage\":\"de\",\"potentialAction\":[{\"@type\":\"ReadAction\",\"target\":[\"https:\\\/\\\/zandvoortsmuseum.nl\\\/de\\\/in-der-sammlung-suchen\\\/\"]}]},{\"@type\":\"BreadcrumbList\",\"@id\":\"https:\\\/\\\/zandvoortsmuseum.nl\\\/de\\\/in-der-sammlung-suchen\\\/#breadcrumb\",\"itemListElement\":[{\"@type\":\"ListItem\",\"position\":1,\"name\":\"Home\",\"item\":\"https:\\\/\\\/zandvoortsmuseum.nl\\\/de\\\/\"},{\"@type\":\"ListItem\",\"position\":2,\"name\":\"In der Sammlung suchen\"}]},{\"@type\":\"WebSite\",\"@id\":\"https:\\\/\\\/zandvoortsmuseum.nl\\\/de\\\/#website\",\"url\":\"https:\\\/\\\/zandvoortsmuseum.nl\\\/de\\\/\",\"name\":\"Zandvoorts Museum\",\"description\":\"H\u00e9t centrum voor kunst en geschiedenis in Zandvoort.\",\"publisher\":{\"@id\":\"https:\\\/\\\/zandvoortsmuseum.nl\\\/de\\\/#organization\"},\"alternateName\":\"H\u00e9t centrum voor kunst en geschiedenis in Zandvoort\",\"potentialAction\":[{\"@type\":\"SearchAction\",\"target\":{\"@type\":\"EntryPoint\",\"urlTemplate\":\"https:\\\/\\\/zandvoortsmuseum.nl\\\/de\\\/?s={search_term_string}\"},\"query-input\":{\"@type\":\"PropertyValueSpecification\",\"valueRequired\":true,\"valueName\":\"search_term_string\"}}],\"inLanguage\":\"de\"},{\"@type\":\"Organization\",\"@id\":\"https:\\\/\\\/zandvoortsmuseum.nl\\\/de\\\/#organization\",\"name\":\"Zandvoorts Museum\",\"url\":\"https:\\\/\\\/zandvoortsmuseum.nl\\\/de\\\/\",\"logo\":{\"@type\":\"ImageObject\",\"inLanguage\":\"de\",\"@id\":\"https:\\\/\\\/zandvoortsmuseum.nl\\\/de\\\/#\\\/schema\\\/logo\\\/image\\\/\",\"url\":\"https:\\\/\\\/zandvoortsmuseum.nl\\\/wp-content\\\/uploads\\\/2025\\\/08\\\/Zandvoorts-Museum-Logo-zw-min.svg\",\"contentUrl\":\"https:\\\/\\\/zandvoortsmuseum.nl\\\/wp-content\\\/uploads\\\/2025\\\/08\\\/Zandvoorts-Museum-Logo-zw-min.svg\",\"width\":1847,\"height\":412,\"caption\":\"Zandvoorts Museum\"},\"image\":{\"@id\":\"https:\\\/\\\/zandvoortsmuseum.nl\\\/de\\\/#\\\/schema\\\/logo\\\/image\\\/\"},\"sameAs\":[\"https:\\\/\\\/www.facebook.com\\\/MuseumZandvoort\",\"https:\\\/\\\/www.instagram.com\\\/zandvoortsmuseum\\\/\"]}]}<\/script>\n<!-- \/ Yoast SEO plugin. -->","yoast_head_json":{"title":"In der Sammlung suchen - Zandvoorts Museum","robots":{"index":"index","follow":"follow","max-snippet":"max-snippet:-1","max-image-preview":"max-image-preview:large","max-video-preview":"max-video-preview:-1"},"canonical":"https:\/\/zandvoortsmuseum.nl\/de\/in-der-sammlung-suchen\/","og_locale":"de_DE","og_type":"article","og_title":"In der Sammlung suchen - Zandvoorts Museum","og_description":"In der Sammlung suchen Suchen Sie ein Gem\u00e4lde oder interessante Informationen \u00fcber Zandvoort? Auf dieser Seite k\u00f6nnen Sie direkt in der gesamten Sammlung des Zandvoorts Museums suchen. Fragen? Haben Sie Fragen oder Erg\u00e4nzungen zur Beschreibung eines Werks? Lassen Sie es uns wissen. Bei jedem Werk finden Sie eine Registriernummer; geben Sie diese Nummer in Ihrer [&hellip;]","og_url":"https:\/\/zandvoortsmuseum.nl\/de\/in-der-sammlung-suchen\/","og_site_name":"Zandvoorts Museum","article_publisher":"https:\/\/www.facebook.com\/MuseumZandvoort","article_modified_time":"2026-01-13T14:16:31+00:00","og_image":[{"width":664,"height":118,"url":"https:\/\/zandvoortsmuseum.nl\/wp-content\/uploads\/2025\/08\/zandvoorts-museum-logo-2025-zw.png","type":"image\/png"}],"twitter_card":"summary_large_image","twitter_misc":{"Gesch\u00e4tzte Lesezeit":"1\u00a0Minute"},"schema":{"@context":"https:\/\/schema.org","@graph":[{"@type":"WebPage","@id":"https:\/\/zandvoortsmuseum.nl\/de\/in-der-sammlung-suchen\/","url":"https:\/\/zandvoortsmuseum.nl\/de\/in-der-sammlung-suchen\/","name":"In der Sammlung suchen - Zandvoorts Museum","isPartOf":{"@id":"https:\/\/zandvoortsmuseum.nl\/de\/#website"},"datePublished":"2025-08-24T08:21:16+00:00","dateModified":"2026-01-13T14:16:31+00:00","breadcrumb":{"@id":"https:\/\/zandvoortsmuseum.nl\/de\/in-der-sammlung-suchen\/#breadcrumb"},"inLanguage":"de","potentialAction":[{"@type":"ReadAction","target":["https:\/\/zandvoortsmuseum.nl\/de\/in-der-sammlung-suchen\/"]}]},{"@type":"BreadcrumbList","@id":"https:\/\/zandvoortsmuseum.nl\/de\/in-der-sammlung-suchen\/#breadcrumb","itemListElement":[{"@type":"ListItem","position":1,"name":"Home","item":"https:\/\/zandvoortsmuseum.nl\/de\/"},{"@type":"ListItem","position":2,"name":"In der Sammlung suchen"}]},{"@type":"WebSite","@id":"https:\/\/zandvoortsmuseum.nl\/de\/#website","url":"https:\/\/zandvoortsmuseum.nl\/de\/","name":"Zandvoorts Museum","description":"H\u00e9t centrum voor kunst en geschiedenis in Zandvoort.","publisher":{"@id":"https:\/\/zandvoortsmuseum.nl\/de\/#organization"},"alternateName":"H\u00e9t centrum voor kunst en geschiedenis in Zandvoort","potentialAction":[{"@type":"SearchAction","target":{"@type":"EntryPoint","urlTemplate":"https:\/\/zandvoortsmuseum.nl\/de\/?s={search_term_string}"},"query-input":{"@type":"PropertyValueSpecification","valueRequired":true,"valueName":"search_term_string"}}],"inLanguage":"de"},{"@type":"Organization","@id":"https:\/\/zandvoortsmuseum.nl\/de\/#organization","name":"Zandvoorts Museum","url":"https:\/\/zandvoortsmuseum.nl\/de\/","logo":{"@type":"ImageObject","inLanguage":"de","@id":"https:\/\/zandvoortsmuseum.nl\/de\/#\/schema\/logo\/image\/","url":"https:\/\/zandvoortsmuseum.nl\/wp-content\/uploads\/2025\/08\/Zandvoorts-Museum-Logo-zw-min.svg","contentUrl":"https:\/\/zandvoortsmuseum.nl\/wp-content\/uploads\/2025\/08\/Zandvoorts-Museum-Logo-zw-min.svg","width":1847,"height":412,"caption":"Zandvoorts Museum"},"image":{"@id":"https:\/\/zandvoortsmuseum.nl\/de\/#\/schema\/logo\/image\/"},"sameAs":["https:\/\/www.facebook.com\/MuseumZandvoort","https:\/\/www.instagram.com\/zandvoortsmuseum\/"]}]}},"_links":{"self":[{"href":"https:\/\/zandvoortsmuseum.nl\/de\/wp-json\/wp\/v2\/pages\/4695","targetHints":{"allow":["GET"]}}],"collection":[{"href":"https:\/\/zandvoortsmuseum.nl\/de\/wp-json\/wp\/v2\/pages"}],"about":[{"href":"https:\/\/zandvoortsmuseum.nl\/de\/wp-json\/wp\/v2\/types\/page"}],"author":[{"embeddable":true,"href":"https:\/\/zandvoortsmuseum.nl\/de\/wp-json\/wp\/v2\/users\/1"}],"replies":[{"embeddable":true,"href":"https:\/\/zandvoortsmuseum.nl\/de\/wp-json\/wp\/v2\/comments?post=4695"}],"version-history":[{"count":1,"href":"https:\/\/zandvoortsmuseum.nl\/de\/wp-json\/wp\/v2\/pages\/4695\/revisions"}],"predecessor-version":[{"id":4701,"href":"https:\/\/zandvoortsmuseum.nl\/de\/wp-json\/wp\/v2\/pages\/4695\/revisions\/4701"}],"wp:attachment":[{"href":"https:\/\/zandvoortsmuseum.nl\/de\/wp-json\/wp\/v2\/media?parent=4695"}],"curies":[{"name":"wp","href":"https:\/\/api.w.org\/{rel}","templated":true}]}}