{"id":4719,"date":"2025-09-09T15:44:12","date_gmt":"2025-09-09T13:44:12","guid":{"rendered":"https:\/\/zandvoortsmuseum.nl\/museumscafe\/"},"modified":"2026-01-13T16:16:31","modified_gmt":"2026-01-13T14:16:31","slug":"museumscafe","status":"publish","type":"page","link":"https:\/\/zandvoortsmuseum.nl\/de\/museumscafe\/","title":{"rendered":"Museumscaf\u00e9"},"content":{"rendered":"\t\t<div data-elementor-type=\"wp-page\" data-elementor-id=\"4719\" class=\"elementor elementor-4719 elementor-1350\" data-elementor-post-type=\"page\">\n\t\t\t\t<div class=\"elementor-element elementor-element-727a5ac e-con-full e-flex e-con e-parent\" data-id=\"727a5ac\" data-element_type=\"container\" data-e-type=\"container\" data-settings=\"{&quot;background_background&quot;:&quot;classic&quot;}\">\n\t\t<div class=\"elementor-element elementor-element-30ec0bfd e-flex e-con-boxed e-con e-child\" data-id=\"30ec0bfd\" data-element_type=\"container\" data-e-type=\"container\">\n\t\t\t\t\t<div class=\"e-con-inner\">\n\t\t<div class=\"elementor-element elementor-element-40eb95db e-con-full e-flex e-con e-child\" data-id=\"40eb95db\" data-element_type=\"container\" data-e-type=\"container\">\n\t\t\t\t<div class=\"elementor-element elementor-element-20ad8141 kop-diap elementor-widget elementor-widget-heading\" data-id=\"20ad8141\" data-element_type=\"widget\" data-e-type=\"widget\" data-widget_type=\"heading.default\">\n\t\t\t\t\t<h1 class=\"elementor-heading-title elementor-size-default\">Museumscaf\u00e9<\/h1>\t\t\t\t<\/div>\n\t\t\t\t<div class=\"elementor-element elementor-element-517e48b6 tekst-diap elementor-widget elementor-widget-text-editor\" data-id=\"517e48b6\" data-element_type=\"widget\" data-e-type=\"widget\" data-widget_type=\"text-editor.default\">\n\t\t\t\t\t\t\t\t\t<p>Nach einem Museumsbesuch eine Tasse Kaffee, einen Snack oder ein Getr\u00e4nk genie\u00dfen? Das ist im einladenden Museumscaf\u00e9 m\u00f6glich. Probieren Sie Geb\u00e4ck, Toasts oder Bitterballen. W\u00e4hlen Sie BOS Iced Tea, spanischen Wein oder Craft Beer von Jopen, Uiltje und Lupulus.    <\/p>\t\t\t\t\t\t\t\t<\/div>\n\t\t\t\t<\/div>\n\t\t<div class=\"elementor-element elementor-element-463c2412 e-con-full e-flex e-con e-child\" data-id=\"463c2412\" data-element_type=\"container\" data-e-type=\"container\" data-settings=\"{&quot;background_background&quot;:&quot;classic&quot;}\">\n\t\t\t\t<div class=\"elementor-element elementor-element-1328c092 elementor-widget elementor-widget-spacer\" data-id=\"1328c092\" data-element_type=\"widget\" data-e-type=\"widget\" data-widget_type=\"spacer.default\">\n\t\t\t\t\t\t\t<div class=\"elementor-spacer\">\n\t\t\t<div class=\"elementor-spacer-inner\"><\/div>\n\t\t<\/div>\n\t\t\t\t\t\t<\/div>\n\t\t\t\t<\/div>\n\t\t\t\t\t<\/div>\n\t\t\t\t<\/div>\n\t\t\t\t<\/div>\n\t\t<div class=\"elementor-element elementor-element-1c859aae e-con-full e-flex e-con e-parent\" data-id=\"1c859aae\" data-element_type=\"container\" data-e-type=\"container\" data-settings=\"{&quot;background_background&quot;:&quot;classic&quot;}\">\n\t\t<div class=\"elementor-element elementor-element-44d8f6f4 e-flex e-con-boxed e-con e-child\" data-id=\"44d8f6f4\" data-element_type=\"container\" data-e-type=\"container\">\n\t\t\t\t\t<div class=\"e-con-inner\">\n\t\t<div class=\"elementor-element elementor-element-2e1475b6 e-con-full e-flex e-con e-child\" data-id=\"2e1475b6\" data-element_type=\"container\" data-e-type=\"container\">\n\t\t\t\t<div class=\"elementor-element elementor-element-3f4f4575 kop-diap elementor-widget elementor-widget-heading\" data-id=\"3f4f4575\" data-element_type=\"widget\" data-e-type=\"widget\" data-widget_type=\"heading.default\">\n\t\t\t\t\t<h2 class=\"elementor-heading-title elementor-size-default\">der Treffpunkt im Zentrum<\/h2>\t\t\t\t<\/div>\n\t\t\t\t<div class=\"elementor-element elementor-element-6f9d6ae tekst-diap elementor-widget elementor-widget-text-editor\" data-id=\"6f9d6ae\" data-element_type=\"widget\" data-e-type=\"widget\" data-widget_type=\"text-editor.default\">\n\t\t\t\t\t\t\t\t\t<p class=\"p2\">Nach einem Museumsbesuch eine Tasse Kaffee, einen Snack oder ein Getr\u00e4nk genie\u00dfen? Das ist im einladenden Museumscaf\u00e9 m\u00f6glich. Probieren Sie Geb\u00e4ck, Toasts oder Bitterballen. W\u00e4hlen Sie BOS Iced Tea, spanischen Wein oder Craft Beer von Jopen, Uiltje und Lupulus. Eine geschmackvolle, kunstvolle Pause! Das Zandvoorts Museum ist ein Ort f\u00fcr Kunst, Kultur und Geschichten, aber auch ein lebendiger Treffpunkt im Herzen des Dorfes. Und nicht zu vergessen ein ausgezeichneter Flex-Arbeitsplatz im Herzen von Zandvoort.      <\/p>\t\t\t\t\t\t\t\t<\/div>\n\t\t\t\t<div class=\"elementor-element elementor-element-07095d9 elementor-widget elementor-widget-button\" data-id=\"07095d9\" data-element_type=\"widget\" data-e-type=\"widget\" data-widget_type=\"button.default\">\n\t\t\t\t\t\t\t\t\t\t<a class=\"elementor-button elementor-button-link elementor-size-sm\" href=\"https:\/\/zandvoortsmuseum.nl\/wp-content\/uploads\/2025\/09\/Zandvoorts-Museum-Museum-Cafe-Menukaart.pdf\" target=\"_blank\" rel=\"nofollow\">\n\t\t\t\t\t\t<span class=\"elementor-button-content-wrapper\">\n\t\t\t\t\t\t<span class=\"elementor-button-icon\">\n\t\t\t\t<svg aria-hidden=\"true\" class=\"e-font-icon-svg e-fas-chevron-right\" viewBox=\"0 0 320 512\" xmlns=\"http:\/\/www.w3.org\/2000\/svg\"><path d=\"M285.476 272.971L91.132 467.314c-9.373 9.373-24.569 9.373-33.941 0l-22.667-22.667c-9.357-9.357-9.375-24.522-.04-33.901L188.505 256 34.484 101.255c-9.335-9.379-9.317-24.544.04-33.901l22.667-22.667c9.373-9.373 24.569-9.373 33.941 0L285.475 239.03c9.373 9.372 9.373 24.568.001 33.941z\"><\/path><\/svg>\t\t\t<\/span>\n\t\t\t\t\t\t\t\t\t<span class=\"elementor-button-text\">Sehen Sie sich hier die Speisekarte an!<\/span>\n\t\t\t\t\t<\/span>\n\t\t\t\t\t<\/a>\n\t\t\t\t\t\t\t\t<\/div>\n\t\t\t\t<\/div>\n\t\t<div class=\"elementor-element elementor-element-78eae4c5 e-con-full e-flex e-con e-child\" data-id=\"78eae4c5\" data-element_type=\"container\" data-e-type=\"container\" data-settings=\"{&quot;background_background&quot;:&quot;classic&quot;}\">\n\t\t\t\t<div class=\"elementor-element elementor-element-1e865082 elementor-widget elementor-widget-image\" data-id=\"1e865082\" data-element_type=\"widget\" data-e-type=\"widget\" data-widget_type=\"image.default\">\n\t\t\t\t\t\t\t\t\t\t\t\t\t\t\t<img fetchpriority=\"high\" decoding=\"async\" width=\"800\" height=\"888\" src=\"https:\/\/zandvoortsmuseum.nl\/wp-content\/uploads\/2025\/09\/hapes-en-drankjes-923x1024.png\" class=\"attachment-large size-large wp-image-4721\" alt=\"H\u00e4ppchen Und Getr\u00e4nke\" srcset=\"https:\/\/zandvoortsmuseum.nl\/wp-content\/uploads\/2025\/09\/hapes-en-drankjes-923x1024.png 923w, https:\/\/zandvoortsmuseum.nl\/wp-content\/uploads\/2025\/09\/hapes-en-drankjes-270x300.png 270w, https:\/\/zandvoortsmuseum.nl\/wp-content\/uploads\/2025\/09\/hapes-en-drankjes-768x852.png 768w, https:\/\/zandvoortsmuseum.nl\/wp-content\/uploads\/2025\/09\/hapes-en-drankjes.png 1258w\" sizes=\"(max-width: 800px) 100vw, 800px\" \/>\t\t\t\t\t\t\t\t\t\t\t\t\t\t\t<\/div>\n\t\t\t\t<\/div>\n\t\t\t\t\t<\/div>\n\t\t\t\t<\/div>\n\t\t\t\t<\/div>\n\t\t<div class=\"elementor-element elementor-element-1df4e86 e-flex e-con-boxed e-con e-child\" data-id=\"1df4e86\" data-element_type=\"container\" data-e-type=\"container\">\n\t\t\t\t\t<div class=\"e-con-inner\">\n\t\t<div class=\"elementor-element elementor-element-0085745 e-con-full e-flex e-con e-child\" data-id=\"0085745\" data-element_type=\"container\" data-e-type=\"container\">\n\t\t\t\t<div class=\"elementor-element elementor-element-2e09e06 kop-diap elementor-widget elementor-widget-heading\" data-id=\"2e09e06\" data-element_type=\"widget\" data-e-type=\"widget\" data-widget_type=\"heading.default\">\n\t\t\t\t\t<h2 class=\"elementor-heading-title elementor-size-default\">kostenloser Flex-Arbeitsplatz!<\/h2>\t\t\t\t<\/div>\n\t\t\t\t<div class=\"elementor-element elementor-element-ca52f3c tekst-diap elementor-widget elementor-widget-text-editor\" data-id=\"ca52f3c\" data-element_type=\"widget\" data-e-type=\"widget\" data-widget_type=\"text-editor.default\">\n\t\t\t\t\t\t\t\t\t<p class=\"p2\">Das Museumscaf\u00e9 des Zandvoorts Museums ist <strong>kostenlos<\/strong> zug\u00e4nglich. Es ist ein ger\u00e4umiger <strong>Flex-Arbeitsplatz<\/strong> mit kostenlosem WLAN. Arbeiten Sie bei einem Getr\u00e4nk. Am Lesetisch k\u00f6nnen Sie die Zeitung lesen und sogar eine Partie Schach oder Dame spielen.    <\/p>\t\t\t\t\t\t\t\t<\/div>\n\t\t\t\t<\/div>\n\t\t<div class=\"elementor-element elementor-element-26b7118 e-con-full e-flex e-con e-child\" data-id=\"26b7118\" data-element_type=\"container\" data-e-type=\"container\" data-settings=\"{&quot;background_background&quot;:&quot;classic&quot;}\">\n\t\t\t\t<div class=\"elementor-element elementor-element-4c517b4 elementor-widget elementor-widget-image\" data-id=\"4c517b4\" data-element_type=\"widget\" data-e-type=\"widget\" data-widget_type=\"image.default\">\n\t\t\t\t\t\t\t\t\t\t\t\t\t\t\t\t<a href=\"https:\/\/zandvoortsmuseum.nl\/wp-content\/uploads\/2025\/11\/Zandvoorts-Museum-MuseumCafe-schaak.jpg\" data-elementor-open-lightbox=\"yes\" data-elementor-lightbox-title=\"Zandvoorts Museum Museumscaf\u00e9 Schach\" data-e-action-hash=\"#elementor-action%3Aaction%3Dlightbox%26settings%3DeyJpZCI6NDcyMiwidXJsIjoiaHR0cHM6XC9cL3phbmR2b29ydHNtdXNldW0ubmxcL3dwLWNvbnRlbnRcL3VwbG9hZHNcLzIwMjVcLzExXC9aYW5kdm9vcnRzLU11c2V1bS1NdXNldW1DYWZlLXNjaGFhay5qcGcifQ%3D%3D\">\n\t\t\t\t\t\t\t<img decoding=\"async\" width=\"800\" height=\"600\" src=\"https:\/\/zandvoortsmuseum.nl\/wp-content\/uploads\/2025\/11\/Zandvoorts-Museum-MuseumCafe-schaak-1024x768.jpg\" class=\"attachment-large size-large wp-image-4722\" alt=\"Zandvoorts Museum Museumscaf\u00e9 Schach\" srcset=\"https:\/\/zandvoortsmuseum.nl\/wp-content\/uploads\/2025\/11\/Zandvoorts-Museum-MuseumCafe-schaak-1024x768.jpg 1024w, https:\/\/zandvoortsmuseum.nl\/wp-content\/uploads\/2025\/11\/Zandvoorts-Museum-MuseumCafe-schaak-300x225.jpg 300w, https:\/\/zandvoortsmuseum.nl\/wp-content\/uploads\/2025\/11\/Zandvoorts-Museum-MuseumCafe-schaak-768x576.jpg 768w, https:\/\/zandvoortsmuseum.nl\/wp-content\/uploads\/2025\/11\/Zandvoorts-Museum-MuseumCafe-schaak-1536x1152.jpg 1536w, https:\/\/zandvoortsmuseum.nl\/wp-content\/uploads\/2025\/11\/Zandvoorts-Museum-MuseumCafe-schaak.jpg 1920w\" sizes=\"(max-width: 800px) 100vw, 800px\" \/>\t\t\t\t\t\t\t\t<\/a>\n\t\t\t\t\t\t\t\t\t\t\t\t\t\t\t<\/div>\n\t\t\t\t<\/div>\n\t\t\t\t\t<\/div>\n\t\t\t\t<\/div>\n\t\t<div class=\"elementor-element elementor-element-d1a70b2 e-flex e-con-boxed e-con e-parent\" data-id=\"d1a70b2\" data-element_type=\"container\" data-e-type=\"container\">\n\t\t\t\t\t<div class=\"e-con-inner\">\n\t\t\t\t<div class=\"elementor-element elementor-element-9c82e7f elementor-widget elementor-widget-spacer\" data-id=\"9c82e7f\" data-element_type=\"widget\" data-e-type=\"widget\" data-widget_type=\"spacer.default\">\n\t\t\t\t\t\t\t<div class=\"elementor-spacer\">\n\t\t\t<div class=\"elementor-spacer-inner\"><\/div>\n\t\t<\/div>\n\t\t\t\t\t\t<\/div>\n\t\t\t\t\t<\/div>\n\t\t\t\t<\/div>\n\t\t\t\t<\/div>\n\t\t","protected":false},"excerpt":{"rendered":"<p>Museumscaf\u00e9 Nach einem Museumsbesuch eine Tasse Kaffee, einen Snack oder ein Getr\u00e4nk genie\u00dfen? Das ist im einladenden Museumscaf\u00e9 m\u00f6glich. Probieren Sie Geb\u00e4ck, Toasts oder Bitterballen. W\u00e4hlen Sie BOS Iced Tea, spanischen Wein oder Craft Beer von Jopen, Uiltje und Lupulus. der Treffpunkt im Zentrum Nach einem Museumsbesuch eine Tasse Kaffee, einen Snack oder ein Getr\u00e4nk [&hellip;]<\/p>\n","protected":false},"author":1,"featured_media":0,"parent":0,"menu_order":0,"comment_status":"closed","ping_status":"closed","template":"","meta":{"_acf_changed":false,"inline_featured_image":false,"footnotes":""},"class_list":["post-4719","page","type-page","status-publish","hentry"],"acf":[],"yoast_head":"<!-- This site is optimized with the Yoast SEO plugin v27.3 - https:\/\/yoast.com\/product\/yoast-seo-wordpress\/ -->\n<title>Museumscaf\u00e9 - Zandvoorts Museum<\/title>\n<meta name=\"robots\" content=\"index, follow, max-snippet:-1, max-image-preview:large, max-video-preview:-1\" \/>\n<link rel=\"canonical\" href=\"https:\/\/zandvoortsmuseum.nl\/de\/museumscafe\/\" \/>\n<meta property=\"og:locale\" content=\"de_DE\" \/>\n<meta property=\"og:type\" content=\"article\" \/>\n<meta property=\"og:title\" content=\"Museumscaf\u00e9 - Zandvoorts Museum\" \/>\n<meta property=\"og:description\" content=\"Museumscaf\u00e9 Nach einem Museumsbesuch eine Tasse Kaffee, einen Snack oder ein Getr\u00e4nk genie\u00dfen? Das ist im einladenden Museumscaf\u00e9 m\u00f6glich. Probieren Sie Geb\u00e4ck, Toasts oder Bitterballen. W\u00e4hlen Sie BOS Iced Tea, spanischen Wein oder Craft Beer von Jopen, Uiltje und Lupulus. der Treffpunkt im Zentrum Nach einem Museumsbesuch eine Tasse Kaffee, einen Snack oder ein Getr\u00e4nk [&hellip;]\" \/>\n<meta property=\"og:url\" content=\"https:\/\/zandvoortsmuseum.nl\/de\/museumscafe\/\" \/>\n<meta property=\"og:site_name\" content=\"Zandvoorts Museum\" \/>\n<meta property=\"article:publisher\" content=\"https:\/\/www.facebook.com\/MuseumZandvoort\" \/>\n<meta property=\"article:modified_time\" content=\"2026-01-13T14:16:31+00:00\" \/>\n<meta property=\"og:image\" content=\"https:\/\/zandvoortsmuseum.nl\/wp-content\/uploads\/2025\/09\/hapes-en-drankjes-923x1024.png\" \/>\n\t<meta property=\"og:image:width\" content=\"923\" \/>\n\t<meta property=\"og:image:height\" content=\"1024\" \/>\n\t<meta property=\"og:image:type\" content=\"image\/png\" \/>\n<meta name=\"twitter:card\" content=\"summary_large_image\" \/>\n<meta name=\"twitter:label1\" content=\"Gesch\u00e4tzte Lesezeit\" \/>\n\t<meta name=\"twitter:data1\" content=\"1\u00a0Minute\" \/>\n<script type=\"application\/ld+json\" class=\"yoast-schema-graph\">{\"@context\":\"https:\\\/\\\/schema.org\",\"@graph\":[{\"@type\":\"WebPage\",\"@id\":\"https:\\\/\\\/zandvoortsmuseum.nl\\\/de\\\/museumscafe\\\/\",\"url\":\"https:\\\/\\\/zandvoortsmuseum.nl\\\/de\\\/museumscafe\\\/\",\"name\":\"Museumscaf\u00e9 - Zandvoorts Museum\",\"isPartOf\":{\"@id\":\"https:\\\/\\\/zandvoortsmuseum.nl\\\/de\\\/#website\"},\"primaryImageOfPage\":{\"@id\":\"https:\\\/\\\/zandvoortsmuseum.nl\\\/de\\\/museumscafe\\\/#primaryimage\"},\"image\":{\"@id\":\"https:\\\/\\\/zandvoortsmuseum.nl\\\/de\\\/museumscafe\\\/#primaryimage\"},\"thumbnailUrl\":\"https:\\\/\\\/zandvoortsmuseum.nl\\\/wp-content\\\/uploads\\\/2025\\\/09\\\/hapes-en-drankjes-923x1024.png\",\"datePublished\":\"2025-09-09T13:44:12+00:00\",\"dateModified\":\"2026-01-13T14:16:31+00:00\",\"breadcrumb\":{\"@id\":\"https:\\\/\\\/zandvoortsmuseum.nl\\\/de\\\/museumscafe\\\/#breadcrumb\"},\"inLanguage\":\"de\",\"potentialAction\":[{\"@type\":\"ReadAction\",\"target\":[\"https:\\\/\\\/zandvoortsmuseum.nl\\\/de\\\/museumscafe\\\/\"]}]},{\"@type\":\"ImageObject\",\"inLanguage\":\"de\",\"@id\":\"https:\\\/\\\/zandvoortsmuseum.nl\\\/de\\\/museumscafe\\\/#primaryimage\",\"url\":\"https:\\\/\\\/zandvoortsmuseum.nl\\\/wp-content\\\/uploads\\\/2025\\\/09\\\/hapes-en-drankjes-923x1024.png\",\"contentUrl\":\"https:\\\/\\\/zandvoortsmuseum.nl\\\/wp-content\\\/uploads\\\/2025\\\/09\\\/hapes-en-drankjes-923x1024.png\"},{\"@type\":\"BreadcrumbList\",\"@id\":\"https:\\\/\\\/zandvoortsmuseum.nl\\\/de\\\/museumscafe\\\/#breadcrumb\",\"itemListElement\":[{\"@type\":\"ListItem\",\"position\":1,\"name\":\"Home\",\"item\":\"https:\\\/\\\/zandvoortsmuseum.nl\\\/de\\\/\"},{\"@type\":\"ListItem\",\"position\":2,\"name\":\"Museumscaf\u00e9\"}]},{\"@type\":\"WebSite\",\"@id\":\"https:\\\/\\\/zandvoortsmuseum.nl\\\/de\\\/#website\",\"url\":\"https:\\\/\\\/zandvoortsmuseum.nl\\\/de\\\/\",\"name\":\"Zandvoorts Museum\",\"description\":\"H\u00e9t centrum voor kunst en geschiedenis in Zandvoort.\",\"publisher\":{\"@id\":\"https:\\\/\\\/zandvoortsmuseum.nl\\\/de\\\/#organization\"},\"alternateName\":\"H\u00e9t centrum voor kunst en geschiedenis in Zandvoort\",\"potentialAction\":[{\"@type\":\"SearchAction\",\"target\":{\"@type\":\"EntryPoint\",\"urlTemplate\":\"https:\\\/\\\/zandvoortsmuseum.nl\\\/de\\\/?s={search_term_string}\"},\"query-input\":{\"@type\":\"PropertyValueSpecification\",\"valueRequired\":true,\"valueName\":\"search_term_string\"}}],\"inLanguage\":\"de\"},{\"@type\":\"Organization\",\"@id\":\"https:\\\/\\\/zandvoortsmuseum.nl\\\/de\\\/#organization\",\"name\":\"Zandvoorts Museum\",\"url\":\"https:\\\/\\\/zandvoortsmuseum.nl\\\/de\\\/\",\"logo\":{\"@type\":\"ImageObject\",\"inLanguage\":\"de\",\"@id\":\"https:\\\/\\\/zandvoortsmuseum.nl\\\/de\\\/#\\\/schema\\\/logo\\\/image\\\/\",\"url\":\"https:\\\/\\\/zandvoortsmuseum.nl\\\/wp-content\\\/uploads\\\/2025\\\/08\\\/Zandvoorts-Museum-Logo-zw-min.svg\",\"contentUrl\":\"https:\\\/\\\/zandvoortsmuseum.nl\\\/wp-content\\\/uploads\\\/2025\\\/08\\\/Zandvoorts-Museum-Logo-zw-min.svg\",\"width\":1847,\"height\":412,\"caption\":\"Zandvoorts Museum\"},\"image\":{\"@id\":\"https:\\\/\\\/zandvoortsmuseum.nl\\\/de\\\/#\\\/schema\\\/logo\\\/image\\\/\"},\"sameAs\":[\"https:\\\/\\\/www.facebook.com\\\/MuseumZandvoort\",\"https:\\\/\\\/www.instagram.com\\\/zandvoortsmuseum\\\/\"]}]}<\/script>\n<!-- \/ Yoast SEO plugin. -->","yoast_head_json":{"title":"Museumscaf\u00e9 - Zandvoorts Museum","robots":{"index":"index","follow":"follow","max-snippet":"max-snippet:-1","max-image-preview":"max-image-preview:large","max-video-preview":"max-video-preview:-1"},"canonical":"https:\/\/zandvoortsmuseum.nl\/de\/museumscafe\/","og_locale":"de_DE","og_type":"article","og_title":"Museumscaf\u00e9 - Zandvoorts Museum","og_description":"Museumscaf\u00e9 Nach einem Museumsbesuch eine Tasse Kaffee, einen Snack oder ein Getr\u00e4nk genie\u00dfen? Das ist im einladenden Museumscaf\u00e9 m\u00f6glich. Probieren Sie Geb\u00e4ck, Toasts oder Bitterballen. W\u00e4hlen Sie BOS Iced Tea, spanischen Wein oder Craft Beer von Jopen, Uiltje und Lupulus. der Treffpunkt im Zentrum Nach einem Museumsbesuch eine Tasse Kaffee, einen Snack oder ein Getr\u00e4nk [&hellip;]","og_url":"https:\/\/zandvoortsmuseum.nl\/de\/museumscafe\/","og_site_name":"Zandvoorts Museum","article_publisher":"https:\/\/www.facebook.com\/MuseumZandvoort","article_modified_time":"2026-01-13T14:16:31+00:00","og_image":[{"width":923,"height":1024,"url":"https:\/\/zandvoortsmuseum.nl\/wp-content\/uploads\/2025\/09\/hapes-en-drankjes-923x1024.png","type":"image\/png"}],"twitter_card":"summary_large_image","twitter_misc":{"Gesch\u00e4tzte Lesezeit":"1\u00a0Minute"},"schema":{"@context":"https:\/\/schema.org","@graph":[{"@type":"WebPage","@id":"https:\/\/zandvoortsmuseum.nl\/de\/museumscafe\/","url":"https:\/\/zandvoortsmuseum.nl\/de\/museumscafe\/","name":"Museumscaf\u00e9 - Zandvoorts Museum","isPartOf":{"@id":"https:\/\/zandvoortsmuseum.nl\/de\/#website"},"primaryImageOfPage":{"@id":"https:\/\/zandvoortsmuseum.nl\/de\/museumscafe\/#primaryimage"},"image":{"@id":"https:\/\/zandvoortsmuseum.nl\/de\/museumscafe\/#primaryimage"},"thumbnailUrl":"https:\/\/zandvoortsmuseum.nl\/wp-content\/uploads\/2025\/09\/hapes-en-drankjes-923x1024.png","datePublished":"2025-09-09T13:44:12+00:00","dateModified":"2026-01-13T14:16:31+00:00","breadcrumb":{"@id":"https:\/\/zandvoortsmuseum.nl\/de\/museumscafe\/#breadcrumb"},"inLanguage":"de","potentialAction":[{"@type":"ReadAction","target":["https:\/\/zandvoortsmuseum.nl\/de\/museumscafe\/"]}]},{"@type":"ImageObject","inLanguage":"de","@id":"https:\/\/zandvoortsmuseum.nl\/de\/museumscafe\/#primaryimage","url":"https:\/\/zandvoortsmuseum.nl\/wp-content\/uploads\/2025\/09\/hapes-en-drankjes-923x1024.png","contentUrl":"https:\/\/zandvoortsmuseum.nl\/wp-content\/uploads\/2025\/09\/hapes-en-drankjes-923x1024.png"},{"@type":"BreadcrumbList","@id":"https:\/\/zandvoortsmuseum.nl\/de\/museumscafe\/#breadcrumb","itemListElement":[{"@type":"ListItem","position":1,"name":"Home","item":"https:\/\/zandvoortsmuseum.nl\/de\/"},{"@type":"ListItem","position":2,"name":"Museumscaf\u00e9"}]},{"@type":"WebSite","@id":"https:\/\/zandvoortsmuseum.nl\/de\/#website","url":"https:\/\/zandvoortsmuseum.nl\/de\/","name":"Zandvoorts Museum","description":"H\u00e9t centrum voor kunst en geschiedenis in Zandvoort.","publisher":{"@id":"https:\/\/zandvoortsmuseum.nl\/de\/#organization"},"alternateName":"H\u00e9t centrum voor kunst en geschiedenis in Zandvoort","potentialAction":[{"@type":"SearchAction","target":{"@type":"EntryPoint","urlTemplate":"https:\/\/zandvoortsmuseum.nl\/de\/?s={search_term_string}"},"query-input":{"@type":"PropertyValueSpecification","valueRequired":true,"valueName":"search_term_string"}}],"inLanguage":"de"},{"@type":"Organization","@id":"https:\/\/zandvoortsmuseum.nl\/de\/#organization","name":"Zandvoorts Museum","url":"https:\/\/zandvoortsmuseum.nl\/de\/","logo":{"@type":"ImageObject","inLanguage":"de","@id":"https:\/\/zandvoortsmuseum.nl\/de\/#\/schema\/logo\/image\/","url":"https:\/\/zandvoortsmuseum.nl\/wp-content\/uploads\/2025\/08\/Zandvoorts-Museum-Logo-zw-min.svg","contentUrl":"https:\/\/zandvoortsmuseum.nl\/wp-content\/uploads\/2025\/08\/Zandvoorts-Museum-Logo-zw-min.svg","width":1847,"height":412,"caption":"Zandvoorts Museum"},"image":{"@id":"https:\/\/zandvoortsmuseum.nl\/de\/#\/schema\/logo\/image\/"},"sameAs":["https:\/\/www.facebook.com\/MuseumZandvoort","https:\/\/www.instagram.com\/zandvoortsmuseum\/"]}]}},"_links":{"self":[{"href":"https:\/\/zandvoortsmuseum.nl\/de\/wp-json\/wp\/v2\/pages\/4719","targetHints":{"allow":["GET"]}}],"collection":[{"href":"https:\/\/zandvoortsmuseum.nl\/de\/wp-json\/wp\/v2\/pages"}],"about":[{"href":"https:\/\/zandvoortsmuseum.nl\/de\/wp-json\/wp\/v2\/types\/page"}],"author":[{"embeddable":true,"href":"https:\/\/zandvoortsmuseum.nl\/de\/wp-json\/wp\/v2\/users\/1"}],"replies":[{"embeddable":true,"href":"https:\/\/zandvoortsmuseum.nl\/de\/wp-json\/wp\/v2\/comments?post=4719"}],"version-history":[{"count":1,"href":"https:\/\/zandvoortsmuseum.nl\/de\/wp-json\/wp\/v2\/pages\/4719\/revisions"}],"predecessor-version":[{"id":4723,"href":"https:\/\/zandvoortsmuseum.nl\/de\/wp-json\/wp\/v2\/pages\/4719\/revisions\/4723"}],"wp:attachment":[{"href":"https:\/\/zandvoortsmuseum.nl\/de\/wp-json\/wp\/v2\/media?parent=4719"}],"curies":[{"name":"wp","href":"https:\/\/api.w.org\/{rel}","templated":true}]}}