{"id":4945,"date":"2025-08-22T13:07:28","date_gmt":"2025-08-22T11:07:28","guid":{"rendered":"https:\/\/zandvoortsmuseum.nl\/ueber-uns\/"},"modified":"2026-01-13T16:19:18","modified_gmt":"2026-01-13T14:19:18","slug":"ueber-uns","status":"publish","type":"page","link":"https:\/\/zandvoortsmuseum.nl\/de\/ueber-uns\/","title":{"rendered":"\u00dcber uns"},"content":{"rendered":"\t\t<div data-elementor-type=\"wp-page\" data-elementor-id=\"4945\" class=\"elementor elementor-4945 elementor-649\" data-elementor-post-type=\"page\">\n\t\t\t\t<div class=\"elementor-element elementor-element-659bee4 e-con-full e-flex e-con e-parent\" data-id=\"659bee4\" data-element_type=\"container\" data-e-type=\"container\" data-settings=\"{&quot;background_background&quot;:&quot;classic&quot;}\">\n\t\t<div class=\"elementor-element elementor-element-6966f3e0 e-flex e-con-boxed e-con e-child\" data-id=\"6966f3e0\" data-element_type=\"container\" data-e-type=\"container\">\n\t\t\t\t\t<div class=\"e-con-inner\">\n\t\t<div class=\"elementor-element elementor-element-1079dbf0 e-con-full e-flex e-con e-child\" data-id=\"1079dbf0\" data-element_type=\"container\" data-e-type=\"container\">\n\t\t\t\t<div class=\"elementor-element elementor-element-21f9f65a kop-diap elementor-widget elementor-widget-heading\" data-id=\"21f9f65a\" data-element_type=\"widget\" data-e-type=\"widget\" data-widget_type=\"heading.default\">\n\t\t\t\t\t<h2 class=\"elementor-heading-title elementor-size-default\">\u00dcber uns<\/h2>\t\t\t\t<\/div>\n\t\t\t\t<div class=\"elementor-element elementor-element-16ca0b8 tekst-diap elementor-widget elementor-widget-text-editor\" data-id=\"16ca0b8\" data-element_type=\"widget\" data-e-type=\"widget\" data-widget_type=\"text-editor.default\">\n\t\t\t\t\t\t\t\t\t<p>Das Zandvoorts Museum ist ein Denkmal- und Kunstmuseum. Dort tauchen Einwohner und Besucher in die Geschichte und das kulturelle Erbe vom Fischerdorf zum Touristendorf Zandvoort ein. <\/p>\t\t\t\t\t\t\t\t<\/div>\n\t\t\t\t<\/div>\n\t\t<div class=\"elementor-element elementor-element-6a00692a e-con-full e-flex e-con e-child\" data-id=\"6a00692a\" data-element_type=\"container\" data-e-type=\"container\" data-settings=\"{&quot;background_background&quot;:&quot;classic&quot;}\">\n\t\t\t\t<div class=\"elementor-element elementor-element-3536fc54 elementor-widget elementor-widget-spacer\" data-id=\"3536fc54\" data-element_type=\"widget\" data-e-type=\"widget\" data-widget_type=\"spacer.default\">\n\t\t\t\t\t\t\t<div class=\"elementor-spacer\">\n\t\t\t<div class=\"elementor-spacer-inner\"><\/div>\n\t\t<\/div>\n\t\t\t\t\t\t<\/div>\n\t\t\t\t<\/div>\n\t\t\t\t\t<\/div>\n\t\t\t\t<\/div>\n\t\t\t\t<\/div>\n\t\t<div class=\"elementor-element elementor-element-2e6a42bc e-con-full e-flex e-con e-parent\" data-id=\"2e6a42bc\" data-element_type=\"container\" data-e-type=\"container\" data-settings=\"{&quot;background_background&quot;:&quot;classic&quot;}\">\n\t\t<div class=\"elementor-element elementor-element-3267e000 e-flex e-con-boxed e-con e-child\" data-id=\"3267e000\" data-element_type=\"container\" data-e-type=\"container\">\n\t\t\t\t\t<div class=\"e-con-inner\">\n\t\t<div class=\"elementor-element elementor-element-957a737 e-con-full e-flex e-con e-child\" data-id=\"957a737\" data-element_type=\"container\" data-e-type=\"container\">\n\t\t\t\t<div class=\"elementor-element elementor-element-16a1daa0 kop-diap elementor-widget elementor-widget-heading\" data-id=\"16a1daa0\" data-element_type=\"widget\" data-e-type=\"widget\" data-widget_type=\"heading.default\">\n\t\t\t\t\t<h2 class=\"elementor-heading-title elementor-size-default\">Unsere Geschichte<\/h2>\t\t\t\t<\/div>\n\t\t\t\t<div class=\"elementor-element elementor-element-bdc9fa5 tekst-diap elementor-widget elementor-widget-text-editor\" data-id=\"bdc9fa5\" data-element_type=\"widget\" data-e-type=\"widget\" data-widget_type=\"text-editor.default\">\n\t\t\t\t\t\t\t\t\t<p>Das Museum pr\u00e4sentiert Ausstellungen, die immer mit der Kunst- und Kulturerbesammlung sowie den historischen und zeitgen\u00f6ssischen Geschichten verbunden sind. Die Sammlung umfasst \u00fcber 38.000 Objekte. Sie ist eine Quelle f\u00fcr neue Pr\u00e4sentationen, Forschung und Inspiration. Mit dem Publikumsprogramm teilen wir auf verschiedene Weise des Wissenstransfers die Kenntnisse und Geschichten mit den Bewohnern und Besuchern, Jung und Alt.   <\/p><p>Dar\u00fcber hinaus profiliert sich das Netzwerk-Museum als ein Museum, das stets auf der Suche nach Kooperationen mit anderen Museen und Partnern, K\u00fcnstlern und Machern vor Ort, in der Metropolregion Amsterdam und dar\u00fcber hinaus ist.<\/p>\t\t\t\t\t\t\t\t<\/div>\n\t\t\t\t<\/div>\n\t\t<div class=\"elementor-element elementor-element-103a6f97 e-con-full e-flex e-con e-child\" data-id=\"103a6f97\" data-element_type=\"container\" data-e-type=\"container\" data-settings=\"{&quot;background_background&quot;:&quot;classic&quot;}\">\n\t\t\t\t<div class=\"elementor-element elementor-element-5ebf328d elementor-widget elementor-widget-image\" data-id=\"5ebf328d\" data-element_type=\"widget\" data-e-type=\"widget\" data-widget_type=\"image.default\">\n\t\t\t\t\t\t\t\t\t\t\t\t\t\t\t<img fetchpriority=\"high\" decoding=\"async\" width=\"724\" height=\"1024\" src=\"https:\/\/zandvoortsmuseum.nl\/wp-content\/uploads\/2025\/10\/Zandvoorts-Museum-The-Life-of-Memories-Bomschuit-model-staand-724x1024.jpg\" class=\"attachment-large size-large wp-image-4946\" alt=\"Zandvoorts Museum The Life Of Memories Bomschuit Modell Stehend\" srcset=\"https:\/\/zandvoortsmuseum.nl\/wp-content\/uploads\/2025\/10\/Zandvoorts-Museum-The-Life-of-Memories-Bomschuit-model-staand-724x1024.jpg 724w, https:\/\/zandvoortsmuseum.nl\/wp-content\/uploads\/2025\/10\/Zandvoorts-Museum-The-Life-of-Memories-Bomschuit-model-staand-212x300.jpg 212w, https:\/\/zandvoortsmuseum.nl\/wp-content\/uploads\/2025\/10\/Zandvoorts-Museum-The-Life-of-Memories-Bomschuit-model-staand-768x1087.jpg 768w, https:\/\/zandvoortsmuseum.nl\/wp-content\/uploads\/2025\/10\/Zandvoorts-Museum-The-Life-of-Memories-Bomschuit-model-staand.jpg 848w\" sizes=\"(max-width: 724px) 100vw, 724px\" \/>\t\t\t\t\t\t\t\t\t\t\t\t\t\t\t<\/div>\n\t\t\t\t<\/div>\n\t\t\t\t\t<\/div>\n\t\t\t\t<\/div>\n\t\t\t\t<\/div>\n\t\t<div class=\"elementor-element elementor-element-6eff10dd e-con-full e-flex e-con e-parent\" data-id=\"6eff10dd\" data-element_type=\"container\" data-e-type=\"container\" data-settings=\"{&quot;background_background&quot;:&quot;classic&quot;}\">\n\t\t<div class=\"elementor-element elementor-element-1bdc4f52 e-con-full e-flex e-con e-child\" data-id=\"1bdc4f52\" data-element_type=\"container\" data-e-type=\"container\">\n\t\t<div class=\"elementor-element elementor-element-76ec13d0 e-con-full e-flex e-con e-child\" data-id=\"76ec13d0\" data-element_type=\"container\" data-e-type=\"container\">\n\t\t\t\t<div class=\"elementor-element elementor-element-7721943b kop-diap elementor-widget elementor-widget-heading\" data-id=\"7721943b\" data-element_type=\"widget\" data-e-type=\"widget\" data-widget_type=\"heading.default\">\n\t\t\t\t\t<h2 class=\"elementor-heading-title elementor-size-default\">Mission \u2013 wof\u00fcr wir stehen<\/h2>\t\t\t\t<\/div>\n\t\t\t\t<div class=\"elementor-element elementor-element-3579907d tekst-diap elementor-widget elementor-widget-text-editor\" data-id=\"3579907d\" data-element_type=\"widget\" data-e-type=\"widget\" data-widget_type=\"text-editor.default\">\n\t\t\t\t\t\t\t\t\t<p>Das Zandvoorts Museum ist das Museum, in dem die Kenntnis der lokalen Geschichte in Verbindung mit der Sammlung im Mittelpunkt steht. Dies tun wir durch Sammeln, Pr\u00e4sentieren und Projekte. Der Fokus liegt auf dem Thema Erinnerungen in Zandvoort, das Bewohner und Besucher mit den bewegenden Geschichten von damals, heute und morgen verbindet.  <\/p>\t\t\t\t\t\t\t\t<\/div>\n\t\t\t\t<\/div>\n\t\t<div class=\"elementor-element elementor-element-693fae75 e-con-full e-flex e-con e-child\" data-id=\"693fae75\" data-element_type=\"container\" data-e-type=\"container\" data-settings=\"{&quot;background_background&quot;:&quot;classic&quot;}\">\n\t\t\t\t<div class=\"elementor-element elementor-element-775dd07f elementor-widget elementor-widget-spacer\" data-id=\"775dd07f\" data-element_type=\"widget\" data-e-type=\"widget\" data-widget_type=\"spacer.default\">\n\t\t\t\t\t\t\t<div class=\"elementor-spacer\">\n\t\t\t<div class=\"elementor-spacer-inner\"><\/div>\n\t\t<\/div>\n\t\t\t\t\t\t<\/div>\n\t\t\t\t<\/div>\n\t\t\t\t<\/div>\n\t\t\t\t<\/div>\n\t\t<div class=\"elementor-element elementor-element-4343ba06 e-con-full e-flex e-con e-parent\" data-id=\"4343ba06\" data-element_type=\"container\" data-e-type=\"container\" data-settings=\"{&quot;background_background&quot;:&quot;classic&quot;}\">\n\t\t<div class=\"elementor-element elementor-element-76653c7a e-con-full e-flex e-con e-child\" data-id=\"76653c7a\" data-element_type=\"container\" data-e-type=\"container\">\n\t\t<div class=\"elementor-element elementor-element-4f22d946 e-con-full e-flex e-con e-child\" data-id=\"4f22d946\" data-element_type=\"container\" data-e-type=\"container\">\n\t\t\t\t<div class=\"elementor-element elementor-element-55976a8e kop-diap elementor-widget elementor-widget-heading\" data-id=\"55976a8e\" data-element_type=\"widget\" data-e-type=\"widget\" data-widget_type=\"heading.default\">\n\t\t\t\t\t<h2 class=\"elementor-heading-title elementor-size-default\">Kernwerte<\/h2>\t\t\t\t<\/div>\n\t\t\t\t<div class=\"elementor-element elementor-element-75e963f3 tekst-diap elementor-widget elementor-widget-text-editor\" data-id=\"75e963f3\" data-element_type=\"widget\" data-e-type=\"widget\" data-widget_type=\"text-editor.default\">\n\t\t\t\t\t\t\t\t\t<p class=\"p1\">Die Kernwerte der formulierten Vision f\u00fcr das Zandvoorts Museum sind:<\/p><ul><li class=\"p1\">Historisch &amp; authentisch \u2013 Geschichten \u00fcber die DNA von Zandvoort fr\u00fcher, heute und morgen <\/li><li class=\"p1\">Qualit\u00e4t &amp; Aufmerksamkeit \u2013 innovative Partizipation &#8211; und Bildungsprojekte das ganze Jahr \u00fcber<\/li><li class=\"p1\">Verbindend &amp; zug\u00e4nglich \u2013 (inklusive) Aktivit\u00e4ten zusammen mit Kunst-, Kultur- und Erbeinstitutionen<\/li><li class=\"p1\">Relevant &amp; Zusammenarbeit \u2013 Diskussion von Erbegeschichten in der Gesellschaft <\/li><\/ul>\t\t\t\t\t\t\t\t<\/div>\n\t\t\t\t<\/div>\n\t\t<div class=\"elementor-element elementor-element-2ac93da8 e-con-full e-flex e-con e-child\" data-id=\"2ac93da8\" data-element_type=\"container\" data-e-type=\"container\" data-settings=\"{&quot;background_background&quot;:&quot;classic&quot;}\">\n\t\t\t\t<div class=\"elementor-element elementor-element-757e40e6 elementor-widget elementor-widget-spacer\" data-id=\"757e40e6\" data-element_type=\"widget\" data-e-type=\"widget\" data-widget_type=\"spacer.default\">\n\t\t\t\t\t\t\t<div class=\"elementor-spacer\">\n\t\t\t<div class=\"elementor-spacer-inner\"><\/div>\n\t\t<\/div>\n\t\t\t\t\t\t<\/div>\n\t\t\t\t<\/div>\n\t\t\t\t<\/div>\n\t\t\t\t<\/div>\n\t\t<div class=\"elementor-element elementor-element-22d5b5d e-con-full e-flex e-con e-parent\" data-id=\"22d5b5d\" data-element_type=\"container\" data-e-type=\"container\" data-settings=\"{&quot;background_background&quot;:&quot;classic&quot;}\">\n\t\t<div class=\"elementor-element elementor-element-5a1636f e-flex e-con-boxed e-con e-child\" data-id=\"5a1636f\" data-element_type=\"container\" data-e-type=\"container\">\n\t\t\t\t\t<div class=\"e-con-inner\">\n\t\t<div class=\"elementor-element elementor-element-4c91066 e-con-full e-flex e-con e-child\" data-id=\"4c91066\" data-element_type=\"container\" data-e-type=\"container\">\n\t\t\t\t<div class=\"elementor-element elementor-element-4debe4b kop-diap elementor-widget elementor-widget-heading\" data-id=\"4debe4b\" data-element_type=\"widget\" data-e-type=\"widget\" data-widget_type=\"heading.default\">\n\t\t\t\t\t<h2 class=\"elementor-heading-title elementor-size-default\">\u00dcber die Organisation<\/h2>\t\t\t\t<\/div>\n\t\t\t\t<div class=\"elementor-element elementor-element-5ff1e4b tekst-diap elementor-widget elementor-widget-text-editor\" data-id=\"5ff1e4b\" data-element_type=\"widget\" data-e-type=\"widget\" data-widget_type=\"text-editor.default\">\n\t\t\t\t\t\t\t\t\t<p>Mehr \u00fcber die Organisation erfahren?<\/p><p>Sehen Sie sich die <strong><a href=\"\/over-onze-organisatie\/\"> &#8220;\u00dcber unsere Organisation&#8221;<\/a><\/strong> Seite an.<\/p><p>Auf dieser Seite finden Sie mehr \u00fcber unsere Jahresberichte, den Strategieplan 2001 \u2013 2025, den Vorstand und mehr.<\/p>\t\t\t\t\t\t\t\t<\/div>\n\t\t\t\t<div class=\"elementor-element elementor-element-a9db256 elementor-widget elementor-widget-button\" data-id=\"a9db256\" data-element_type=\"widget\" data-e-type=\"widget\" data-widget_type=\"button.default\">\n\t\t\t\t\t\t\t\t\t\t<a class=\"elementor-button elementor-button-link elementor-size-sm\" href=\"https:\/\/zandvoortsmuseum.nl\/organisatie\/\">\n\t\t\t\t\t\t<span class=\"elementor-button-content-wrapper\">\n\t\t\t\t\t\t<span class=\"elementor-button-icon\">\n\t\t\t\t<svg aria-hidden=\"true\" class=\"e-font-icon-svg e-fas-chevron-right\" viewBox=\"0 0 320 512\" xmlns=\"http:\/\/www.w3.org\/2000\/svg\"><path d=\"M285.476 272.971L91.132 467.314c-9.373 9.373-24.569 9.373-33.941 0l-22.667-22.667c-9.357-9.357-9.375-24.522-.04-33.901L188.505 256 34.484 101.255c-9.335-9.379-9.317-24.544.04-33.901l22.667-22.667c9.373-9.373 24.569-9.373 33.941 0L285.475 239.03c9.373 9.372 9.373 24.568.001 33.941z\"><\/path><\/svg>\t\t\t<\/span>\n\t\t\t\t\t\t\t\t\t<span class=\"elementor-button-text\">\u00dcber unsere Organisation<\/span>\n\t\t\t\t\t<\/span>\n\t\t\t\t\t<\/a>\n\t\t\t\t\t\t\t\t<\/div>\n\t\t\t\t<\/div>\n\t\t<div class=\"elementor-element elementor-element-2e0f287 e-con-full e-flex e-con e-child\" data-id=\"2e0f287\" data-element_type=\"container\" data-e-type=\"container\" data-settings=\"{&quot;background_background&quot;:&quot;classic&quot;}\">\n\t\t\t\t<div class=\"elementor-element elementor-element-04133ae elementor-widget elementor-widget-image\" data-id=\"04133ae\" data-element_type=\"widget\" data-e-type=\"widget\" data-widget_type=\"image.default\">\n\t\t\t\t\t\t\t\t\t\t\t\t\t\t\t<img decoding=\"async\" width=\"466\" height=\"441\" src=\"https:\/\/zandvoortsmuseum.nl\/wp-content\/uploads\/2025\/08\/logo-zandvoorts-museum-vierkant-zw-min.svg\" class=\"attachment-full size-full wp-image-4700\" alt=\"Logo Zandvoorts Museum Quadratisch Sw Min\" \/>\t\t\t\t\t\t\t\t\t\t\t\t\t\t\t<\/div>\n\t\t\t\t<\/div>\n\t\t\t\t\t<\/div>\n\t\t\t\t<\/div>\n\t\t\t\t<\/div>\n\t\t\t\t<\/div>\n\t\t","protected":false},"excerpt":{"rendered":"<p>\u00dcber uns Das Zandvoorts Museum ist ein Denkmal- und Kunstmuseum. Dort tauchen Einwohner und Besucher in die Geschichte und das kulturelle Erbe vom Fischerdorf zum Touristendorf Zandvoort ein. Unsere Geschichte Das Museum pr\u00e4sentiert Ausstellungen, die immer mit der Kunst- und Kulturerbesammlung sowie den historischen und zeitgen\u00f6ssischen Geschichten verbunden sind. Die Sammlung umfasst \u00fcber 38.000 Objekte. [&hellip;]<\/p>\n","protected":false},"author":1,"featured_media":0,"parent":0,"menu_order":0,"comment_status":"closed","ping_status":"closed","template":"","meta":{"_acf_changed":false,"inline_featured_image":false,"footnotes":""},"class_list":["post-4945","page","type-page","status-publish","hentry"],"acf":[],"yoast_head":"<!-- This site is optimized with the Yoast SEO plugin v27.3 - https:\/\/yoast.com\/product\/yoast-seo-wordpress\/ -->\n<title>\u00dcber uns - Zandvoorts Museum<\/title>\n<meta name=\"robots\" content=\"index, follow, max-snippet:-1, max-image-preview:large, max-video-preview:-1\" \/>\n<link rel=\"canonical\" href=\"https:\/\/zandvoortsmuseum.nl\/de\/ueber-uns\/\" \/>\n<meta property=\"og:locale\" content=\"de_DE\" \/>\n<meta property=\"og:type\" content=\"article\" \/>\n<meta property=\"og:title\" content=\"\u00dcber uns - Zandvoorts Museum\" \/>\n<meta property=\"og:description\" content=\"\u00dcber uns Das Zandvoorts Museum ist ein Denkmal- und Kunstmuseum. Dort tauchen Einwohner und Besucher in die Geschichte und das kulturelle Erbe vom Fischerdorf zum Touristendorf Zandvoort ein. Unsere Geschichte Das Museum pr\u00e4sentiert Ausstellungen, die immer mit der Kunst- und Kulturerbesammlung sowie den historischen und zeitgen\u00f6ssischen Geschichten verbunden sind. Die Sammlung umfasst \u00fcber 38.000 Objekte. [&hellip;]\" \/>\n<meta property=\"og:url\" content=\"https:\/\/zandvoortsmuseum.nl\/de\/ueber-uns\/\" \/>\n<meta property=\"og:site_name\" content=\"Zandvoorts Museum\" \/>\n<meta property=\"article:publisher\" content=\"https:\/\/www.facebook.com\/MuseumZandvoort\" \/>\n<meta property=\"article:modified_time\" content=\"2026-01-13T14:19:18+00:00\" \/>\n<meta property=\"og:image\" content=\"https:\/\/zandvoortsmuseum.nl\/wp-content\/uploads\/2025\/10\/Zandvoorts-Museum-The-Life-of-Memories-Bomschuit-model-staand.jpg\" \/>\n\t<meta property=\"og:image:width\" content=\"848\" \/>\n\t<meta property=\"og:image:height\" content=\"1200\" \/>\n\t<meta property=\"og:image:type\" content=\"image\/jpeg\" \/>\n<meta name=\"twitter:card\" content=\"summary_large_image\" \/>\n<meta name=\"twitter:label1\" content=\"Gesch\u00e4tzte Lesezeit\" \/>\n\t<meta name=\"twitter:data1\" content=\"1\u00a0Minute\" \/>\n<script type=\"application\/ld+json\" class=\"yoast-schema-graph\">{\"@context\":\"https:\\\/\\\/schema.org\",\"@graph\":[{\"@type\":\"WebPage\",\"@id\":\"https:\\\/\\\/zandvoortsmuseum.nl\\\/de\\\/ueber-uns\\\/\",\"url\":\"https:\\\/\\\/zandvoortsmuseum.nl\\\/de\\\/ueber-uns\\\/\",\"name\":\"\u00dcber uns - Zandvoorts Museum\",\"isPartOf\":{\"@id\":\"https:\\\/\\\/zandvoortsmuseum.nl\\\/de\\\/#website\"},\"primaryImageOfPage\":{\"@id\":\"https:\\\/\\\/zandvoortsmuseum.nl\\\/de\\\/ueber-uns\\\/#primaryimage\"},\"image\":{\"@id\":\"https:\\\/\\\/zandvoortsmuseum.nl\\\/de\\\/ueber-uns\\\/#primaryimage\"},\"thumbnailUrl\":\"https:\\\/\\\/zandvoortsmuseum.nl\\\/wp-content\\\/uploads\\\/2025\\\/10\\\/Zandvoorts-Museum-The-Life-of-Memories-Bomschuit-model-staand-724x1024.jpg\",\"datePublished\":\"2025-08-22T11:07:28+00:00\",\"dateModified\":\"2026-01-13T14:19:18+00:00\",\"breadcrumb\":{\"@id\":\"https:\\\/\\\/zandvoortsmuseum.nl\\\/de\\\/ueber-uns\\\/#breadcrumb\"},\"inLanguage\":\"de\",\"potentialAction\":[{\"@type\":\"ReadAction\",\"target\":[\"https:\\\/\\\/zandvoortsmuseum.nl\\\/de\\\/ueber-uns\\\/\"]}]},{\"@type\":\"ImageObject\",\"inLanguage\":\"de\",\"@id\":\"https:\\\/\\\/zandvoortsmuseum.nl\\\/de\\\/ueber-uns\\\/#primaryimage\",\"url\":\"https:\\\/\\\/zandvoortsmuseum.nl\\\/wp-content\\\/uploads\\\/2025\\\/10\\\/Zandvoorts-Museum-The-Life-of-Memories-Bomschuit-model-staand-724x1024.jpg\",\"contentUrl\":\"https:\\\/\\\/zandvoortsmuseum.nl\\\/wp-content\\\/uploads\\\/2025\\\/10\\\/Zandvoorts-Museum-The-Life-of-Memories-Bomschuit-model-staand-724x1024.jpg\"},{\"@type\":\"BreadcrumbList\",\"@id\":\"https:\\\/\\\/zandvoortsmuseum.nl\\\/de\\\/ueber-uns\\\/#breadcrumb\",\"itemListElement\":[{\"@type\":\"ListItem\",\"position\":1,\"name\":\"Home\",\"item\":\"https:\\\/\\\/zandvoortsmuseum.nl\\\/de\\\/\"},{\"@type\":\"ListItem\",\"position\":2,\"name\":\"\u00dcber uns\"}]},{\"@type\":\"WebSite\",\"@id\":\"https:\\\/\\\/zandvoortsmuseum.nl\\\/de\\\/#website\",\"url\":\"https:\\\/\\\/zandvoortsmuseum.nl\\\/de\\\/\",\"name\":\"Zandvoorts Museum\",\"description\":\"H\u00e9t centrum voor kunst en geschiedenis in Zandvoort.\",\"publisher\":{\"@id\":\"https:\\\/\\\/zandvoortsmuseum.nl\\\/de\\\/#organization\"},\"alternateName\":\"H\u00e9t centrum voor kunst en geschiedenis in Zandvoort\",\"potentialAction\":[{\"@type\":\"SearchAction\",\"target\":{\"@type\":\"EntryPoint\",\"urlTemplate\":\"https:\\\/\\\/zandvoortsmuseum.nl\\\/de\\\/?s={search_term_string}\"},\"query-input\":{\"@type\":\"PropertyValueSpecification\",\"valueRequired\":true,\"valueName\":\"search_term_string\"}}],\"inLanguage\":\"de\"},{\"@type\":\"Organization\",\"@id\":\"https:\\\/\\\/zandvoortsmuseum.nl\\\/de\\\/#organization\",\"name\":\"Zandvoorts Museum\",\"url\":\"https:\\\/\\\/zandvoortsmuseum.nl\\\/de\\\/\",\"logo\":{\"@type\":\"ImageObject\",\"inLanguage\":\"de\",\"@id\":\"https:\\\/\\\/zandvoortsmuseum.nl\\\/de\\\/#\\\/schema\\\/logo\\\/image\\\/\",\"url\":\"https:\\\/\\\/zandvoortsmuseum.nl\\\/wp-content\\\/uploads\\\/2025\\\/08\\\/Zandvoorts-Museum-Logo-zw-min.svg\",\"contentUrl\":\"https:\\\/\\\/zandvoortsmuseum.nl\\\/wp-content\\\/uploads\\\/2025\\\/08\\\/Zandvoorts-Museum-Logo-zw-min.svg\",\"width\":1847,\"height\":412,\"caption\":\"Zandvoorts Museum\"},\"image\":{\"@id\":\"https:\\\/\\\/zandvoortsmuseum.nl\\\/de\\\/#\\\/schema\\\/logo\\\/image\\\/\"},\"sameAs\":[\"https:\\\/\\\/www.facebook.com\\\/MuseumZandvoort\",\"https:\\\/\\\/www.instagram.com\\\/zandvoortsmuseum\\\/\"]}]}<\/script>\n<!-- \/ Yoast SEO plugin. -->","yoast_head_json":{"title":"\u00dcber uns - Zandvoorts Museum","robots":{"index":"index","follow":"follow","max-snippet":"max-snippet:-1","max-image-preview":"max-image-preview:large","max-video-preview":"max-video-preview:-1"},"canonical":"https:\/\/zandvoortsmuseum.nl\/de\/ueber-uns\/","og_locale":"de_DE","og_type":"article","og_title":"\u00dcber uns - Zandvoorts Museum","og_description":"\u00dcber uns Das Zandvoorts Museum ist ein Denkmal- und Kunstmuseum. Dort tauchen Einwohner und Besucher in die Geschichte und das kulturelle Erbe vom Fischerdorf zum Touristendorf Zandvoort ein. Unsere Geschichte Das Museum pr\u00e4sentiert Ausstellungen, die immer mit der Kunst- und Kulturerbesammlung sowie den historischen und zeitgen\u00f6ssischen Geschichten verbunden sind. Die Sammlung umfasst \u00fcber 38.000 Objekte. [&hellip;]","og_url":"https:\/\/zandvoortsmuseum.nl\/de\/ueber-uns\/","og_site_name":"Zandvoorts Museum","article_publisher":"https:\/\/www.facebook.com\/MuseumZandvoort","article_modified_time":"2026-01-13T14:19:18+00:00","og_image":[{"width":848,"height":1200,"url":"https:\/\/zandvoortsmuseum.nl\/wp-content\/uploads\/2025\/10\/Zandvoorts-Museum-The-Life-of-Memories-Bomschuit-model-staand.jpg","type":"image\/jpeg"}],"twitter_card":"summary_large_image","twitter_misc":{"Gesch\u00e4tzte Lesezeit":"1\u00a0Minute"},"schema":{"@context":"https:\/\/schema.org","@graph":[{"@type":"WebPage","@id":"https:\/\/zandvoortsmuseum.nl\/de\/ueber-uns\/","url":"https:\/\/zandvoortsmuseum.nl\/de\/ueber-uns\/","name":"\u00dcber uns - Zandvoorts Museum","isPartOf":{"@id":"https:\/\/zandvoortsmuseum.nl\/de\/#website"},"primaryImageOfPage":{"@id":"https:\/\/zandvoortsmuseum.nl\/de\/ueber-uns\/#primaryimage"},"image":{"@id":"https:\/\/zandvoortsmuseum.nl\/de\/ueber-uns\/#primaryimage"},"thumbnailUrl":"https:\/\/zandvoortsmuseum.nl\/wp-content\/uploads\/2025\/10\/Zandvoorts-Museum-The-Life-of-Memories-Bomschuit-model-staand-724x1024.jpg","datePublished":"2025-08-22T11:07:28+00:00","dateModified":"2026-01-13T14:19:18+00:00","breadcrumb":{"@id":"https:\/\/zandvoortsmuseum.nl\/de\/ueber-uns\/#breadcrumb"},"inLanguage":"de","potentialAction":[{"@type":"ReadAction","target":["https:\/\/zandvoortsmuseum.nl\/de\/ueber-uns\/"]}]},{"@type":"ImageObject","inLanguage":"de","@id":"https:\/\/zandvoortsmuseum.nl\/de\/ueber-uns\/#primaryimage","url":"https:\/\/zandvoortsmuseum.nl\/wp-content\/uploads\/2025\/10\/Zandvoorts-Museum-The-Life-of-Memories-Bomschuit-model-staand-724x1024.jpg","contentUrl":"https:\/\/zandvoortsmuseum.nl\/wp-content\/uploads\/2025\/10\/Zandvoorts-Museum-The-Life-of-Memories-Bomschuit-model-staand-724x1024.jpg"},{"@type":"BreadcrumbList","@id":"https:\/\/zandvoortsmuseum.nl\/de\/ueber-uns\/#breadcrumb","itemListElement":[{"@type":"ListItem","position":1,"name":"Home","item":"https:\/\/zandvoortsmuseum.nl\/de\/"},{"@type":"ListItem","position":2,"name":"\u00dcber uns"}]},{"@type":"WebSite","@id":"https:\/\/zandvoortsmuseum.nl\/de\/#website","url":"https:\/\/zandvoortsmuseum.nl\/de\/","name":"Zandvoorts Museum","description":"H\u00e9t centrum voor kunst en geschiedenis in Zandvoort.","publisher":{"@id":"https:\/\/zandvoortsmuseum.nl\/de\/#organization"},"alternateName":"H\u00e9t centrum voor kunst en geschiedenis in Zandvoort","potentialAction":[{"@type":"SearchAction","target":{"@type":"EntryPoint","urlTemplate":"https:\/\/zandvoortsmuseum.nl\/de\/?s={search_term_string}"},"query-input":{"@type":"PropertyValueSpecification","valueRequired":true,"valueName":"search_term_string"}}],"inLanguage":"de"},{"@type":"Organization","@id":"https:\/\/zandvoortsmuseum.nl\/de\/#organization","name":"Zandvoorts Museum","url":"https:\/\/zandvoortsmuseum.nl\/de\/","logo":{"@type":"ImageObject","inLanguage":"de","@id":"https:\/\/zandvoortsmuseum.nl\/de\/#\/schema\/logo\/image\/","url":"https:\/\/zandvoortsmuseum.nl\/wp-content\/uploads\/2025\/08\/Zandvoorts-Museum-Logo-zw-min.svg","contentUrl":"https:\/\/zandvoortsmuseum.nl\/wp-content\/uploads\/2025\/08\/Zandvoorts-Museum-Logo-zw-min.svg","width":1847,"height":412,"caption":"Zandvoorts Museum"},"image":{"@id":"https:\/\/zandvoortsmuseum.nl\/de\/#\/schema\/logo\/image\/"},"sameAs":["https:\/\/www.facebook.com\/MuseumZandvoort","https:\/\/www.instagram.com\/zandvoortsmuseum\/"]}]}},"_links":{"self":[{"href":"https:\/\/zandvoortsmuseum.nl\/de\/wp-json\/wp\/v2\/pages\/4945","targetHints":{"allow":["GET"]}}],"collection":[{"href":"https:\/\/zandvoortsmuseum.nl\/de\/wp-json\/wp\/v2\/pages"}],"about":[{"href":"https:\/\/zandvoortsmuseum.nl\/de\/wp-json\/wp\/v2\/types\/page"}],"author":[{"embeddable":true,"href":"https:\/\/zandvoortsmuseum.nl\/de\/wp-json\/wp\/v2\/users\/1"}],"replies":[{"embeddable":true,"href":"https:\/\/zandvoortsmuseum.nl\/de\/wp-json\/wp\/v2\/comments?post=4945"}],"version-history":[{"count":1,"href":"https:\/\/zandvoortsmuseum.nl\/de\/wp-json\/wp\/v2\/pages\/4945\/revisions"}],"predecessor-version":[{"id":4948,"href":"https:\/\/zandvoortsmuseum.nl\/de\/wp-json\/wp\/v2\/pages\/4945\/revisions\/4948"}],"wp:attachment":[{"href":"https:\/\/zandvoortsmuseum.nl\/de\/wp-json\/wp\/v2\/media?parent=4945"}],"curies":[{"name":"wp","href":"https:\/\/api.w.org\/{rel}","templated":true}]}}