{"id":4970,"date":"2025-08-20T12:12:47","date_gmt":"2025-08-20T10:12:47","guid":{"rendered":"https:\/\/zandvoortsmuseum.nl\/tickets-und-besuch\/"},"modified":"2026-01-13T16:20:08","modified_gmt":"2026-01-13T14:20:08","slug":"tickets-und-besuch","status":"publish","type":"page","link":"https:\/\/zandvoortsmuseum.nl\/de\/tickets-und-besuch\/","title":{"rendered":"Tickets und Besuch"},"content":{"rendered":"\t\t<div data-elementor-type=\"wp-page\" data-elementor-id=\"4970\" class=\"elementor elementor-4970 elementor-559\" data-elementor-post-type=\"page\">\n\t\t\t\t<div class=\"elementor-element elementor-element-1d9421ed e-con-full e-flex e-con e-parent\" data-id=\"1d9421ed\" data-element_type=\"container\" data-e-type=\"container\" data-settings=\"{&quot;background_background&quot;:&quot;classic&quot;}\">\n\t\t<div class=\"elementor-element elementor-element-a6ecbdc e-flex e-con-boxed e-con e-child\" data-id=\"a6ecbdc\" data-element_type=\"container\" data-e-type=\"container\">\n\t\t\t\t\t<div class=\"e-con-inner\">\n\t\t<div class=\"elementor-element elementor-element-6d1f790a e-con-full e-flex e-con e-child\" data-id=\"6d1f790a\" data-element_type=\"container\" data-e-type=\"container\">\n\t\t\t\t<div class=\"elementor-element elementor-element-6174c3f3 kop-diap elementor-widget elementor-widget-heading\" data-id=\"6174c3f3\" data-element_type=\"widget\" data-e-type=\"widget\" data-widget_type=\"heading.default\">\n\t\t\t\t\t<h1 class=\"elementor-heading-title elementor-size-default\">Tickets &amp; Besuch<\/h1>\t\t\t\t<\/div>\n\t\t\t\t<div class=\"elementor-element elementor-element-15b51eb2 tekst-diap elementor-widget elementor-widget-text-editor\" data-id=\"15b51eb2\" data-element_type=\"widget\" data-e-type=\"widget\" data-widget_type=\"text-editor.default\">\n\t\t\t\t\t\t\t\t\t<p>Hier finden Sie alle praktischen Informationen \u00fcber das Museum, wie z. B. die \u00d6ffnungszeiten, Preise und Anfahrtsbeschreibung.&nbsp;  Sehen Sie sich die Speisekarte des Museumscaf\u00e9s an. Das Zandvoorts Museum hat auch einen Museumsshop. Das Forum kann f\u00fcr Kongresse, Tagungen und Vortr\u00e4ge gemietet werden. Oder melden Sie sich f\u00fcr eine unserer F\u00fchrungen an.   <\/p>\t\t\t\t\t\t\t\t<\/div>\n\t\t\t\t<div class=\"elementor-element elementor-element-ac44392 elementor-widget elementor-widget-button\" data-id=\"ac44392\" data-element_type=\"widget\" data-e-type=\"widget\" data-widget_type=\"button.default\">\n\t\t\t\t\t\t\t\t\t\t<a class=\"elementor-button elementor-button-link elementor-size-sm\" href=\"https:\/\/zandvoortsmuseum.nl\/de\/anmelden\/\">\n\t\t\t\t\t\t<span class=\"elementor-button-content-wrapper\">\n\t\t\t\t\t\t<span class=\"elementor-button-icon\">\n\t\t\t\t<svg aria-hidden=\"true\" class=\"e-font-icon-svg e-fas-chevron-right\" viewBox=\"0 0 320 512\" xmlns=\"http:\/\/www.w3.org\/2000\/svg\"><path d=\"M285.476 272.971L91.132 467.314c-9.373 9.373-24.569 9.373-33.941 0l-22.667-22.667c-9.357-9.357-9.375-24.522-.04-33.901L188.505 256 34.484 101.255c-9.335-9.379-9.317-24.544.04-33.901l22.667-22.667c9.373-9.373 24.569-9.373 33.941 0L285.475 239.03c9.373 9.372 9.373 24.568.001 33.941z\"><\/path><\/svg>\t\t\t<\/span>\n\t\t\t\t\t\t\t\t\t<span class=\"elementor-button-text\">Anmelden<\/span>\n\t\t\t\t\t<\/span>\n\t\t\t\t\t<\/a>\n\t\t\t\t\t\t\t\t<\/div>\n\t\t\t\t<\/div>\n\t\t<div class=\"elementor-element elementor-element-3d56c753 e-con-full e-flex e-con e-child\" data-id=\"3d56c753\" data-element_type=\"container\" data-e-type=\"container\" data-settings=\"{&quot;background_background&quot;:&quot;classic&quot;}\">\n\t\t\t\t<div class=\"elementor-element elementor-element-51549b8 elementor-widget elementor-widget-spacer\" data-id=\"51549b8\" data-element_type=\"widget\" data-e-type=\"widget\" data-widget_type=\"spacer.default\">\n\t\t\t\t\t\t\t<div class=\"elementor-spacer\">\n\t\t\t<div class=\"elementor-spacer-inner\"><\/div>\n\t\t<\/div>\n\t\t\t\t\t\t<\/div>\n\t\t\t\t<\/div>\n\t\t\t\t\t<\/div>\n\t\t\t\t<\/div>\n\t\t\t\t<\/div>\n\t\t<div class=\"elementor-element elementor-element-a75ba10 e-con-full e-flex e-con e-parent\" data-id=\"a75ba10\" data-element_type=\"container\" data-e-type=\"container\" data-settings=\"{&quot;background_background&quot;:&quot;classic&quot;}\">\n\t\t<div class=\"elementor-element elementor-element-a7722b5 e-flex e-con-boxed e-con e-child\" data-id=\"a7722b5\" data-element_type=\"container\" data-e-type=\"container\">\n\t\t\t\t\t<div class=\"e-con-inner\">\n\t\t<div class=\"elementor-element elementor-element-c821559 e-con-full e-flex e-con e-child\" data-id=\"c821559\" data-element_type=\"container\" data-e-type=\"container\">\n\t\t\t\t<div class=\"elementor-element elementor-element-25a6469 kop-diap elementor-widget elementor-widget-heading\" data-id=\"25a6469\" data-element_type=\"widget\" data-e-type=\"widget\" data-widget_type=\"heading.default\">\n\t\t\t\t\t<h1 class=\"elementor-heading-title elementor-size-default\">Preise<\/h1>\t\t\t\t<\/div>\n\t\t\t\t<div class=\"elementor-element elementor-element-9fdb4ee tekst-diap elementor-widget elementor-widget-text-editor\" data-id=\"9fdb4ee\" data-element_type=\"widget\" data-e-type=\"widget\" data-widget_type=\"text-editor.default\">\n\t\t\t\t\t\t\t\t\t<table class=\"has-theme-palette-9-color has-text-color has-background has-fixed-layout\"><tbody><tr><td class=\"has-text-align-left\" data-align=\"left\">Erwachsene (ab 18 Jahren)<\/td><td>11,50 \u20ac<\/td><\/tr><tr><td class=\"has-text-align-left\" data-align=\"left\">Jugendliche bis 17 Jahre<\/td><td>Kostenlos<\/td><\/tr><tr><td class=\"has-text-align-left\" data-align=\"left\">CJP<\/td><td>Kostenlos<\/td><\/tr><tr><td class=\"has-text-align-left\" data-align=\"left\">Museumskarte<\/td><td>Kostenlos<\/td><\/tr><tr><td class=\"has-text-align-left\" data-align=\"left\">Rembrandtkarte Ver. Rembrandt<\/td><td>Kostenlos<\/td><\/tr><tr><td class=\"has-text-align-left\" data-align=\"left\">Zandvoort Pass<\/td><td>Kostenlos<\/td><\/tr><tr><td class=\"has-text-align-left\" data-align=\"left\">Freund des Zandvoorts Museums<\/td><td>Kostenlos<\/td><\/tr><tr><td class=\"has-text-align-left\" data-align=\"left\">Haarlem Pass<\/td><td>Kostenlos<\/td><\/tr><tr><td class=\"has-text-align-left\" data-align=\"left\">Stadspas<\/td><td>Kostenlos<\/td><\/tr><tr><td class=\"has-text-align-left\" data-align=\"left\">ICOM<\/td><td>Kostenlos<\/td><\/tr><tr><td class=\"has-text-align-left\" data-align=\"left\">Einf\u00fchrungsf\u00fchrung<\/td><td>Kostenlos<\/td><\/tr><tr><td class=\"has-text-align-left\" data-align=\"left\">F\u00fchrungen nach Vereinbarung<\/td><td>5,50 \u20ac p.P. (exklusive Museumseintritt)<\/td><\/tr><tr><td class=\"has-text-align-left\" data-align=\"left\">Workshop Kinder<\/td><td>5,00 \u20ac p.P.<\/td><\/tr><tr><td class=\"has-text-align-left\" data-align=\"left\">Schnitzeljagd \/ Familienroute<\/td><td>Kostenlos<\/td><\/tr><tr><td class=\"has-text-align-left\" data-align=\"left\">Wanderung Entdecken Sie Zandvoort<\/td><td>10,00 \u20ac<\/td><\/tr><tr><td class=\"has-text-align-left\" data-align=\"left\">Bunkerwanderung<\/td><td>10,00 \u20ac<\/td><\/tr><tr><td class=\"has-text-align-left\" data-align=\"left\">Lesungen<\/td><td>10,00 \u20ac<\/td><\/tr><\/tbody><\/table><p class=\"p1\">F\u00fcr weitere Informationen und Buchungen <a href=\"mailto:info@zandvoortsmuseum.nl\"><span class=\"s1\">info@zandvoortsmuseum.nl<\/span><\/a><\/p><h3 class=\"p3\">\u00d6ffnungszeiten<\/h3><p class=\"p1\">Dienstag bis Sonntag von 10:00 bis 17:00 Uhr ge\u00f6ffnet.<\/p><p class=\"p1\">Geschlossen am Neujahrstag, Ostersonntag, K\u00f6nigstag, Befreiungstag, 1. Weihnachtstag<\/p>\t\t\t\t\t\t\t\t<\/div>\n\t\t\t\t<\/div>\n\t\t\t\t\t<\/div>\n\t\t\t\t<\/div>\n\t\t\t\t<\/div>\n\t\t<div class=\"elementor-element elementor-element-c9b60dd e-con-full e-flex e-con e-parent\" data-id=\"c9b60dd\" data-element_type=\"container\" data-e-type=\"container\" data-settings=\"{&quot;background_background&quot;:&quot;classic&quot;}\">\n\t\t<div class=\"elementor-element elementor-element-2fc75c2 e-flex e-con-boxed e-con e-child\" data-id=\"2fc75c2\" data-element_type=\"container\" data-e-type=\"container\">\n\t\t\t\t\t<div class=\"e-con-inner\">\n\t\t<div class=\"elementor-element elementor-element-606d8efc e-con-full e-flex e-con e-child\" data-id=\"606d8efc\" data-element_type=\"container\" data-e-type=\"container\">\n\t\t\t\t<div class=\"elementor-element elementor-element-196db9a kop-diap elementor-widget elementor-widget-heading\" data-id=\"196db9a\" data-element_type=\"widget\" data-e-type=\"widget\" data-widget_type=\"heading.default\">\n\t\t\t\t\t<h2 class=\"elementor-heading-title elementor-size-default\">F\u00fchrungen<\/h2>\t\t\t\t<\/div>\n\t\t\t\t<div class=\"elementor-element elementor-element-5ac33ba5 tekst-diap elementor-widget elementor-widget-text-editor\" data-id=\"5ac33ba5\" data-element_type=\"widget\" data-e-type=\"widget\" data-widget_type=\"text-editor.default\">\n\t\t\t\t\t\t\t\t\t<p>Unser Museum ist f\u00fcr Menschen mit Behinderungen zug\u00e4nglich und wir verf\u00fcgen \u00fcber verschiedene Einrichtungen, um Ihren Besuch so angenehm wie m\u00f6glich zu gestalten. Besuchen Sie uns und erleben Sie die einzigartige Atmosph\u00e4re unseres Museums! <\/p>\t\t\t\t\t\t\t\t<\/div>\n\t\t\t\t<div class=\"elementor-element elementor-element-08c6a83 elementor-widget elementor-widget-button\" data-id=\"08c6a83\" data-element_type=\"widget\" data-e-type=\"widget\" data-widget_type=\"button.default\">\n\t\t\t\t\t\t\t\t\t\t<a class=\"elementor-button elementor-button-link elementor-size-sm\" href=\"https:\/\/zandvoortsmuseum.nl\/de\/anmelden\/\">\n\t\t\t\t\t\t<span class=\"elementor-button-content-wrapper\">\n\t\t\t\t\t\t<span class=\"elementor-button-icon\">\n\t\t\t\t<svg aria-hidden=\"true\" class=\"e-font-icon-svg e-fas-chevron-right\" viewBox=\"0 0 320 512\" xmlns=\"http:\/\/www.w3.org\/2000\/svg\"><path d=\"M285.476 272.971L91.132 467.314c-9.373 9.373-24.569 9.373-33.941 0l-22.667-22.667c-9.357-9.357-9.375-24.522-.04-33.901L188.505 256 34.484 101.255c-9.335-9.379-9.317-24.544.04-33.901l22.667-22.667c9.373-9.373 24.569-9.373 33.941 0L285.475 239.03c9.373 9.372 9.373 24.568.001 33.941z\"><\/path><\/svg>\t\t\t<\/span>\n\t\t\t\t\t\t\t\t\t<span class=\"elementor-button-text\">Anmeldung F\u00fchrung<\/span>\n\t\t\t\t\t<\/span>\n\t\t\t\t\t<\/a>\n\t\t\t\t\t\t\t\t<\/div>\n\t\t\t\t<\/div>\n\t\t<div class=\"elementor-element elementor-element-488e5fb e-con-full e-flex e-con e-child\" data-id=\"488e5fb\" data-element_type=\"container\" data-e-type=\"container\" data-settings=\"{&quot;background_background&quot;:&quot;classic&quot;}\">\n\t\t\t\t<div class=\"elementor-element elementor-element-2df4420c elementor-widget elementor-widget-image\" data-id=\"2df4420c\" data-element_type=\"widget\" data-e-type=\"widget\" data-widget_type=\"image.default\">\n\t\t\t\t\t\t\t\t\t\t\t\t\t\t\t<img fetchpriority=\"high\" decoding=\"async\" width=\"800\" height=\"534\" src=\"https:\/\/zandvoortsmuseum.nl\/wp-content\/uploads\/2025\/09\/Zandvoorts-Museum-Open-Dag-2025-1913-1024x683.jpg\" class=\"attachment-large size-large wp-image-4502\" alt=\"Zandvoorts Museum Tag der offenen T\u00fcr 2025\" srcset=\"https:\/\/zandvoortsmuseum.nl\/wp-content\/uploads\/2025\/09\/Zandvoorts-Museum-Open-Dag-2025-1913-1024x683.jpg 1024w, https:\/\/zandvoortsmuseum.nl\/wp-content\/uploads\/2025\/09\/Zandvoorts-Museum-Open-Dag-2025-1913-300x200.jpg 300w, https:\/\/zandvoortsmuseum.nl\/wp-content\/uploads\/2025\/09\/Zandvoorts-Museum-Open-Dag-2025-1913-768x512.jpg 768w, https:\/\/zandvoortsmuseum.nl\/wp-content\/uploads\/2025\/09\/Zandvoorts-Museum-Open-Dag-2025-1913.jpg 1200w\" sizes=\"(max-width: 800px) 100vw, 800px\" \/>\t\t\t\t\t\t\t\t\t\t\t\t\t\t\t<\/div>\n\t\t\t\t<\/div>\n\t\t\t\t\t<\/div>\n\t\t\t\t<\/div>\n\t\t\t\t<\/div>\n\t\t<div class=\"elementor-element elementor-element-65cd854f e-con-full e-flex e-con e-parent\" data-id=\"65cd854f\" data-element_type=\"container\" data-e-type=\"container\" data-settings=\"{&quot;background_background&quot;:&quot;classic&quot;}\">\n\t\t<div class=\"elementor-element elementor-element-782642a0 e-con-full e-flex e-con e-child\" data-id=\"782642a0\" data-element_type=\"container\" data-e-type=\"container\">\n\t\t<div class=\"elementor-element elementor-element-59d80298 e-con-full e-flex e-con e-child\" data-id=\"59d80298\" data-element_type=\"container\" data-e-type=\"container\">\n\t\t\t\t<div class=\"elementor-element elementor-element-2eaabf13 kop-diap elementor-widget elementor-widget-heading\" data-id=\"2eaabf13\" data-element_type=\"widget\" data-e-type=\"widget\" data-widget_type=\"heading.default\">\n\t\t\t\t\t<h2 class=\"elementor-heading-title elementor-size-default\">Spenden<\/h2>\t\t\t\t<\/div>\n\t\t\t\t<div class=\"elementor-element elementor-element-6079e2e9 tekst-diap elementor-widget elementor-widget-text-editor\" data-id=\"6079e2e9\" data-element_type=\"widget\" data-e-type=\"widget\" data-widget_type=\"text-editor.default\">\n\t\t\t\t\t\t\t\t\t<p>Liegt Ihnen das Zandvoorts Museum am Herzen? Unterst\u00fctzen Sie uns und spenden Sie. <\/p>\t\t\t\t\t\t\t\t<\/div>\n\t\t\t\t<div class=\"elementor-element elementor-element-1f0633b elementor-widget elementor-widget-button\" data-id=\"1f0633b\" data-element_type=\"widget\" data-e-type=\"widget\" data-widget_type=\"button.default\">\n\t\t\t\t\t\t\t\t\t\t<a class=\"elementor-button elementor-button-link elementor-size-sm\" href=\"https:\/\/zandvoortsmuseum.nl\/de\/spenden\/\">\n\t\t\t\t\t\t<span class=\"elementor-button-content-wrapper\">\n\t\t\t\t\t\t<span class=\"elementor-button-icon\">\n\t\t\t\t<svg aria-hidden=\"true\" class=\"e-font-icon-svg e-fas-chevron-right\" viewBox=\"0 0 320 512\" xmlns=\"http:\/\/www.w3.org\/2000\/svg\"><path d=\"M285.476 272.971L91.132 467.314c-9.373 9.373-24.569 9.373-33.941 0l-22.667-22.667c-9.357-9.357-9.375-24.522-.04-33.901L188.505 256 34.484 101.255c-9.335-9.379-9.317-24.544.04-33.901l22.667-22.667c9.373-9.373 24.569-9.373 33.941 0L285.475 239.03c9.373 9.372 9.373 24.568.001 33.941z\"><\/path><\/svg>\t\t\t<\/span>\n\t\t\t\t\t\t\t\t\t<span class=\"elementor-button-text\">Spenden<\/span>\n\t\t\t\t\t<\/span>\n\t\t\t\t\t<\/a>\n\t\t\t\t\t\t\t\t<\/div>\n\t\t\t\t<\/div>\n\t\t<div class=\"elementor-element elementor-element-4edd84bc e-con-full e-flex e-con e-child\" data-id=\"4edd84bc\" data-element_type=\"container\" data-e-type=\"container\" data-settings=\"{&quot;background_background&quot;:&quot;classic&quot;}\">\n\t\t\t\t<div class=\"elementor-element elementor-element-33e7104a elementor-widget elementor-widget-spacer\" data-id=\"33e7104a\" data-element_type=\"widget\" data-e-type=\"widget\" data-widget_type=\"spacer.default\">\n\t\t\t\t\t\t\t<div class=\"elementor-spacer\">\n\t\t\t<div class=\"elementor-spacer-inner\"><\/div>\n\t\t<\/div>\n\t\t\t\t\t\t<\/div>\n\t\t\t\t<\/div>\n\t\t\t\t<\/div>\n\t\t\t\t<\/div>\n\t\t\t\t<\/div>\n\t\t","protected":false},"excerpt":{"rendered":"<p>Tickets &amp; Besuch Hier finden Sie alle praktischen Informationen \u00fcber das Museum, wie z. B. die \u00d6ffnungszeiten, Preise und Anfahrtsbeschreibung.&nbsp; Sehen Sie sich die Speisekarte des Museumscaf\u00e9s an. Das Zandvoorts Museum hat auch einen Museumsshop. Das Forum kann f\u00fcr Kongresse, Tagungen und Vortr\u00e4ge gemietet werden. Oder melden Sie sich f\u00fcr eine unserer F\u00fchrungen an. Anmelden [&hellip;]<\/p>\n","protected":false},"author":1,"featured_media":0,"parent":0,"menu_order":0,"comment_status":"closed","ping_status":"closed","template":"","meta":{"_acf_changed":false,"inline_featured_image":false,"footnotes":""},"class_list":["post-4970","page","type-page","status-publish","hentry"],"acf":[],"yoast_head":"<!-- This site is optimized with the Yoast SEO plugin v27.3 - https:\/\/yoast.com\/product\/yoast-seo-wordpress\/ -->\n<title>Tickets und Besuch - Zandvoorts Museum<\/title>\n<meta name=\"robots\" content=\"index, follow, max-snippet:-1, max-image-preview:large, max-video-preview:-1\" \/>\n<link rel=\"canonical\" href=\"https:\/\/zandvoortsmuseum.nl\/de\/tickets-und-besuch\/\" \/>\n<meta property=\"og:locale\" content=\"de_DE\" \/>\n<meta property=\"og:type\" content=\"article\" \/>\n<meta property=\"og:title\" content=\"Tickets und Besuch - Zandvoorts Museum\" \/>\n<meta property=\"og:description\" content=\"Tickets &amp; Besuch Hier finden Sie alle praktischen Informationen \u00fcber das Museum, wie z. B. die \u00d6ffnungszeiten, Preise und Anfahrtsbeschreibung.&nbsp; Sehen Sie sich die Speisekarte des Museumscaf\u00e9s an. Das Zandvoorts Museum hat auch einen Museumsshop. Das Forum kann f\u00fcr Kongresse, Tagungen und Vortr\u00e4ge gemietet werden. Oder melden Sie sich f\u00fcr eine unserer F\u00fchrungen an. Anmelden [&hellip;]\" \/>\n<meta property=\"og:url\" content=\"https:\/\/zandvoortsmuseum.nl\/de\/tickets-und-besuch\/\" \/>\n<meta property=\"og:site_name\" content=\"Zandvoorts Museum\" \/>\n<meta property=\"article:publisher\" content=\"https:\/\/www.facebook.com\/MuseumZandvoort\" \/>\n<meta property=\"article:modified_time\" content=\"2026-01-13T14:20:08+00:00\" \/>\n<meta property=\"og:image\" content=\"https:\/\/zandvoortsmuseum.nl\/wp-content\/uploads\/2025\/09\/Zandvoorts-Museum-Open-Dag-2025-1913.jpg\" \/>\n\t<meta property=\"og:image:width\" content=\"1200\" \/>\n\t<meta property=\"og:image:height\" content=\"800\" \/>\n\t<meta property=\"og:image:type\" content=\"image\/jpeg\" \/>\n<meta name=\"twitter:card\" content=\"summary_large_image\" \/>\n<meta name=\"twitter:label1\" content=\"Gesch\u00e4tzte Lesezeit\" \/>\n\t<meta name=\"twitter:data1\" content=\"1\u00a0Minute\" \/>\n<script type=\"application\/ld+json\" class=\"yoast-schema-graph\">{\"@context\":\"https:\\\/\\\/schema.org\",\"@graph\":[{\"@type\":\"WebPage\",\"@id\":\"https:\\\/\\\/zandvoortsmuseum.nl\\\/de\\\/tickets-und-besuch\\\/\",\"url\":\"https:\\\/\\\/zandvoortsmuseum.nl\\\/de\\\/tickets-und-besuch\\\/\",\"name\":\"Tickets und Besuch - Zandvoorts Museum\",\"isPartOf\":{\"@id\":\"https:\\\/\\\/zandvoortsmuseum.nl\\\/de\\\/#website\"},\"primaryImageOfPage\":{\"@id\":\"https:\\\/\\\/zandvoortsmuseum.nl\\\/de\\\/tickets-und-besuch\\\/#primaryimage\"},\"image\":{\"@id\":\"https:\\\/\\\/zandvoortsmuseum.nl\\\/de\\\/tickets-und-besuch\\\/#primaryimage\"},\"thumbnailUrl\":\"https:\\\/\\\/zandvoortsmuseum.nl\\\/wp-content\\\/uploads\\\/2025\\\/09\\\/Zandvoorts-Museum-Open-Dag-2025-1913-1024x683.jpg\",\"datePublished\":\"2025-08-20T10:12:47+00:00\",\"dateModified\":\"2026-01-13T14:20:08+00:00\",\"breadcrumb\":{\"@id\":\"https:\\\/\\\/zandvoortsmuseum.nl\\\/de\\\/tickets-und-besuch\\\/#breadcrumb\"},\"inLanguage\":\"de\",\"potentialAction\":[{\"@type\":\"ReadAction\",\"target\":[\"https:\\\/\\\/zandvoortsmuseum.nl\\\/de\\\/tickets-und-besuch\\\/\"]}]},{\"@type\":\"ImageObject\",\"inLanguage\":\"de\",\"@id\":\"https:\\\/\\\/zandvoortsmuseum.nl\\\/de\\\/tickets-und-besuch\\\/#primaryimage\",\"url\":\"https:\\\/\\\/zandvoortsmuseum.nl\\\/wp-content\\\/uploads\\\/2025\\\/09\\\/Zandvoorts-Museum-Open-Dag-2025-1913-1024x683.jpg\",\"contentUrl\":\"https:\\\/\\\/zandvoortsmuseum.nl\\\/wp-content\\\/uploads\\\/2025\\\/09\\\/Zandvoorts-Museum-Open-Dag-2025-1913-1024x683.jpg\"},{\"@type\":\"BreadcrumbList\",\"@id\":\"https:\\\/\\\/zandvoortsmuseum.nl\\\/de\\\/tickets-und-besuch\\\/#breadcrumb\",\"itemListElement\":[{\"@type\":\"ListItem\",\"position\":1,\"name\":\"Home\",\"item\":\"https:\\\/\\\/zandvoortsmuseum.nl\\\/de\\\/\"},{\"@type\":\"ListItem\",\"position\":2,\"name\":\"Tickets und Besuch\"}]},{\"@type\":\"WebSite\",\"@id\":\"https:\\\/\\\/zandvoortsmuseum.nl\\\/de\\\/#website\",\"url\":\"https:\\\/\\\/zandvoortsmuseum.nl\\\/de\\\/\",\"name\":\"Zandvoorts Museum\",\"description\":\"H\u00e9t centrum voor kunst en geschiedenis in Zandvoort.\",\"publisher\":{\"@id\":\"https:\\\/\\\/zandvoortsmuseum.nl\\\/de\\\/#organization\"},\"alternateName\":\"H\u00e9t centrum voor kunst en geschiedenis in Zandvoort\",\"potentialAction\":[{\"@type\":\"SearchAction\",\"target\":{\"@type\":\"EntryPoint\",\"urlTemplate\":\"https:\\\/\\\/zandvoortsmuseum.nl\\\/de\\\/?s={search_term_string}\"},\"query-input\":{\"@type\":\"PropertyValueSpecification\",\"valueRequired\":true,\"valueName\":\"search_term_string\"}}],\"inLanguage\":\"de\"},{\"@type\":\"Organization\",\"@id\":\"https:\\\/\\\/zandvoortsmuseum.nl\\\/de\\\/#organization\",\"name\":\"Zandvoorts Museum\",\"url\":\"https:\\\/\\\/zandvoortsmuseum.nl\\\/de\\\/\",\"logo\":{\"@type\":\"ImageObject\",\"inLanguage\":\"de\",\"@id\":\"https:\\\/\\\/zandvoortsmuseum.nl\\\/de\\\/#\\\/schema\\\/logo\\\/image\\\/\",\"url\":\"https:\\\/\\\/zandvoortsmuseum.nl\\\/wp-content\\\/uploads\\\/2025\\\/08\\\/Zandvoorts-Museum-Logo-zw-min.svg\",\"contentUrl\":\"https:\\\/\\\/zandvoortsmuseum.nl\\\/wp-content\\\/uploads\\\/2025\\\/08\\\/Zandvoorts-Museum-Logo-zw-min.svg\",\"width\":1847,\"height\":412,\"caption\":\"Zandvoorts Museum\"},\"image\":{\"@id\":\"https:\\\/\\\/zandvoortsmuseum.nl\\\/de\\\/#\\\/schema\\\/logo\\\/image\\\/\"},\"sameAs\":[\"https:\\\/\\\/www.facebook.com\\\/MuseumZandvoort\",\"https:\\\/\\\/www.instagram.com\\\/zandvoortsmuseum\\\/\"]}]}<\/script>\n<!-- \/ Yoast SEO plugin. -->","yoast_head_json":{"title":"Tickets und Besuch - Zandvoorts Museum","robots":{"index":"index","follow":"follow","max-snippet":"max-snippet:-1","max-image-preview":"max-image-preview:large","max-video-preview":"max-video-preview:-1"},"canonical":"https:\/\/zandvoortsmuseum.nl\/de\/tickets-und-besuch\/","og_locale":"de_DE","og_type":"article","og_title":"Tickets und Besuch - Zandvoorts Museum","og_description":"Tickets &amp; Besuch Hier finden Sie alle praktischen Informationen \u00fcber das Museum, wie z. B. die \u00d6ffnungszeiten, Preise und Anfahrtsbeschreibung.&nbsp; Sehen Sie sich die Speisekarte des Museumscaf\u00e9s an. Das Zandvoorts Museum hat auch einen Museumsshop. Das Forum kann f\u00fcr Kongresse, Tagungen und Vortr\u00e4ge gemietet werden. Oder melden Sie sich f\u00fcr eine unserer F\u00fchrungen an. Anmelden [&hellip;]","og_url":"https:\/\/zandvoortsmuseum.nl\/de\/tickets-und-besuch\/","og_site_name":"Zandvoorts Museum","article_publisher":"https:\/\/www.facebook.com\/MuseumZandvoort","article_modified_time":"2026-01-13T14:20:08+00:00","og_image":[{"width":1200,"height":800,"url":"https:\/\/zandvoortsmuseum.nl\/wp-content\/uploads\/2025\/09\/Zandvoorts-Museum-Open-Dag-2025-1913.jpg","type":"image\/jpeg"}],"twitter_card":"summary_large_image","twitter_misc":{"Gesch\u00e4tzte Lesezeit":"1\u00a0Minute"},"schema":{"@context":"https:\/\/schema.org","@graph":[{"@type":"WebPage","@id":"https:\/\/zandvoortsmuseum.nl\/de\/tickets-und-besuch\/","url":"https:\/\/zandvoortsmuseum.nl\/de\/tickets-und-besuch\/","name":"Tickets und Besuch - Zandvoorts Museum","isPartOf":{"@id":"https:\/\/zandvoortsmuseum.nl\/de\/#website"},"primaryImageOfPage":{"@id":"https:\/\/zandvoortsmuseum.nl\/de\/tickets-und-besuch\/#primaryimage"},"image":{"@id":"https:\/\/zandvoortsmuseum.nl\/de\/tickets-und-besuch\/#primaryimage"},"thumbnailUrl":"https:\/\/zandvoortsmuseum.nl\/wp-content\/uploads\/2025\/09\/Zandvoorts-Museum-Open-Dag-2025-1913-1024x683.jpg","datePublished":"2025-08-20T10:12:47+00:00","dateModified":"2026-01-13T14:20:08+00:00","breadcrumb":{"@id":"https:\/\/zandvoortsmuseum.nl\/de\/tickets-und-besuch\/#breadcrumb"},"inLanguage":"de","potentialAction":[{"@type":"ReadAction","target":["https:\/\/zandvoortsmuseum.nl\/de\/tickets-und-besuch\/"]}]},{"@type":"ImageObject","inLanguage":"de","@id":"https:\/\/zandvoortsmuseum.nl\/de\/tickets-und-besuch\/#primaryimage","url":"https:\/\/zandvoortsmuseum.nl\/wp-content\/uploads\/2025\/09\/Zandvoorts-Museum-Open-Dag-2025-1913-1024x683.jpg","contentUrl":"https:\/\/zandvoortsmuseum.nl\/wp-content\/uploads\/2025\/09\/Zandvoorts-Museum-Open-Dag-2025-1913-1024x683.jpg"},{"@type":"BreadcrumbList","@id":"https:\/\/zandvoortsmuseum.nl\/de\/tickets-und-besuch\/#breadcrumb","itemListElement":[{"@type":"ListItem","position":1,"name":"Home","item":"https:\/\/zandvoortsmuseum.nl\/de\/"},{"@type":"ListItem","position":2,"name":"Tickets und Besuch"}]},{"@type":"WebSite","@id":"https:\/\/zandvoortsmuseum.nl\/de\/#website","url":"https:\/\/zandvoortsmuseum.nl\/de\/","name":"Zandvoorts Museum","description":"H\u00e9t centrum voor kunst en geschiedenis in Zandvoort.","publisher":{"@id":"https:\/\/zandvoortsmuseum.nl\/de\/#organization"},"alternateName":"H\u00e9t centrum voor kunst en geschiedenis in Zandvoort","potentialAction":[{"@type":"SearchAction","target":{"@type":"EntryPoint","urlTemplate":"https:\/\/zandvoortsmuseum.nl\/de\/?s={search_term_string}"},"query-input":{"@type":"PropertyValueSpecification","valueRequired":true,"valueName":"search_term_string"}}],"inLanguage":"de"},{"@type":"Organization","@id":"https:\/\/zandvoortsmuseum.nl\/de\/#organization","name":"Zandvoorts Museum","url":"https:\/\/zandvoortsmuseum.nl\/de\/","logo":{"@type":"ImageObject","inLanguage":"de","@id":"https:\/\/zandvoortsmuseum.nl\/de\/#\/schema\/logo\/image\/","url":"https:\/\/zandvoortsmuseum.nl\/wp-content\/uploads\/2025\/08\/Zandvoorts-Museum-Logo-zw-min.svg","contentUrl":"https:\/\/zandvoortsmuseum.nl\/wp-content\/uploads\/2025\/08\/Zandvoorts-Museum-Logo-zw-min.svg","width":1847,"height":412,"caption":"Zandvoorts Museum"},"image":{"@id":"https:\/\/zandvoortsmuseum.nl\/de\/#\/schema\/logo\/image\/"},"sameAs":["https:\/\/www.facebook.com\/MuseumZandvoort","https:\/\/www.instagram.com\/zandvoortsmuseum\/"]}]}},"_links":{"self":[{"href":"https:\/\/zandvoortsmuseum.nl\/de\/wp-json\/wp\/v2\/pages\/4970","targetHints":{"allow":["GET"]}}],"collection":[{"href":"https:\/\/zandvoortsmuseum.nl\/de\/wp-json\/wp\/v2\/pages"}],"about":[{"href":"https:\/\/zandvoortsmuseum.nl\/de\/wp-json\/wp\/v2\/types\/page"}],"author":[{"embeddable":true,"href":"https:\/\/zandvoortsmuseum.nl\/de\/wp-json\/wp\/v2\/users\/1"}],"replies":[{"embeddable":true,"href":"https:\/\/zandvoortsmuseum.nl\/de\/wp-json\/wp\/v2\/comments?post=4970"}],"version-history":[{"count":2,"href":"https:\/\/zandvoortsmuseum.nl\/de\/wp-json\/wp\/v2\/pages\/4970\/revisions"}],"predecessor-version":[{"id":4998,"href":"https:\/\/zandvoortsmuseum.nl\/de\/wp-json\/wp\/v2\/pages\/4970\/revisions\/4998"}],"wp:attachment":[{"href":"https:\/\/zandvoortsmuseum.nl\/de\/wp-json\/wp\/v2\/media?parent=4970"}],"curies":[{"name":"wp","href":"https:\/\/api.w.org\/{rel}","templated":true}]}}