{"id":4990,"date":"2025-08-24T19:48:09","date_gmt":"2025-08-24T17:48:09","guid":{"rendered":"https:\/\/zandvoortsmuseum.nl\/anmelden\/"},"modified":"2026-01-13T16:20:05","modified_gmt":"2026-01-13T14:20:05","slug":"anmelden","status":"publish","type":"page","link":"https:\/\/zandvoortsmuseum.nl\/de\/anmelden\/","title":{"rendered":"Anmelden"},"content":{"rendered":"\t\t<div data-elementor-type=\"wp-page\" data-elementor-id=\"4990\" class=\"elementor elementor-4990 elementor-1023\" data-elementor-post-type=\"page\">\n\t\t\t\t<div class=\"elementor-element elementor-element-2465413d e-con-full e-flex e-con e-parent\" data-id=\"2465413d\" data-element_type=\"container\" data-e-type=\"container\" data-settings=\"{&quot;background_background&quot;:&quot;classic&quot;}\">\n\t\t<div class=\"elementor-element elementor-element-2da88fdb e-flex e-con-boxed e-con e-child\" data-id=\"2da88fdb\" data-element_type=\"container\" data-e-type=\"container\">\n\t\t\t\t\t<div class=\"e-con-inner\">\n\t\t<div class=\"elementor-element elementor-element-368c9753 e-con-full e-flex e-con e-child\" data-id=\"368c9753\" data-element_type=\"container\" data-e-type=\"container\">\n\t\t\t\t<div class=\"elementor-element elementor-element-1223db03 kop-diap elementor-widget elementor-widget-heading\" data-id=\"1223db03\" data-element_type=\"widget\" data-e-type=\"widget\" data-widget_type=\"heading.default\">\n\t\t\t\t\t<h1 class=\"elementor-heading-title elementor-size-default\">Tickets<\/h1>\t\t\t\t<\/div>\n\t\t\t\t<div class=\"elementor-element elementor-element-25bd030e tekst-diap elementor-widget elementor-widget-text-editor\" data-id=\"25bd030e\" data-element_type=\"widget\" data-e-type=\"widget\" data-widget_type=\"text-editor.default\">\n\t\t\t\t\t\t\t\t\t<p>Das Zandvoorts Museum organisiert verschiedene Aktivit\u00e4ten wie Lesungen, Workshops, F\u00fchrungen und Wanderungen. Diese k\u00f6nnen online unter <a href=\"https:\/\/zandvoortsmuseum.nl\/de\/aktivitaeten\/\" target=\"_blank\" rel=\"noopener\"><strong>AKTIVIT\u00c4TEN<\/strong><\/a> bestellt werden. <\/p><p>Tickets f\u00fcr das Museum k\u00f6nnen Sie NICHT online kaufen, sondern nur an der Kasse im Museum.<\/p>\t\t\t\t\t\t\t\t<\/div>\n\t\t\t\t<\/div>\n\t\t<div class=\"elementor-element elementor-element-62489365 e-con-full e-flex e-con e-child\" data-id=\"62489365\" data-element_type=\"container\" data-e-type=\"container\" data-settings=\"{&quot;background_background&quot;:&quot;classic&quot;}\">\n\t\t\t\t<div class=\"elementor-element elementor-element-da608b8 elementor-widget elementor-widget-spacer\" data-id=\"da608b8\" data-element_type=\"widget\" data-e-type=\"widget\" data-widget_type=\"spacer.default\">\n\t\t\t\t\t\t\t<div class=\"elementor-spacer\">\n\t\t\t<div class=\"elementor-spacer-inner\"><\/div>\n\t\t<\/div>\n\t\t\t\t\t\t<\/div>\n\t\t\t\t<\/div>\n\t\t\t\t\t<\/div>\n\t\t\t\t<\/div>\n\t\t\t\t<\/div>\n\t\t<div class=\"elementor-element elementor-element-74a54ca e-flex e-con-boxed e-con e-parent\" data-id=\"74a54ca\" data-element_type=\"container\" data-e-type=\"container\">\n\t\t\t\t\t<div class=\"e-con-inner\">\n\t\t\t\t<div class=\"elementor-element elementor-element-ff7c267 elementor-widget elementor-widget-spacer\" data-id=\"ff7c267\" data-element_type=\"widget\" data-e-type=\"widget\" data-widget_type=\"spacer.default\">\n\t\t\t\t\t\t\t<div class=\"elementor-spacer\">\n\t\t\t<div class=\"elementor-spacer-inner\"><\/div>\n\t\t<\/div>\n\t\t\t\t\t\t<\/div>\n\t\t\t\t\t<\/div>\n\t\t\t\t<\/div>\n\t\t<div class=\"elementor-element elementor-element-1d99a3c e-flex e-con-boxed e-con e-parent\" data-id=\"1d99a3c\" data-element_type=\"container\" data-e-type=\"container\">\n\t\t\t\t\t<div class=\"e-con-inner\">\n\t\t\t\t<div class=\"elementor-element elementor-element-8698010 elementor-widget elementor-widget-heading\" data-id=\"8698010\" data-element_type=\"widget\" data-e-type=\"widget\" data-widget_type=\"heading.default\">\n\t\t\t\t\t<h2 class=\"elementor-heading-title elementor-size-default\">Preise Aktivit\u00e4ten<\/h2>\t\t\t\t<\/div>\n\t\t\t\t\t<\/div>\n\t\t\t\t<\/div>\n\t\t<div class=\"elementor-element elementor-element-b947311 e-flex e-con-boxed e-con e-parent\" data-id=\"b947311\" data-element_type=\"container\" data-e-type=\"container\">\n\t\t\t\t\t<div class=\"e-con-inner\">\n\t\t<div class=\"elementor-element elementor-element-5915c0d e-con-full e-flex e-con e-child\" data-id=\"5915c0d\" data-element_type=\"container\" data-e-type=\"container\">\n\t\t\t\t<div class=\"elementor-element elementor-element-ca13580 elementor-widget elementor-widget-text-editor\" data-id=\"ca13580\" data-element_type=\"widget\" data-e-type=\"widget\" data-widget_type=\"text-editor.default\">\n\t\t\t\t\t\t\t\t\t<p>Lesungen, Workshops, Wanderungen <br>10,00 \u20ac<\/p><p>F\u00fchrungen nach Vereinbarung<br>5,50 \u20ac p.P. (exklusive Eintritt Museum)<\/p><p>Kinderworkshops<br>5,00 \u20ac<\/p><h4>Die Einsteigerf\u00fchrung und Schnitzeljagd\/Familienroute sind kostenlos.<\/h4><p>Wir bitten Sie, alle Ihre Zahlungen im Museum (Theke, Museumscaf\u00e9 und Museumsshop) m\u00f6glichst mit Ihrer EC-Karte vorzunehmen.<\/p>\t\t\t\t\t\t\t\t<\/div>\n\t\t\t\t<div class=\"elementor-element elementor-element-c798144 elementor-widget elementor-widget-button\" data-id=\"c798144\" data-element_type=\"widget\" data-e-type=\"widget\" data-widget_type=\"button.default\">\n\t\t\t\t\t\t\t\t\t\t<a class=\"elementor-button elementor-button-link elementor-size-sm\" href=\"https:\/\/zandvoortsmuseum.nl\/de\/aktivitaeten\/\">\n\t\t\t\t\t\t<span class=\"elementor-button-content-wrapper\">\n\t\t\t\t\t\t<span class=\"elementor-button-icon\">\n\t\t\t\t<svg aria-hidden=\"true\" class=\"e-font-icon-svg e-fas-chevron-right\" viewBox=\"0 0 320 512\" xmlns=\"http:\/\/www.w3.org\/2000\/svg\"><path d=\"M285.476 272.971L91.132 467.314c-9.373 9.373-24.569 9.373-33.941 0l-22.667-22.667c-9.357-9.357-9.375-24.522-.04-33.901L188.505 256 34.484 101.255c-9.335-9.379-9.317-24.544.04-33.901l22.667-22.667c9.373-9.373 24.569-9.373 33.941 0L285.475 239.03c9.373 9.372 9.373 24.568.001 33.941z\"><\/path><\/svg>\t\t\t<\/span>\n\t\t\t\t\t\t\t\t\t<span class=\"elementor-button-text\">Zu den Aktivit\u00e4ten<\/span>\n\t\t\t\t\t<\/span>\n\t\t\t\t\t<\/a>\n\t\t\t\t\t\t\t\t<\/div>\n\t\t\t\t<\/div>\n\t\t\t\t\t<\/div>\n\t\t\t\t<\/div>\n\t\t<div class=\"elementor-element elementor-element-3e48a91 e-flex e-con-boxed e-con e-parent\" data-id=\"3e48a91\" data-element_type=\"container\" data-e-type=\"container\">\n\t\t\t\t\t<div class=\"e-con-inner\">\n\t\t\t\t<div class=\"elementor-element elementor-element-88e0e3f elementor-widget elementor-widget-spacer\" data-id=\"88e0e3f\" data-element_type=\"widget\" data-e-type=\"widget\" data-widget_type=\"spacer.default\">\n\t\t\t\t\t\t\t<div class=\"elementor-spacer\">\n\t\t\t<div class=\"elementor-spacer-inner\"><\/div>\n\t\t<\/div>\n\t\t\t\t\t\t<\/div>\n\t\t\t\t\t<\/div>\n\t\t\t\t<\/div>\n\t\t<div class=\"elementor-element elementor-element-39775a62 e-con-full elementor-hidden-desktop elementor-hidden-tablet elementor-hidden-mobile e-flex e-con e-parent\" data-id=\"39775a62\" data-element_type=\"container\" data-e-type=\"container\" data-settings=\"{&quot;background_background&quot;:&quot;classic&quot;}\">\n\t\t<div class=\"elementor-element elementor-element-52b39f0e e-flex e-con-boxed e-con e-child\" data-id=\"52b39f0e\" data-element_type=\"container\" data-e-type=\"container\">\n\t\t\t\t\t<div class=\"e-con-inner\">\n\t\t<div class=\"elementor-element elementor-element-45abce49 e-con-full e-flex e-con e-child\" data-id=\"45abce49\" data-element_type=\"container\" data-e-type=\"container\">\n\t\t\t\t<div class=\"elementor-element elementor-element-b36cc5c kop-diap elementor-widget elementor-widget-heading\" data-id=\"b36cc5c\" data-element_type=\"widget\" data-e-type=\"widget\" data-widget_type=\"heading.default\">\n\t\t\t\t\t<h2 class=\"elementor-heading-title elementor-size-default\">Gruppenf\u00fchrung<\/h2>\t\t\t\t<\/div>\n\t\t\t\t<div class=\"elementor-element elementor-element-d8c67c2 tekst-diap elementor-widget elementor-widget-text-editor\" data-id=\"d8c67c2\" data-element_type=\"widget\" data-e-type=\"widget\" data-widget_type=\"text-editor.default\">\n\t\t\t\t\t\t\t\t\t<p>Nach Vereinbarung, mindestens 6 Personen und maximal 15 Personen.<\/p>\t\t\t\t\t\t\t\t<\/div>\n\t\t\t\t<div class=\"elementor-element elementor-element-2131a25 elementor-widget elementor-widget-button\" data-id=\"2131a25\" data-element_type=\"widget\" data-e-type=\"widget\" data-widget_type=\"button.default\">\n\t\t\t\t\t\t\t\t\t\t<a class=\"elementor-button elementor-button-link elementor-size-sm\" href=\"https:\/\/zandvoortsmuseum.nl\/groepsrondleiding-museum\/\">\n\t\t\t\t\t\t<span class=\"elementor-button-content-wrapper\">\n\t\t\t\t\t\t<span class=\"elementor-button-icon\">\n\t\t\t\t<svg aria-hidden=\"true\" class=\"e-font-icon-svg e-fas-chevron-right\" viewBox=\"0 0 320 512\" xmlns=\"http:\/\/www.w3.org\/2000\/svg\"><path d=\"M285.476 272.971L91.132 467.314c-9.373 9.373-24.569 9.373-33.941 0l-22.667-22.667c-9.357-9.357-9.375-24.522-.04-33.901L188.505 256 34.484 101.255c-9.335-9.379-9.317-24.544.04-33.901l22.667-22.667c9.373-9.373 24.569-9.373 33.941 0L285.475 239.03c9.373 9.372 9.373 24.568.001 33.941z\"><\/path><\/svg>\t\t\t<\/span>\n\t\t\t\t\t\t\t\t\t<span class=\"elementor-button-text\">Anmeldung Gruppenf\u00fchrung<\/span>\n\t\t\t\t\t<\/span>\n\t\t\t\t\t<\/a>\n\t\t\t\t\t\t\t\t<\/div>\n\t\t\t\t<div class=\"elementor-element elementor-element-2fe014b kop-diap elementor-hidden-desktop elementor-hidden-tablet elementor-hidden-mobile elementor-widget elementor-widget-heading\" data-id=\"2fe014b\" data-element_type=\"widget\" data-e-type=\"widget\" data-widget_type=\"heading.default\">\n\t\t\t\t\t<h2 class=\"elementor-heading-title elementor-size-default\">Wanderung<\/h2>\t\t\t\t<\/div>\n\t\t\t\t<div class=\"elementor-element elementor-element-d1a3a4b tekst-diap elementor-hidden-desktop elementor-hidden-tablet elementor-hidden-mobile elementor-widget elementor-widget-text-editor\" data-id=\"d1a3a4b\" data-element_type=\"widget\" data-e-type=\"widget\" data-widget_type=\"text-editor.default\">\n\t\t\t\t\t\t\t\t\t<p>Lassen Sie sich bei diesem beeindruckenden Dorfspaziergang zu zahlreichen Sehensw\u00fcrdigkeiten und der reichen Geschichte von Zandvoort entf\u00fchren.<\/p>\t\t\t\t\t\t\t\t<\/div>\n\t\t\t\t<div class=\"elementor-element elementor-element-1209bd5 elementor-hidden-desktop elementor-hidden-tablet elementor-hidden-mobile elementor-widget elementor-widget-button\" data-id=\"1209bd5\" data-element_type=\"widget\" data-e-type=\"widget\" data-widget_type=\"button.default\">\n\t\t\t\t\t\t\t\t\t\t<a class=\"elementor-button elementor-button-link elementor-size-sm\" href=\"https:\/\/zandvoortsmuseum.nl\/de\/spaziergaenge\/\">\n\t\t\t\t\t\t<span class=\"elementor-button-content-wrapper\">\n\t\t\t\t\t\t<span class=\"elementor-button-icon\">\n\t\t\t\t<svg aria-hidden=\"true\" class=\"e-font-icon-svg e-fas-chevron-right\" viewBox=\"0 0 320 512\" xmlns=\"http:\/\/www.w3.org\/2000\/svg\"><path d=\"M285.476 272.971L91.132 467.314c-9.373 9.373-24.569 9.373-33.941 0l-22.667-22.667c-9.357-9.357-9.375-24.522-.04-33.901L188.505 256 34.484 101.255c-9.335-9.379-9.317-24.544.04-33.901l22.667-22.667c9.373-9.373 24.569-9.373 33.941 0L285.475 239.03c9.373 9.372 9.373 24.568.001 33.941z\"><\/path><\/svg>\t\t\t<\/span>\n\t\t\t\t\t\t\t\t\t<span class=\"elementor-button-text\">Anmeldung zur Wanderung<\/span>\n\t\t\t\t\t<\/span>\n\t\t\t\t\t<\/a>\n\t\t\t\t\t\t\t\t<\/div>\n\t\t\t\t<div class=\"elementor-element elementor-element-8496290 kop-diap elementor-hidden-desktop elementor-hidden-tablet elementor-hidden-mobile elementor-widget elementor-widget-heading\" data-id=\"8496290\" data-element_type=\"widget\" data-e-type=\"widget\" data-widget_type=\"heading.default\">\n\t\t\t\t\t<h2 class=\"elementor-heading-title elementor-size-default\">Workshop<\/h2>\t\t\t\t<\/div>\n\t\t\t\t<div class=\"elementor-element elementor-element-7597fb4 tekst-diap elementor-hidden-desktop elementor-hidden-tablet elementor-hidden-mobile elementor-widget elementor-widget-text-editor\" data-id=\"7597fb4\" data-element_type=\"widget\" data-e-type=\"widget\" data-widget_type=\"text-editor.default\">\n\t\t\t\t\t\t\t\t\t<p>Suchen Sie eine originelle Location f\u00fcr einen Kindergeburtstag? Feiern Sie ihn im Zandvoorts Museum! <\/p>\t\t\t\t\t\t\t\t<\/div>\n\t\t\t\t<div class=\"elementor-element elementor-element-242d486 elementor-hidden-desktop elementor-hidden-tablet elementor-hidden-mobile elementor-widget elementor-widget-button\" data-id=\"242d486\" data-element_type=\"widget\" data-e-type=\"widget\" data-widget_type=\"button.default\">\n\t\t\t\t\t\t\t\t\t\t<a class=\"elementor-button elementor-button-link elementor-size-sm\" href=\"https:\/\/zandvoortsmuseum.nl\/de\/workshops\/\">\n\t\t\t\t\t\t<span class=\"elementor-button-content-wrapper\">\n\t\t\t\t\t\t<span class=\"elementor-button-icon\">\n\t\t\t\t<svg aria-hidden=\"true\" class=\"e-font-icon-svg e-fas-chevron-right\" viewBox=\"0 0 320 512\" xmlns=\"http:\/\/www.w3.org\/2000\/svg\"><path d=\"M285.476 272.971L91.132 467.314c-9.373 9.373-24.569 9.373-33.941 0l-22.667-22.667c-9.357-9.357-9.375-24.522-.04-33.901L188.505 256 34.484 101.255c-9.335-9.379-9.317-24.544.04-33.901l22.667-22.667c9.373-9.373 24.569-9.373 33.941 0L285.475 239.03c9.373 9.372 9.373 24.568.001 33.941z\"><\/path><\/svg>\t\t\t<\/span>\n\t\t\t\t\t\t\t\t\t<span class=\"elementor-button-text\">Anmeldung zum Workshop<\/span>\n\t\t\t\t\t<\/span>\n\t\t\t\t\t<\/a>\n\t\t\t\t\t\t\t\t<\/div>\n\t\t\t\t<\/div>\n\t\t\t\t\t<\/div>\n\t\t\t\t<\/div>\n\t\t\t\t<\/div>\n\t\t\t\t<\/div>\n\t\t","protected":false},"excerpt":{"rendered":"<p>Tickets Das Zandvoorts Museum organisiert verschiedene Aktivit\u00e4ten wie Lesungen, Workshops, F\u00fchrungen und Wanderungen. Diese k\u00f6nnen online unter AKTIVIT\u00c4TEN bestellt werden. Tickets f\u00fcr das Museum k\u00f6nnen Sie NICHT online kaufen, sondern nur an der Kasse im Museum. Preise Aktivit\u00e4ten Lesungen, Workshops, Wanderungen 10,00 \u20ac F\u00fchrungen nach Vereinbarung5,50 \u20ac p.P. (exklusive Eintritt Museum) Kinderworkshops5,00 \u20ac Die Einsteigerf\u00fchrung [&hellip;]<\/p>\n","protected":false},"author":1,"featured_media":0,"parent":0,"menu_order":0,"comment_status":"closed","ping_status":"closed","template":"","meta":{"_acf_changed":false,"inline_featured_image":false,"footnotes":""},"class_list":["post-4990","page","type-page","status-publish","hentry"],"acf":[],"yoast_head":"<!-- This site is optimized with the Yoast SEO plugin v27.3 - https:\/\/yoast.com\/product\/yoast-seo-wordpress\/ -->\n<title>Anmelden - Zandvoorts Museum<\/title>\n<meta name=\"robots\" content=\"index, follow, max-snippet:-1, max-image-preview:large, max-video-preview:-1\" \/>\n<link rel=\"canonical\" href=\"https:\/\/zandvoortsmuseum.nl\/de\/anmelden\/\" \/>\n<meta property=\"og:locale\" content=\"de_DE\" \/>\n<meta property=\"og:type\" content=\"article\" \/>\n<meta property=\"og:title\" content=\"Anmelden - Zandvoorts Museum\" \/>\n<meta property=\"og:description\" content=\"Tickets Das Zandvoorts Museum organisiert verschiedene Aktivit\u00e4ten wie Lesungen, Workshops, F\u00fchrungen und Wanderungen. Diese k\u00f6nnen online unter AKTIVIT\u00c4TEN bestellt werden. Tickets f\u00fcr das Museum k\u00f6nnen Sie NICHT online kaufen, sondern nur an der Kasse im Museum. Preise Aktivit\u00e4ten Lesungen, Workshops, Wanderungen 10,00 \u20ac F\u00fchrungen nach Vereinbarung5,50 \u20ac p.P. (exklusive Eintritt Museum) Kinderworkshops5,00 \u20ac Die Einsteigerf\u00fchrung [&hellip;]\" \/>\n<meta property=\"og:url\" content=\"https:\/\/zandvoortsmuseum.nl\/de\/anmelden\/\" \/>\n<meta property=\"og:site_name\" content=\"Zandvoorts Museum\" \/>\n<meta property=\"article:publisher\" content=\"https:\/\/www.facebook.com\/MuseumZandvoort\" \/>\n<meta property=\"article:modified_time\" content=\"2026-01-13T14:20:05+00:00\" \/>\n<meta property=\"og:image\" content=\"https:\/\/zandvoortsmuseum.nl\/wp-content\/uploads\/2025\/08\/zandvoorts-museum-logo-2025-zw.png\" \/>\n\t<meta property=\"og:image:width\" content=\"664\" \/>\n\t<meta property=\"og:image:height\" content=\"118\" \/>\n\t<meta property=\"og:image:type\" content=\"image\/png\" \/>\n<meta name=\"twitter:card\" content=\"summary_large_image\" \/>\n<meta name=\"twitter:label1\" content=\"Gesch\u00e4tzte Lesezeit\" \/>\n\t<meta name=\"twitter:data1\" content=\"1\u00a0Minute\" \/>\n<script type=\"application\/ld+json\" class=\"yoast-schema-graph\">{\"@context\":\"https:\\\/\\\/schema.org\",\"@graph\":[{\"@type\":\"WebPage\",\"@id\":\"https:\\\/\\\/zandvoortsmuseum.nl\\\/de\\\/anmelden\\\/\",\"url\":\"https:\\\/\\\/zandvoortsmuseum.nl\\\/de\\\/anmelden\\\/\",\"name\":\"Anmelden - Zandvoorts Museum\",\"isPartOf\":{\"@id\":\"https:\\\/\\\/zandvoortsmuseum.nl\\\/de\\\/#website\"},\"datePublished\":\"2025-08-24T17:48:09+00:00\",\"dateModified\":\"2026-01-13T14:20:05+00:00\",\"breadcrumb\":{\"@id\":\"https:\\\/\\\/zandvoortsmuseum.nl\\\/de\\\/anmelden\\\/#breadcrumb\"},\"inLanguage\":\"de\",\"potentialAction\":[{\"@type\":\"ReadAction\",\"target\":[\"https:\\\/\\\/zandvoortsmuseum.nl\\\/de\\\/anmelden\\\/\"]}]},{\"@type\":\"BreadcrumbList\",\"@id\":\"https:\\\/\\\/zandvoortsmuseum.nl\\\/de\\\/anmelden\\\/#breadcrumb\",\"itemListElement\":[{\"@type\":\"ListItem\",\"position\":1,\"name\":\"Home\",\"item\":\"https:\\\/\\\/zandvoortsmuseum.nl\\\/de\\\/\"},{\"@type\":\"ListItem\",\"position\":2,\"name\":\"Anmelden\"}]},{\"@type\":\"WebSite\",\"@id\":\"https:\\\/\\\/zandvoortsmuseum.nl\\\/de\\\/#website\",\"url\":\"https:\\\/\\\/zandvoortsmuseum.nl\\\/de\\\/\",\"name\":\"Zandvoorts Museum\",\"description\":\"H\u00e9t centrum voor kunst en geschiedenis in Zandvoort.\",\"publisher\":{\"@id\":\"https:\\\/\\\/zandvoortsmuseum.nl\\\/de\\\/#organization\"},\"alternateName\":\"H\u00e9t centrum voor kunst en geschiedenis in Zandvoort\",\"potentialAction\":[{\"@type\":\"SearchAction\",\"target\":{\"@type\":\"EntryPoint\",\"urlTemplate\":\"https:\\\/\\\/zandvoortsmuseum.nl\\\/de\\\/?s={search_term_string}\"},\"query-input\":{\"@type\":\"PropertyValueSpecification\",\"valueRequired\":true,\"valueName\":\"search_term_string\"}}],\"inLanguage\":\"de\"},{\"@type\":\"Organization\",\"@id\":\"https:\\\/\\\/zandvoortsmuseum.nl\\\/de\\\/#organization\",\"name\":\"Zandvoorts Museum\",\"url\":\"https:\\\/\\\/zandvoortsmuseum.nl\\\/de\\\/\",\"logo\":{\"@type\":\"ImageObject\",\"inLanguage\":\"de\",\"@id\":\"https:\\\/\\\/zandvoortsmuseum.nl\\\/de\\\/#\\\/schema\\\/logo\\\/image\\\/\",\"url\":\"https:\\\/\\\/zandvoortsmuseum.nl\\\/wp-content\\\/uploads\\\/2025\\\/08\\\/Zandvoorts-Museum-Logo-zw-min.svg\",\"contentUrl\":\"https:\\\/\\\/zandvoortsmuseum.nl\\\/wp-content\\\/uploads\\\/2025\\\/08\\\/Zandvoorts-Museum-Logo-zw-min.svg\",\"width\":1847,\"height\":412,\"caption\":\"Zandvoorts Museum\"},\"image\":{\"@id\":\"https:\\\/\\\/zandvoortsmuseum.nl\\\/de\\\/#\\\/schema\\\/logo\\\/image\\\/\"},\"sameAs\":[\"https:\\\/\\\/www.facebook.com\\\/MuseumZandvoort\",\"https:\\\/\\\/www.instagram.com\\\/zandvoortsmuseum\\\/\"]}]}<\/script>\n<!-- \/ Yoast SEO plugin. -->","yoast_head_json":{"title":"Anmelden - Zandvoorts Museum","robots":{"index":"index","follow":"follow","max-snippet":"max-snippet:-1","max-image-preview":"max-image-preview:large","max-video-preview":"max-video-preview:-1"},"canonical":"https:\/\/zandvoortsmuseum.nl\/de\/anmelden\/","og_locale":"de_DE","og_type":"article","og_title":"Anmelden - Zandvoorts Museum","og_description":"Tickets Das Zandvoorts Museum organisiert verschiedene Aktivit\u00e4ten wie Lesungen, Workshops, F\u00fchrungen und Wanderungen. Diese k\u00f6nnen online unter AKTIVIT\u00c4TEN bestellt werden. Tickets f\u00fcr das Museum k\u00f6nnen Sie NICHT online kaufen, sondern nur an der Kasse im Museum. Preise Aktivit\u00e4ten Lesungen, Workshops, Wanderungen 10,00 \u20ac F\u00fchrungen nach Vereinbarung5,50 \u20ac p.P. (exklusive Eintritt Museum) Kinderworkshops5,00 \u20ac Die Einsteigerf\u00fchrung [&hellip;]","og_url":"https:\/\/zandvoortsmuseum.nl\/de\/anmelden\/","og_site_name":"Zandvoorts Museum","article_publisher":"https:\/\/www.facebook.com\/MuseumZandvoort","article_modified_time":"2026-01-13T14:20:05+00:00","og_image":[{"width":664,"height":118,"url":"https:\/\/zandvoortsmuseum.nl\/wp-content\/uploads\/2025\/08\/zandvoorts-museum-logo-2025-zw.png","type":"image\/png"}],"twitter_card":"summary_large_image","twitter_misc":{"Gesch\u00e4tzte Lesezeit":"1\u00a0Minute"},"schema":{"@context":"https:\/\/schema.org","@graph":[{"@type":"WebPage","@id":"https:\/\/zandvoortsmuseum.nl\/de\/anmelden\/","url":"https:\/\/zandvoortsmuseum.nl\/de\/anmelden\/","name":"Anmelden - Zandvoorts Museum","isPartOf":{"@id":"https:\/\/zandvoortsmuseum.nl\/de\/#website"},"datePublished":"2025-08-24T17:48:09+00:00","dateModified":"2026-01-13T14:20:05+00:00","breadcrumb":{"@id":"https:\/\/zandvoortsmuseum.nl\/de\/anmelden\/#breadcrumb"},"inLanguage":"de","potentialAction":[{"@type":"ReadAction","target":["https:\/\/zandvoortsmuseum.nl\/de\/anmelden\/"]}]},{"@type":"BreadcrumbList","@id":"https:\/\/zandvoortsmuseum.nl\/de\/anmelden\/#breadcrumb","itemListElement":[{"@type":"ListItem","position":1,"name":"Home","item":"https:\/\/zandvoortsmuseum.nl\/de\/"},{"@type":"ListItem","position":2,"name":"Anmelden"}]},{"@type":"WebSite","@id":"https:\/\/zandvoortsmuseum.nl\/de\/#website","url":"https:\/\/zandvoortsmuseum.nl\/de\/","name":"Zandvoorts Museum","description":"H\u00e9t centrum voor kunst en geschiedenis in Zandvoort.","publisher":{"@id":"https:\/\/zandvoortsmuseum.nl\/de\/#organization"},"alternateName":"H\u00e9t centrum voor kunst en geschiedenis in Zandvoort","potentialAction":[{"@type":"SearchAction","target":{"@type":"EntryPoint","urlTemplate":"https:\/\/zandvoortsmuseum.nl\/de\/?s={search_term_string}"},"query-input":{"@type":"PropertyValueSpecification","valueRequired":true,"valueName":"search_term_string"}}],"inLanguage":"de"},{"@type":"Organization","@id":"https:\/\/zandvoortsmuseum.nl\/de\/#organization","name":"Zandvoorts Museum","url":"https:\/\/zandvoortsmuseum.nl\/de\/","logo":{"@type":"ImageObject","inLanguage":"de","@id":"https:\/\/zandvoortsmuseum.nl\/de\/#\/schema\/logo\/image\/","url":"https:\/\/zandvoortsmuseum.nl\/wp-content\/uploads\/2025\/08\/Zandvoorts-Museum-Logo-zw-min.svg","contentUrl":"https:\/\/zandvoortsmuseum.nl\/wp-content\/uploads\/2025\/08\/Zandvoorts-Museum-Logo-zw-min.svg","width":1847,"height":412,"caption":"Zandvoorts Museum"},"image":{"@id":"https:\/\/zandvoortsmuseum.nl\/de\/#\/schema\/logo\/image\/"},"sameAs":["https:\/\/www.facebook.com\/MuseumZandvoort","https:\/\/www.instagram.com\/zandvoortsmuseum\/"]}]}},"_links":{"self":[{"href":"https:\/\/zandvoortsmuseum.nl\/de\/wp-json\/wp\/v2\/pages\/4990","targetHints":{"allow":["GET"]}}],"collection":[{"href":"https:\/\/zandvoortsmuseum.nl\/de\/wp-json\/wp\/v2\/pages"}],"about":[{"href":"https:\/\/zandvoortsmuseum.nl\/de\/wp-json\/wp\/v2\/types\/page"}],"author":[{"embeddable":true,"href":"https:\/\/zandvoortsmuseum.nl\/de\/wp-json\/wp\/v2\/users\/1"}],"replies":[{"embeddable":true,"href":"https:\/\/zandvoortsmuseum.nl\/de\/wp-json\/wp\/v2\/comments?post=4990"}],"version-history":[{"count":1,"href":"https:\/\/zandvoortsmuseum.nl\/de\/wp-json\/wp\/v2\/pages\/4990\/revisions"}],"predecessor-version":[{"id":4992,"href":"https:\/\/zandvoortsmuseum.nl\/de\/wp-json\/wp\/v2\/pages\/4990\/revisions\/4992"}],"wp:attachment":[{"href":"https:\/\/zandvoortsmuseum.nl\/de\/wp-json\/wp\/v2\/media?parent=4990"}],"curies":[{"name":"wp","href":"https:\/\/api.w.org\/{rel}","templated":true}]}}