{"id":4999,"date":"2025-09-09T13:42:49","date_gmt":"2025-09-09T11:42:49","guid":{"rendered":"https:\/\/zandvoortsmuseum.nl\/bildung\/"},"modified":"2026-02-12T23:47:59","modified_gmt":"2026-02-12T21:47:59","slug":"bildung","status":"publish","type":"page","link":"https:\/\/zandvoortsmuseum.nl\/de\/bildung\/","title":{"rendered":"Bildung"},"content":{"rendered":"\t\t<div data-elementor-type=\"wp-page\" data-elementor-id=\"4999\" class=\"elementor elementor-4999 elementor-1327\" data-elementor-post-type=\"page\">\n\t\t\t\t<div class=\"elementor-element elementor-element-65103d53 e-con-full e-flex e-con e-parent\" data-id=\"65103d53\" data-element_type=\"container\" data-e-type=\"container\" data-settings=\"{&quot;background_background&quot;:&quot;classic&quot;}\">\n\t\t<div class=\"elementor-element elementor-element-5150eca9 e-flex e-con-boxed e-con e-child\" data-id=\"5150eca9\" data-element_type=\"container\" data-e-type=\"container\">\n\t\t\t\t\t<div class=\"e-con-inner\">\n\t\t<div class=\"elementor-element elementor-element-535c1738 e-con-full e-flex e-con e-child\" data-id=\"535c1738\" data-element_type=\"container\" data-e-type=\"container\">\n\t\t\t\t<div class=\"elementor-element elementor-element-309a4403 kop-diap elementor-widget elementor-widget-heading\" data-id=\"309a4403\" data-element_type=\"widget\" data-e-type=\"widget\" data-widget_type=\"heading.default\">\n\t\t\t\t\t<h2 class=\"elementor-heading-title elementor-size-default\">Bildung<\/h2>\t\t\t\t<\/div>\n\t\t\t\t<div class=\"elementor-element elementor-element-27483fd6 tekst-diap elementor-widget elementor-widget-text-editor\" data-id=\"27483fd6\" data-element_type=\"widget\" data-e-type=\"widget\" data-widget_type=\"text-editor.default\">\n\t\t\t\t\t\t\t\t\t<h3 class=\"p1\">Erleben, entdecken und erinnern Sie sich im Zandvoorts Museum<\/h3><p class=\"p1\">Das Zandvoorts Museum bietet Bildungsprogramme, die Kunst und Kulturerbe zum Leben erwecken. W\u00e4hlen Sie ein ma\u00dfgeschneidertes Programm, das zum Klassenthema passt, ein Special rund um die Wechselausstellung oder die Erbe-Lernlinie, in der die Sch\u00fcler Zandvoort vom Fischerdorf zum Badeort entdecken. Durch Zuschauen, Zuh\u00f6ren, Machen und Teilen entsteht eine bedeutungsvolle Erfahrung, die in Erinnerung bleibt.  <\/p><p class=\"p1\"><em>Kosten pro Klasse (max. 30 Sch\u00fcler) 150,00 \u20ac<\/em><\/p>\t\t\t\t\t\t\t\t<\/div>\n\t\t\t\t<\/div>\n\t\t<div class=\"elementor-element elementor-element-2362eb18 e-con-full e-flex e-con e-child\" data-id=\"2362eb18\" data-element_type=\"container\" data-e-type=\"container\" data-settings=\"{&quot;background_background&quot;:&quot;classic&quot;}\">\n\t\t\t\t<div class=\"elementor-element elementor-element-608e6fd2 elementor-widget elementor-widget-spacer\" data-id=\"608e6fd2\" data-element_type=\"widget\" data-e-type=\"widget\" data-widget_type=\"spacer.default\">\n\t\t\t\t\t\t\t<div class=\"elementor-spacer\">\n\t\t\t<div class=\"elementor-spacer-inner\"><\/div>\n\t\t<\/div>\n\t\t\t\t\t\t<\/div>\n\t\t\t\t<\/div>\n\t\t\t\t\t<\/div>\n\t\t\t\t<\/div>\n\t\t\t\t<\/div>\n\t\t<div class=\"elementor-element elementor-element-3cf3efc e-con-full e-flex e-con e-parent\" data-id=\"3cf3efc\" data-element_type=\"container\" data-e-type=\"container\" id=\"programma-op-maat\" data-settings=\"{&quot;background_background&quot;:&quot;classic&quot;}\">\n\t\t<div class=\"elementor-element elementor-element-2f66205 e-flex e-con-boxed e-con e-child\" data-id=\"2f66205\" data-element_type=\"container\" data-e-type=\"container\">\n\t\t\t\t\t<div class=\"e-con-inner\">\n\t\t<div class=\"elementor-element elementor-element-1483820 e-con-full e-flex e-con e-child\" data-id=\"1483820\" data-element_type=\"container\" data-e-type=\"container\">\n\t\t\t\t<div class=\"elementor-element elementor-element-350a9e1 kop elementor-widget elementor-widget-heading\" data-id=\"350a9e1\" data-element_type=\"widget\" data-e-type=\"widget\" data-widget_type=\"heading.default\">\n\t\t\t\t\t<h2 class=\"elementor-heading-title elementor-size-default\">MASSGESCHNEIDERTES PROGRAMM<\/h2>\t\t\t\t<\/div>\n\t\t\t\t<div class=\"elementor-element elementor-element-1d0d8c7 tekst elementor-widget elementor-widget-text-editor\" data-id=\"1d0d8c7\" data-element_type=\"widget\" data-e-type=\"widget\" data-widget_type=\"text-editor.default\">\n\t\t\t\t\t\t\t\t\t<p class=\"p1\"><b>Erleben, entdecken und erinnern Sie sich im Zandvoorts Museum<br><\/b>Besuchen Sie mit Ihrer Klasse das Zandvoorts Museum und machen Sie Kunst und Kulturerbe zu einem pers\u00f6nlichen Erlebnis. Wir kn\u00fcpfen an das Thema an, mit dem Sie in der Schule besch\u00e4ftigt sind, und \u00fcbersetzen es in ein kreatives und bedeutungsvolles Museumsprogramm. Mit Geschichten, Aufgaben und Raum f\u00fcr eigene Erinnerungen entdecken die Sch\u00fcler nicht nur die Sammlung, sondern auch sich selbst und einander.  <\/p><p class=\"p1\"><b>Ma\u00dfgeschneiderte Bildungsprogramme \u2013 Zandvoorts Museum<br><\/b>Das Zandvoorts Museum bietet ma\u00dfgeschneiderte Programme sowohl f\u00fcr die Unter- als auch f\u00fcr die Oberstufe der Grundschule. Wir kn\u00fcpfen an das Thema an, mit dem sich die Klasse gerade besch\u00e4ftigt, und \u00fcbersetzen dies gemeinsam mit dem Lehrer in ein passendes Museumsprogramm. <\/p><p class=\"p1\"><b>Aufbau des Programms<\/b><\/p><ol class=\"ol1\"><li class=\"li1\">Vorbereitende Lektion in der Schule<br>Zur Vorbereitung auf den Besuch findet im Klassenzimmer eine kurze Einf\u00fchrungsstunde statt. Hier lernen die Sch\u00fcler das Thema kennen und denken bereits \u00fcber ihre eigenen Erfahrungen und Erinnerungen nach. <\/li><li class=\"li1\">Einf\u00fchrung im Museum<br>Im Museum werden die Sch\u00fcler mit einer Geschichte im Saal empfangen und betrachten die Stillleben, die die Geschichte von Zandvoort als Fischerdorf bis zum Badeort erz\u00e4hlen. Diese Geschichte bildet die Br\u00fccke zwischen ihrer eigenen Erfahrung und der Sammlung des Museums. <\/li><li class=\"li1\">Gruppenaufgabe im Museum<br>Die Sch\u00fcler gehen in kleinen Gruppen mit einer Aufgabe in Form von Geschichten oder Gem\u00e4lden und Zeichnungen auseinander, die an das gew\u00e4hlte Thema ankn\u00fcpft. Sie untersuchen, entdecken und arbeiten gemeinsam an Kunstwerken und Objekten im Museum. <\/li><li class=\"li1\">Kreisgespr\u00e4ch und Austausch von Geschichten<br>Das Programm schlie\u00dft mit einem gemeinsamen Kreisgespr\u00e4ch oder einer Ausstellung der erstellten \u201eObjekte\u201c ab. Die Sch\u00fcler tauschen ihre Entdeckungen und Geschichten aus. Hier erh\u00e4lt die emotionale Komponente Raum: Erinnerungen, Gef\u00fchle und pers\u00f6nliche Assoziationen machen den Museumsbesuch bedeutungsvoll und einpr\u00e4gsam.  <\/li><\/ol><p> <\/p><p class=\"p1\"><strong>Warum dieses Programm?<\/strong><br>Das Zandvoorts Museum m\u00f6chte Kinder nicht nur schauen, sondern auch f\u00fchlen und erinnern lassen. Durch die Verkn\u00fcpfung eigener Geschichten mit der Sammlung entsteht ein einzigartiges Erlebnis, das den Sch\u00fclern in Erinnerung bleibt. <\/p><p class=\"p1\"> <\/p>\t\t\t\t\t\t\t\t<\/div>\n\t\t\t\t<\/div>\n\t\t<div class=\"elementor-element elementor-element-56d5cef e-con-full e-flex e-con e-child\" data-id=\"56d5cef\" data-element_type=\"container\" data-e-type=\"container\" data-settings=\"{&quot;background_background&quot;:&quot;classic&quot;}\">\n\t\t\t\t<div class=\"elementor-element elementor-element-a09a49d elementor-widget elementor-widget-spacer\" data-id=\"a09a49d\" data-element_type=\"widget\" data-e-type=\"widget\" data-widget_type=\"spacer.default\">\n\t\t\t\t\t\t\t<div class=\"elementor-spacer\">\n\t\t\t<div class=\"elementor-spacer-inner\"><\/div>\n\t\t<\/div>\n\t\t\t\t\t\t<\/div>\n\t\t\t\t<\/div>\n\t\t\t\t\t<\/div>\n\t\t\t\t<\/div>\n\t\t\t\t<\/div>\n\t\t<div class=\"elementor-element elementor-element-8dc6390 e-con-full e-flex e-con e-parent\" data-id=\"8dc6390\" data-element_type=\"container\" data-e-type=\"container\" data-settings=\"{&quot;background_background&quot;:&quot;classic&quot;}\">\n\t\t<div class=\"elementor-element elementor-element-0443dfe e-flex e-con-boxed e-con e-child\" data-id=\"0443dfe\" data-element_type=\"container\" data-e-type=\"container\">\n\t\t\t\t\t<div class=\"e-con-inner\">\n\t\t<div class=\"elementor-element elementor-element-936b583 e-con-full e-flex e-con e-child\" data-id=\"936b583\" data-element_type=\"container\" data-e-type=\"container\">\n\t\t\t\t<div class=\"elementor-element elementor-element-1131010 kop elementor-widget elementor-widget-heading\" data-id=\"1131010\" data-element_type=\"widget\" data-e-type=\"widget\" data-widget_type=\"heading.default\">\n\t\t\t\t\t<h2 class=\"elementor-heading-title elementor-size-default\">Erbelinie f\u00fcr Grundschulen<\/h2>\t\t\t\t<\/div>\n\t\t\t\t<div class=\"elementor-element elementor-element-3284cb6 tekst elementor-widget elementor-widget-text-editor\" data-id=\"3284cb6\" data-element_type=\"widget\" data-e-type=\"widget\" data-widget_type=\"text-editor.default\">\n\t\t\t\t\t\t\t\t\t<p class=\"p1\">In zusammenh\u00e4ngenden Lektionen, Museumsbesuchen und Wanderungen lernen sie Geschichten \u00fcber Tourismus, Vereine, den Zweiten Weltkrieg und die Formel 1 kennen. Spielerisch lernen sie, Verbindungen zwischen Vergangenheit, Gegenwart und Zukunft herzustellen. So w\u00e4chst das historische Bewusstsein und es entsteht Stolz auf das eigene Lebensumfeld. Das Erbe von Zandvoort wird so an eine neue Generation weitergegeben.   <\/p><p class=\"p1\">Weitere Informationen zur Erbe-Lernlinie erhalten Sie unter<strong> <a href=\"mailto:info@zandvoortsmuseum.nl\">info@zandvoortsmuseum.nl<\/a><\/strong><\/p>\t\t\t\t\t\t\t\t<\/div>\n\t\t\t\t<\/div>\n\t\t<div class=\"elementor-element elementor-element-380a323 e-con-full e-flex e-con e-child\" data-id=\"380a323\" data-element_type=\"container\" data-e-type=\"container\" data-settings=\"{&quot;background_background&quot;:&quot;classic&quot;}\">\n\t\t\t\t<div class=\"elementor-element elementor-element-af2fc74 elementor-widget elementor-widget-spacer\" data-id=\"af2fc74\" data-element_type=\"widget\" data-e-type=\"widget\" data-widget_type=\"spacer.default\">\n\t\t\t\t\t\t\t<div class=\"elementor-spacer\">\n\t\t\t<div class=\"elementor-spacer-inner\"><\/div>\n\t\t<\/div>\n\t\t\t\t\t\t<\/div>\n\t\t\t\t<\/div>\n\t\t\t\t\t<\/div>\n\t\t\t\t<\/div>\n\t\t\t\t<\/div>\n\t\t<div class=\"elementor-element elementor-element-71056014 e-con-full elementor-hidden-desktop elementor-hidden-tablet elementor-hidden-mobile e-flex e-con e-parent\" data-id=\"71056014\" data-element_type=\"container\" data-e-type=\"container\" data-settings=\"{&quot;background_background&quot;:&quot;classic&quot;}\">\n\t\t<div class=\"elementor-element elementor-element-7fc511c2 e-flex e-con-boxed e-con e-child\" data-id=\"7fc511c2\" data-element_type=\"container\" data-e-type=\"container\">\n\t\t\t\t\t<div class=\"e-con-inner\">\n\t\t<div class=\"elementor-element elementor-element-5442bb8a e-con-full e-flex e-con e-child\" data-id=\"5442bb8a\" data-element_type=\"container\" data-e-type=\"container\">\n\t\t\t\t<div class=\"elementor-element elementor-element-127e260f kop elementor-widget elementor-widget-heading\" data-id=\"127e260f\" data-element_type=\"widget\" data-e-type=\"widget\" data-widget_type=\"heading.default\">\n\t\t\t\t\t<h2 class=\"elementor-heading-title elementor-size-default\">SPECIAL! Bildungsprogramm Gemeinsam Stark \u2013 200 Jahre Vereinsliebe in Zandvoort <\/h2>\t\t\t\t<\/div>\n\t\t\t\t<div class=\"elementor-element elementor-element-60c814d tekst elementor-widget elementor-widget-text-editor\" data-id=\"60c814d\" data-element_type=\"widget\" data-e-type=\"widget\" data-widget_type=\"text-editor.default\">\n\t\t\t\t\t\t\t\t\t<p class=\"p1\">Speziell f\u00fcr die Zandvoorter Grundschulen (Klasse 7 &amp; 8)<\/p><p class=\"p1\">Zandvoort ist mehr als Meer und Strand \u2013 das Dorf hat eine jahrhundertealte Tradition des Zusammenhalts und des Vereinslebens. Sportvereine, Musikvereine, Theatergruppen und die Rettungsbrigade: Sie bilden seit Generationen das Herz des sozialen Lebens. <\/p><p class=\"p1\">Anl\u00e4sslich der Ausstellung \u201e200 Jahre Vereinsliebe \u2013 das reiche Vereinsleben von Zandvoort\u201c bietet das Zandvoorts Museum ein spezielles Schulprogramm f\u00fcr die Klassen 7 und 8 an. W\u00e4hrend dieser interaktiven Museumslektion entdecken die Sch\u00fcler, wie Vereine fr\u00fcher gearbeitet haben, welche Rolle sie im Dorf spielten und wie diese Tradition bis heute fortlebt. <\/p><p class=\"p1\">In einem abwechslungsreichen Programm mit einer Schnitzeljagd, einem Rollenspiel und kreativen Aufgaben gehen die Sch\u00fcler selbst auf Spurensuche. Sie lernen historische Fotos des Fotografen Bakels, besondere Objekte aus der Sammlung und Geschichten von Zandvoort kennen, die sich f\u00fcr ihren Verein engagieren. So erleben die Sch\u00fcler, wie wichtig Zusammenarbeit, Spa\u00df und Verbundenheit schon immer waren.  <\/p><p class=\"p1\">Dieses Bildungsprogramm wird allen Zandvoorter Grundschulen kostenlos angeboten.<br>Eine einmalige Gelegenheit, mit der Klasse die Vergangenheit und Gegenwart der Zandvoorter Vereine zu entdecken!<\/p><p class=\"p1\">F\u00fcr weitere Informationen zu diesem speziellen Bildungsprogramm wenden Sie sich an<strong> <a href=\"mailto:info@zandvoortsmuseum.nl\"><span class=\"s1\">info@zandvoortsmuseum.nl<\/span><\/a><\/strong><\/p>\t\t\t\t\t\t\t\t<\/div>\n\t\t\t\t<\/div>\n\t\t<div class=\"elementor-element elementor-element-2c83326 e-con-full e-flex e-con e-child\" data-id=\"2c83326\" data-element_type=\"container\" data-e-type=\"container\" data-settings=\"{&quot;background_background&quot;:&quot;classic&quot;}\">\n\t\t\t\t<div class=\"elementor-element elementor-element-31d81cc8 elementor-widget elementor-widget-spacer\" data-id=\"31d81cc8\" data-element_type=\"widget\" data-e-type=\"widget\" data-widget_type=\"spacer.default\">\n\t\t\t\t\t\t\t<div class=\"elementor-spacer\">\n\t\t\t<div class=\"elementor-spacer-inner\"><\/div>\n\t\t<\/div>\n\t\t\t\t\t\t<\/div>\n\t\t\t\t<\/div>\n\t\t\t\t\t<\/div>\n\t\t\t\t<\/div>\n\t\t\t\t<\/div>\n\t\t<div class=\"elementor-element elementor-element-353e3335 e-con-full e-flex e-con e-parent\" data-id=\"353e3335\" data-element_type=\"container\" data-e-type=\"container\" data-settings=\"{&quot;background_background&quot;:&quot;classic&quot;}\">\n\t\t<div class=\"elementor-element elementor-element-4882cfb7 e-flex e-con-boxed e-con e-child\" data-id=\"4882cfb7\" data-element_type=\"container\" data-e-type=\"container\">\n\t\t\t\t\t<div class=\"e-con-inner\">\n\t\t<div class=\"elementor-element elementor-element-4677ca92 e-con-full e-flex e-con e-child\" data-id=\"4677ca92\" data-element_type=\"container\" data-e-type=\"container\">\n\t\t\t\t<div class=\"elementor-element elementor-element-112bb8d2 kop elementor-widget elementor-widget-heading\" data-id=\"112bb8d2\" data-element_type=\"widget\" data-e-type=\"widget\" data-widget_type=\"heading.default\">\n\t\t\t\t\t<h2 class=\"elementor-heading-title elementor-size-default\">Unsere Absicht: ein inklusives Museum f\u00fcr alle<\/h2>\t\t\t\t<\/div>\n\t\t\t\t<div class=\"elementor-element elementor-element-292accba tekst elementor-widget elementor-widget-text-editor\" data-id=\"292accba\" data-element_type=\"widget\" data-e-type=\"widget\" data-widget_type=\"text-editor.default\">\n\t\t\t\t\t\t\t\t\t<p class=\"p1\">Das Zandvoorts Museum hat die Absicht, ein <span class=\"s1\"><b>inklusives Museum<\/b><\/span> zu sein: ein Ort, an dem sich jeder willkommen und anerkannt f\u00fchlt, unabh\u00e4ngig von Hintergrund, Alter, Sprache, Behinderung oder Denkweise.<br>Wir wollen ein offenes Haus f\u00fcr alle Zandvoorter und Besucher sein, in dem Vielfalt als St\u00e4rke gesehen und Geschichten aus verschiedenen Perspektiven geteilt werden.<\/p><p class=\"p1\">Jeder geh\u00f6rt dazu. Jeder z\u00e4hlt. Jeder ist willkommen.  <\/p>\t\t\t\t\t\t\t\t<\/div>\n\t\t\t\t<\/div>\n\t\t<div class=\"elementor-element elementor-element-1f63ef26 e-con-full e-flex e-con e-child\" data-id=\"1f63ef26\" data-element_type=\"container\" data-e-type=\"container\" data-settings=\"{&quot;background_background&quot;:&quot;classic&quot;}\">\n\t\t\t\t<div class=\"elementor-element elementor-element-65e0974d elementor-widget elementor-widget-spacer\" data-id=\"65e0974d\" data-element_type=\"widget\" data-e-type=\"widget\" data-widget_type=\"spacer.default\">\n\t\t\t\t\t\t\t<div class=\"elementor-spacer\">\n\t\t\t<div class=\"elementor-spacer-inner\"><\/div>\n\t\t<\/div>\n\t\t\t\t\t\t<\/div>\n\t\t\t\t<\/div>\n\t\t\t\t\t<\/div>\n\t\t\t\t<\/div>\n\t\t\t\t<\/div>\n\t\t\t\t<\/div>\n\t\t","protected":false},"excerpt":{"rendered":"<p>Bildung Erleben, entdecken und erinnern Sie sich im Zandvoorts Museum Das Zandvoorts Museum bietet Bildungsprogramme, die Kunst und Kulturerbe zum Leben erwecken. W\u00e4hlen Sie ein ma\u00dfgeschneidertes Programm, das zum Klassenthema passt, ein Special rund um die Wechselausstellung oder die Erbe-Lernlinie, in der die Sch\u00fcler Zandvoort vom Fischerdorf zum Badeort entdecken. Durch Zuschauen, Zuh\u00f6ren, Machen und [&hellip;]<\/p>\n","protected":false},"author":1,"featured_media":0,"parent":0,"menu_order":0,"comment_status":"closed","ping_status":"closed","template":"","meta":{"_acf_changed":false,"inline_featured_image":false,"footnotes":""},"class_list":["post-4999","page","type-page","status-publish","hentry"],"acf":[],"yoast_head":"<!-- This site is optimized with the Yoast SEO plugin v27.3 - https:\/\/yoast.com\/product\/yoast-seo-wordpress\/ -->\n<title>Bildung - Zandvoorts Museum<\/title>\n<meta name=\"robots\" content=\"index, follow, max-snippet:-1, max-image-preview:large, max-video-preview:-1\" \/>\n<link rel=\"canonical\" href=\"https:\/\/zandvoortsmuseum.nl\/de\/bildung\/\" \/>\n<meta property=\"og:locale\" content=\"de_DE\" \/>\n<meta property=\"og:type\" content=\"article\" \/>\n<meta property=\"og:title\" content=\"Bildung - Zandvoorts Museum\" \/>\n<meta property=\"og:description\" content=\"Bildung Erleben, entdecken und erinnern Sie sich im Zandvoorts Museum Das Zandvoorts Museum bietet Bildungsprogramme, die Kunst und Kulturerbe zum Leben erwecken. W\u00e4hlen Sie ein ma\u00dfgeschneidertes Programm, das zum Klassenthema passt, ein Special rund um die Wechselausstellung oder die Erbe-Lernlinie, in der die Sch\u00fcler Zandvoort vom Fischerdorf zum Badeort entdecken. Durch Zuschauen, Zuh\u00f6ren, Machen und [&hellip;]\" \/>\n<meta property=\"og:url\" content=\"https:\/\/zandvoortsmuseum.nl\/de\/bildung\/\" \/>\n<meta property=\"og:site_name\" content=\"Zandvoorts Museum\" \/>\n<meta property=\"article:publisher\" content=\"https:\/\/www.facebook.com\/MuseumZandvoort\" \/>\n<meta property=\"article:modified_time\" content=\"2026-02-12T21:47:59+00:00\" \/>\n<meta property=\"og:image\" content=\"https:\/\/zandvoortsmuseum.nl\/wp-content\/uploads\/2025\/08\/zandvoorts-museum-logo-2025-zw.png\" \/>\n\t<meta property=\"og:image:width\" content=\"664\" \/>\n\t<meta property=\"og:image:height\" content=\"118\" \/>\n\t<meta property=\"og:image:type\" content=\"image\/png\" \/>\n<meta name=\"twitter:card\" content=\"summary_large_image\" \/>\n<meta name=\"twitter:label1\" content=\"Gesch\u00e4tzte Lesezeit\" \/>\n\t<meta name=\"twitter:data1\" content=\"4\u00a0Minuten\" \/>\n<script type=\"application\/ld+json\" class=\"yoast-schema-graph\">{\"@context\":\"https:\\\/\\\/schema.org\",\"@graph\":[{\"@type\":\"WebPage\",\"@id\":\"https:\\\/\\\/zandvoortsmuseum.nl\\\/de\\\/bildung\\\/\",\"url\":\"https:\\\/\\\/zandvoortsmuseum.nl\\\/de\\\/bildung\\\/\",\"name\":\"Bildung - Zandvoorts Museum\",\"isPartOf\":{\"@id\":\"https:\\\/\\\/zandvoortsmuseum.nl\\\/de\\\/#website\"},\"datePublished\":\"2025-09-09T11:42:49+00:00\",\"dateModified\":\"2026-02-12T21:47:59+00:00\",\"breadcrumb\":{\"@id\":\"https:\\\/\\\/zandvoortsmuseum.nl\\\/de\\\/bildung\\\/#breadcrumb\"},\"inLanguage\":\"de\",\"potentialAction\":[{\"@type\":\"ReadAction\",\"target\":[\"https:\\\/\\\/zandvoortsmuseum.nl\\\/de\\\/bildung\\\/\"]}]},{\"@type\":\"BreadcrumbList\",\"@id\":\"https:\\\/\\\/zandvoortsmuseum.nl\\\/de\\\/bildung\\\/#breadcrumb\",\"itemListElement\":[{\"@type\":\"ListItem\",\"position\":1,\"name\":\"Home\",\"item\":\"https:\\\/\\\/zandvoortsmuseum.nl\\\/de\\\/\"},{\"@type\":\"ListItem\",\"position\":2,\"name\":\"Bildung\"}]},{\"@type\":\"WebSite\",\"@id\":\"https:\\\/\\\/zandvoortsmuseum.nl\\\/de\\\/#website\",\"url\":\"https:\\\/\\\/zandvoortsmuseum.nl\\\/de\\\/\",\"name\":\"Zandvoorts Museum\",\"description\":\"H\u00e9t centrum voor kunst en geschiedenis in Zandvoort.\",\"publisher\":{\"@id\":\"https:\\\/\\\/zandvoortsmuseum.nl\\\/de\\\/#organization\"},\"alternateName\":\"H\u00e9t centrum voor kunst en geschiedenis in Zandvoort\",\"potentialAction\":[{\"@type\":\"SearchAction\",\"target\":{\"@type\":\"EntryPoint\",\"urlTemplate\":\"https:\\\/\\\/zandvoortsmuseum.nl\\\/de\\\/?s={search_term_string}\"},\"query-input\":{\"@type\":\"PropertyValueSpecification\",\"valueRequired\":true,\"valueName\":\"search_term_string\"}}],\"inLanguage\":\"de\"},{\"@type\":\"Organization\",\"@id\":\"https:\\\/\\\/zandvoortsmuseum.nl\\\/de\\\/#organization\",\"name\":\"Zandvoorts Museum\",\"url\":\"https:\\\/\\\/zandvoortsmuseum.nl\\\/de\\\/\",\"logo\":{\"@type\":\"ImageObject\",\"inLanguage\":\"de\",\"@id\":\"https:\\\/\\\/zandvoortsmuseum.nl\\\/de\\\/#\\\/schema\\\/logo\\\/image\\\/\",\"url\":\"https:\\\/\\\/zandvoortsmuseum.nl\\\/wp-content\\\/uploads\\\/2025\\\/08\\\/Zandvoorts-Museum-Logo-zw-min.svg\",\"contentUrl\":\"https:\\\/\\\/zandvoortsmuseum.nl\\\/wp-content\\\/uploads\\\/2025\\\/08\\\/Zandvoorts-Museum-Logo-zw-min.svg\",\"width\":1847,\"height\":412,\"caption\":\"Zandvoorts Museum\"},\"image\":{\"@id\":\"https:\\\/\\\/zandvoortsmuseum.nl\\\/de\\\/#\\\/schema\\\/logo\\\/image\\\/\"},\"sameAs\":[\"https:\\\/\\\/www.facebook.com\\\/MuseumZandvoort\",\"https:\\\/\\\/www.instagram.com\\\/zandvoortsmuseum\\\/\"]}]}<\/script>\n<!-- \/ Yoast SEO plugin. -->","yoast_head_json":{"title":"Bildung - Zandvoorts Museum","robots":{"index":"index","follow":"follow","max-snippet":"max-snippet:-1","max-image-preview":"max-image-preview:large","max-video-preview":"max-video-preview:-1"},"canonical":"https:\/\/zandvoortsmuseum.nl\/de\/bildung\/","og_locale":"de_DE","og_type":"article","og_title":"Bildung - Zandvoorts Museum","og_description":"Bildung Erleben, entdecken und erinnern Sie sich im Zandvoorts Museum Das Zandvoorts Museum bietet Bildungsprogramme, die Kunst und Kulturerbe zum Leben erwecken. W\u00e4hlen Sie ein ma\u00dfgeschneidertes Programm, das zum Klassenthema passt, ein Special rund um die Wechselausstellung oder die Erbe-Lernlinie, in der die Sch\u00fcler Zandvoort vom Fischerdorf zum Badeort entdecken. Durch Zuschauen, Zuh\u00f6ren, Machen und [&hellip;]","og_url":"https:\/\/zandvoortsmuseum.nl\/de\/bildung\/","og_site_name":"Zandvoorts Museum","article_publisher":"https:\/\/www.facebook.com\/MuseumZandvoort","article_modified_time":"2026-02-12T21:47:59+00:00","og_image":[{"width":664,"height":118,"url":"https:\/\/zandvoortsmuseum.nl\/wp-content\/uploads\/2025\/08\/zandvoorts-museum-logo-2025-zw.png","type":"image\/png"}],"twitter_card":"summary_large_image","twitter_misc":{"Gesch\u00e4tzte Lesezeit":"4\u00a0Minuten"},"schema":{"@context":"https:\/\/schema.org","@graph":[{"@type":"WebPage","@id":"https:\/\/zandvoortsmuseum.nl\/de\/bildung\/","url":"https:\/\/zandvoortsmuseum.nl\/de\/bildung\/","name":"Bildung - Zandvoorts Museum","isPartOf":{"@id":"https:\/\/zandvoortsmuseum.nl\/de\/#website"},"datePublished":"2025-09-09T11:42:49+00:00","dateModified":"2026-02-12T21:47:59+00:00","breadcrumb":{"@id":"https:\/\/zandvoortsmuseum.nl\/de\/bildung\/#breadcrumb"},"inLanguage":"de","potentialAction":[{"@type":"ReadAction","target":["https:\/\/zandvoortsmuseum.nl\/de\/bildung\/"]}]},{"@type":"BreadcrumbList","@id":"https:\/\/zandvoortsmuseum.nl\/de\/bildung\/#breadcrumb","itemListElement":[{"@type":"ListItem","position":1,"name":"Home","item":"https:\/\/zandvoortsmuseum.nl\/de\/"},{"@type":"ListItem","position":2,"name":"Bildung"}]},{"@type":"WebSite","@id":"https:\/\/zandvoortsmuseum.nl\/de\/#website","url":"https:\/\/zandvoortsmuseum.nl\/de\/","name":"Zandvoorts Museum","description":"H\u00e9t centrum voor kunst en geschiedenis in Zandvoort.","publisher":{"@id":"https:\/\/zandvoortsmuseum.nl\/de\/#organization"},"alternateName":"H\u00e9t centrum voor kunst en geschiedenis in Zandvoort","potentialAction":[{"@type":"SearchAction","target":{"@type":"EntryPoint","urlTemplate":"https:\/\/zandvoortsmuseum.nl\/de\/?s={search_term_string}"},"query-input":{"@type":"PropertyValueSpecification","valueRequired":true,"valueName":"search_term_string"}}],"inLanguage":"de"},{"@type":"Organization","@id":"https:\/\/zandvoortsmuseum.nl\/de\/#organization","name":"Zandvoorts Museum","url":"https:\/\/zandvoortsmuseum.nl\/de\/","logo":{"@type":"ImageObject","inLanguage":"de","@id":"https:\/\/zandvoortsmuseum.nl\/de\/#\/schema\/logo\/image\/","url":"https:\/\/zandvoortsmuseum.nl\/wp-content\/uploads\/2025\/08\/Zandvoorts-Museum-Logo-zw-min.svg","contentUrl":"https:\/\/zandvoortsmuseum.nl\/wp-content\/uploads\/2025\/08\/Zandvoorts-Museum-Logo-zw-min.svg","width":1847,"height":412,"caption":"Zandvoorts Museum"},"image":{"@id":"https:\/\/zandvoortsmuseum.nl\/de\/#\/schema\/logo\/image\/"},"sameAs":["https:\/\/www.facebook.com\/MuseumZandvoort","https:\/\/www.instagram.com\/zandvoortsmuseum\/"]}]}},"_links":{"self":[{"href":"https:\/\/zandvoortsmuseum.nl\/de\/wp-json\/wp\/v2\/pages\/4999","targetHints":{"allow":["GET"]}}],"collection":[{"href":"https:\/\/zandvoortsmuseum.nl\/de\/wp-json\/wp\/v2\/pages"}],"about":[{"href":"https:\/\/zandvoortsmuseum.nl\/de\/wp-json\/wp\/v2\/types\/page"}],"author":[{"embeddable":true,"href":"https:\/\/zandvoortsmuseum.nl\/de\/wp-json\/wp\/v2\/users\/1"}],"replies":[{"embeddable":true,"href":"https:\/\/zandvoortsmuseum.nl\/de\/wp-json\/wp\/v2\/comments?post=4999"}],"version-history":[{"count":2,"href":"https:\/\/zandvoortsmuseum.nl\/de\/wp-json\/wp\/v2\/pages\/4999\/revisions"}],"predecessor-version":[{"id":5363,"href":"https:\/\/zandvoortsmuseum.nl\/de\/wp-json\/wp\/v2\/pages\/4999\/revisions\/5363"}],"wp:attachment":[{"href":"https:\/\/zandvoortsmuseum.nl\/de\/wp-json\/wp\/v2\/media?parent=4999"}],"curies":[{"name":"wp","href":"https:\/\/api.w.org\/{rel}","templated":true}]}}