{"id":5004,"date":"2025-08-24T20:05:06","date_gmt":"2025-08-24T18:05:06","guid":{"rendered":"https:\/\/zandvoortsmuseum.nl\/haftungsausschluss\/"},"modified":"2026-02-13T00:08:16","modified_gmt":"2026-02-12T22:08:16","slug":"haftungsausschluss","status":"publish","type":"page","link":"https:\/\/zandvoortsmuseum.nl\/de\/haftungsausschluss\/","title":{"rendered":"Haftungsausschluss"},"content":{"rendered":"\t\t<div data-elementor-type=\"wp-page\" data-elementor-id=\"5004\" class=\"elementor elementor-5004 elementor-1051\" data-elementor-post-type=\"page\">\n\t\t\t\t<div class=\"elementor-element elementor-element-66f5b58a e-con-full e-flex e-con e-parent\" data-id=\"66f5b58a\" data-element_type=\"container\" data-e-type=\"container\" data-settings=\"{&quot;background_background&quot;:&quot;classic&quot;}\">\n\t\t<div class=\"elementor-element elementor-element-10171c74 e-flex e-con-boxed e-con e-child\" data-id=\"10171c74\" data-element_type=\"container\" data-e-type=\"container\">\n\t\t\t\t\t<div class=\"e-con-inner\">\n\t\t<div class=\"elementor-element elementor-element-4dcc1403 e-con-full e-flex e-con e-child\" data-id=\"4dcc1403\" data-element_type=\"container\" data-e-type=\"container\">\n\t\t\t\t<div class=\"elementor-element elementor-element-62da421c kop-diap elementor-widget elementor-widget-heading\" data-id=\"62da421c\" data-element_type=\"widget\" data-e-type=\"widget\" data-widget_type=\"heading.default\">\n\t\t\t\t\t<h1 class=\"elementor-heading-title elementor-size-default\">Cookies<\/h1>\t\t\t\t<\/div>\n\t\t\t\t<div class=\"elementor-element elementor-element-91faedf tekst-diap elementor-widget elementor-widget-text-editor\" data-id=\"91faedf\" data-element_type=\"widget\" data-e-type=\"widget\" data-widget_type=\"text-editor.default\">\n\t\t\t\t\t\t\t\t\t<p class=\"kt-adv-heading1306_90dda3-5f wp-block-kadence-advancedheading\" data-kb-block=\"kb-adv-heading1306_90dda3-5f\">F\u00fcr diese Website verwendet das Zandvoorts Museum Cookies. Ein Cookie ist eine kleine Datensammlung, die von einem Webserver an Ihren Browser gesendet und auf der Festplatte Ihres Computers gespeichert wird. <\/p>\t\t\t\t\t\t\t\t<\/div>\n\t\t\t\t<\/div>\n\t\t<div class=\"elementor-element elementor-element-5ac8115a e-con-full e-flex e-con e-child\" data-id=\"5ac8115a\" data-element_type=\"container\" data-e-type=\"container\" data-settings=\"{&quot;background_background&quot;:&quot;classic&quot;}\">\n\t\t\t\t<div class=\"elementor-element elementor-element-5d312f5c elementor-widget elementor-widget-spacer\" data-id=\"5d312f5c\" data-element_type=\"widget\" data-e-type=\"widget\" data-widget_type=\"spacer.default\">\n\t\t\t\t\t\t\t<div class=\"elementor-spacer\">\n\t\t\t<div class=\"elementor-spacer-inner\"><\/div>\n\t\t<\/div>\n\t\t\t\t\t\t<\/div>\n\t\t\t\t<\/div>\n\t\t\t\t\t<\/div>\n\t\t\t\t<\/div>\n\t\t\t\t<\/div>\n\t\t<div class=\"elementor-element elementor-element-b1fa793 e-con-full e-flex e-con e-parent\" data-id=\"b1fa793\" data-element_type=\"container\" data-e-type=\"container\" data-settings=\"{&quot;background_background&quot;:&quot;classic&quot;}\">\n\t\t<div class=\"elementor-element elementor-element-f919fb8 e-flex e-con-boxed e-con e-child\" data-id=\"f919fb8\" data-element_type=\"container\" data-e-type=\"container\">\n\t\t\t\t\t<div class=\"e-con-inner\">\n\t\t<div class=\"elementor-element elementor-element-8d39158 e-con-full e-flex e-con e-child\" data-id=\"8d39158\" data-element_type=\"container\" data-e-type=\"container\">\n\t\t\t\t<div class=\"elementor-element elementor-element-7a6b7e1 kop-diap elementor-widget elementor-widget-heading\" data-id=\"7a6b7e1\" data-element_type=\"widget\" data-e-type=\"widget\" data-widget_type=\"heading.default\">\n\t\t\t\t\t<h2 class=\"elementor-heading-title elementor-size-default\">Haftungsausschluss<\/h2>\t\t\t\t<\/div>\n\t\t\t\t<div class=\"elementor-element elementor-element-b9236e9 tekst-diap elementor-widget elementor-widget-text-editor\" data-id=\"b9236e9\" data-element_type=\"widget\" data-e-type=\"widget\" data-widget_type=\"text-editor.default\">\n\t\t\t\t\t\t\t\t\t<div><article id=\"post-794\"><div><div><div><div id=\"kt-layout-id_820293-20\"><div><div><div><p data-kb-block=\"kb-adv-heading_60a36d-b6\">Das Zandvoorts Museum vertritt den Gedanken, dass die Geschichte von Zandvoort von all jenen geschrieben wurde und wird, die mit Zandvoort zu tun haben. Daher haben sie das Recht, dass ihre Geschichte gepflegt und f\u00fcr jedermann zug\u00e4nglich gemacht wird. Die vom Museum digitalisierten Objekte und Fotos sind aus diesem Grund f\u00fcr jedermann frei zug\u00e4nglich. Eine Geste, die von vielen gesch\u00e4tzt wird. Dadurch wird auch der Einsatz der vielen ehrenamtlichen Mitarbeiter des Museums gew\u00fcrdigt, denn durch die Ver\u00f6ffentlichung der von ihnen eingebrachten Daten und erl\u00e4uternden Texte ist ihre wichtige Arbeit f\u00fcr jedermann unmittelbar wahrnehmbar. Das Museum legt keine Beschr\u00e4nkungen f\u00fcr die Nutzung des digitalen Materials fest. Nach Ansicht des Museums handelt es sich &#8220;nur&#8221; um digitale Abbildungen und nicht um die Originalabbildung oder das Originalobjekt selbst. Dinge, die nicht \u00fcber die Website angeboten werden (z. B. digitalisierte Filme), sind nicht f\u00fcr andere als Mitarbeiter des Museums direkt verf\u00fcgbar. Dies \u00e4ndert nichts daran, dass in Absprache und unter bestimmten Bedingungen die M\u00f6glichkeit besteht, diese miteinander zu teilen. Das Zandvoorts Museum wird jedoch, auch aufgrund dieses Schreibens, die Website anpassen und eine Richtlinie bez\u00fcglich der digitalisierten Orte aufstellen, in der die Nutzung auf nichtkommerzieller Basis gestattet ist und bei Ver\u00f6ffentlichung um eine Quellenangabe gebeten wird. Die Nutzung auf kommerzieller Basis ist nur nach R\u00fccksprache mit und schriftlicher Genehmigung durch das Museum gestattet.          <\/p><\/div><\/div><\/div><\/div><\/div><\/div><\/div><\/article><\/div>\t\t\t\t\t\t\t\t<\/div>\n\t\t\t\t<\/div>\n\t\t<div class=\"elementor-element elementor-element-a5fb4ac e-con-full e-flex e-con e-child\" data-id=\"a5fb4ac\" data-element_type=\"container\" data-e-type=\"container\" data-settings=\"{&quot;background_background&quot;:&quot;classic&quot;}\">\n\t\t\t\t<div class=\"elementor-element elementor-element-9a0b430 elementor-widget elementor-widget-image\" data-id=\"9a0b430\" data-element_type=\"widget\" data-e-type=\"widget\" data-widget_type=\"image.default\">\n\t\t\t\t\t\t\t\t\t\t\t\t\t\t\t<img fetchpriority=\"high\" decoding=\"async\" width=\"800\" height=\"566\" src=\"https:\/\/zandvoortsmuseum.nl\/wp-content\/uploads\/2025\/09\/Sculpture-Now-Marlene-Sjerps-liggend-web-1024x724.jpg\" class=\"attachment-large size-large wp-image-5319\" alt=\"Sculpture Now Marlene Sjerps Liggend Web\" srcset=\"https:\/\/zandvoortsmuseum.nl\/wp-content\/uploads\/2025\/09\/Sculpture-Now-Marlene-Sjerps-liggend-web-1024x724.jpg 1024w, https:\/\/zandvoortsmuseum.nl\/wp-content\/uploads\/2025\/09\/Sculpture-Now-Marlene-Sjerps-liggend-web-300x212.jpg 300w, https:\/\/zandvoortsmuseum.nl\/wp-content\/uploads\/2025\/09\/Sculpture-Now-Marlene-Sjerps-liggend-web-768x543.jpg 768w, https:\/\/zandvoortsmuseum.nl\/wp-content\/uploads\/2025\/09\/Sculpture-Now-Marlene-Sjerps-liggend-web-1536x1086.jpg 1536w, https:\/\/zandvoortsmuseum.nl\/wp-content\/uploads\/2025\/09\/Sculpture-Now-Marlene-Sjerps-liggend-web.jpg 1920w\" sizes=\"(max-width: 800px) 100vw, 800px\" \/>\t\t\t\t\t\t\t\t\t\t\t\t\t\t\t<\/div>\n\t\t\t\t<\/div>\n\t\t\t\t\t<\/div>\n\t\t\t\t<\/div>\n\t\t\t\t<\/div>\n\t\t\t\t<\/div>\n\t\t","protected":false},"excerpt":{"rendered":"<p>Cookies F\u00fcr diese Website verwendet das Zandvoorts Museum Cookies. Ein Cookie ist eine kleine Datensammlung, die von einem Webserver an Ihren Browser gesendet und auf der Festplatte Ihres Computers gespeichert wird. Haftungsausschluss Das Zandvoorts Museum vertritt den Gedanken, dass die Geschichte von Zandvoort von all jenen geschrieben wurde und wird, die mit Zandvoort zu tun [&hellip;]<\/p>\n","protected":false},"author":1,"featured_media":0,"parent":0,"menu_order":0,"comment_status":"closed","ping_status":"closed","template":"","meta":{"_acf_changed":false,"inline_featured_image":false,"footnotes":""},"class_list":["post-5004","page","type-page","status-publish","hentry"],"acf":[],"yoast_head":"<!-- This site is optimized with the Yoast SEO plugin v27.5 - https:\/\/yoast.com\/product\/yoast-seo-wordpress\/ -->\n<title>Haftungsausschluss - Zandvoorts Museum<\/title>\n<meta name=\"robots\" content=\"index, follow, max-snippet:-1, max-image-preview:large, max-video-preview:-1\" \/>\n<link rel=\"canonical\" href=\"https:\/\/zandvoortsmuseum.nl\/de\/haftungsausschluss\/\" \/>\n<meta property=\"og:locale\" content=\"de_DE\" \/>\n<meta property=\"og:type\" content=\"article\" \/>\n<meta property=\"og:title\" content=\"Haftungsausschluss - Zandvoorts Museum\" \/>\n<meta property=\"og:description\" content=\"Cookies F\u00fcr diese Website verwendet das Zandvoorts Museum Cookies. Ein Cookie ist eine kleine Datensammlung, die von einem Webserver an Ihren Browser gesendet und auf der Festplatte Ihres Computers gespeichert wird. Haftungsausschluss Das Zandvoorts Museum vertritt den Gedanken, dass die Geschichte von Zandvoort von all jenen geschrieben wurde und wird, die mit Zandvoort zu tun [&hellip;]\" \/>\n<meta property=\"og:url\" content=\"https:\/\/zandvoortsmuseum.nl\/de\/haftungsausschluss\/\" \/>\n<meta property=\"og:site_name\" content=\"Zandvoorts Museum\" \/>\n<meta property=\"article:publisher\" content=\"https:\/\/www.facebook.com\/MuseumZandvoort\" \/>\n<meta property=\"article:modified_time\" content=\"2026-02-12T22:08:16+00:00\" \/>\n<meta property=\"og:image\" content=\"https:\/\/zandvoortsmuseum.nl\/wp-content\/uploads\/2025\/09\/Sculpture-Now-Marlene-Sjerps-liggend-web.jpg\" \/>\n\t<meta property=\"og:image:width\" content=\"1920\" \/>\n\t<meta property=\"og:image:height\" content=\"1357\" \/>\n\t<meta property=\"og:image:type\" content=\"image\/jpeg\" \/>\n<meta name=\"twitter:card\" content=\"summary_large_image\" \/>\n<meta name=\"twitter:label1\" content=\"Gesch\u00e4tzte Lesezeit\" \/>\n\t<meta name=\"twitter:data1\" content=\"1\u00a0Minute\" \/>\n<script type=\"application\/ld+json\" class=\"yoast-schema-graph\">{\"@context\":\"https:\\\/\\\/schema.org\",\"@graph\":[{\"@type\":\"WebPage\",\"@id\":\"https:\\\/\\\/zandvoortsmuseum.nl\\\/de\\\/haftungsausschluss\\\/\",\"url\":\"https:\\\/\\\/zandvoortsmuseum.nl\\\/de\\\/haftungsausschluss\\\/\",\"name\":\"Haftungsausschluss - Zandvoorts Museum\",\"isPartOf\":{\"@id\":\"https:\\\/\\\/zandvoortsmuseum.nl\\\/de\\\/#website\"},\"primaryImageOfPage\":{\"@id\":\"https:\\\/\\\/zandvoortsmuseum.nl\\\/de\\\/haftungsausschluss\\\/#primaryimage\"},\"image\":{\"@id\":\"https:\\\/\\\/zandvoortsmuseum.nl\\\/de\\\/haftungsausschluss\\\/#primaryimage\"},\"thumbnailUrl\":\"https:\\\/\\\/zandvoortsmuseum.nl\\\/wp-content\\\/uploads\\\/2025\\\/09\\\/Sculpture-Now-Marlene-Sjerps-liggend-web-1024x724.jpg\",\"datePublished\":\"2025-08-24T18:05:06+00:00\",\"dateModified\":\"2026-02-12T22:08:16+00:00\",\"breadcrumb\":{\"@id\":\"https:\\\/\\\/zandvoortsmuseum.nl\\\/de\\\/haftungsausschluss\\\/#breadcrumb\"},\"inLanguage\":\"de\",\"potentialAction\":[{\"@type\":\"ReadAction\",\"target\":[\"https:\\\/\\\/zandvoortsmuseum.nl\\\/de\\\/haftungsausschluss\\\/\"]}]},{\"@type\":\"ImageObject\",\"inLanguage\":\"de\",\"@id\":\"https:\\\/\\\/zandvoortsmuseum.nl\\\/de\\\/haftungsausschluss\\\/#primaryimage\",\"url\":\"https:\\\/\\\/zandvoortsmuseum.nl\\\/wp-content\\\/uploads\\\/2025\\\/09\\\/Sculpture-Now-Marlene-Sjerps-liggend-web-1024x724.jpg\",\"contentUrl\":\"https:\\\/\\\/zandvoortsmuseum.nl\\\/wp-content\\\/uploads\\\/2025\\\/09\\\/Sculpture-Now-Marlene-Sjerps-liggend-web-1024x724.jpg\"},{\"@type\":\"BreadcrumbList\",\"@id\":\"https:\\\/\\\/zandvoortsmuseum.nl\\\/de\\\/haftungsausschluss\\\/#breadcrumb\",\"itemListElement\":[{\"@type\":\"ListItem\",\"position\":1,\"name\":\"Home\",\"item\":\"https:\\\/\\\/zandvoortsmuseum.nl\\\/de\\\/\"},{\"@type\":\"ListItem\",\"position\":2,\"name\":\"Haftungsausschluss\"}]},{\"@type\":\"WebSite\",\"@id\":\"https:\\\/\\\/zandvoortsmuseum.nl\\\/de\\\/#website\",\"url\":\"https:\\\/\\\/zandvoortsmuseum.nl\\\/de\\\/\",\"name\":\"Zandvoorts Museum\",\"description\":\"H\u00e9t centrum voor kunst en geschiedenis in Zandvoort.\",\"publisher\":{\"@id\":\"https:\\\/\\\/zandvoortsmuseum.nl\\\/de\\\/#organization\"},\"alternateName\":\"H\u00e9t centrum voor kunst en geschiedenis in Zandvoort\",\"potentialAction\":[{\"@type\":\"SearchAction\",\"target\":{\"@type\":\"EntryPoint\",\"urlTemplate\":\"https:\\\/\\\/zandvoortsmuseum.nl\\\/de\\\/?s={search_term_string}\"},\"query-input\":{\"@type\":\"PropertyValueSpecification\",\"valueRequired\":true,\"valueName\":\"search_term_string\"}}],\"inLanguage\":\"de\"},{\"@type\":\"Organization\",\"@id\":\"https:\\\/\\\/zandvoortsmuseum.nl\\\/de\\\/#organization\",\"name\":\"Zandvoorts Museum\",\"url\":\"https:\\\/\\\/zandvoortsmuseum.nl\\\/de\\\/\",\"logo\":{\"@type\":\"ImageObject\",\"inLanguage\":\"de\",\"@id\":\"https:\\\/\\\/zandvoortsmuseum.nl\\\/de\\\/#\\\/schema\\\/logo\\\/image\\\/\",\"url\":\"https:\\\/\\\/zandvoortsmuseum.nl\\\/wp-content\\\/uploads\\\/2025\\\/08\\\/Zandvoorts-Museum-Logo-zw-min.svg\",\"contentUrl\":\"https:\\\/\\\/zandvoortsmuseum.nl\\\/wp-content\\\/uploads\\\/2025\\\/08\\\/Zandvoorts-Museum-Logo-zw-min.svg\",\"width\":1847,\"height\":412,\"caption\":\"Zandvoorts Museum\"},\"image\":{\"@id\":\"https:\\\/\\\/zandvoortsmuseum.nl\\\/de\\\/#\\\/schema\\\/logo\\\/image\\\/\"},\"sameAs\":[\"https:\\\/\\\/www.facebook.com\\\/MuseumZandvoort\",\"https:\\\/\\\/www.instagram.com\\\/zandvoortsmuseum\\\/\"]}]}<\/script>\n<!-- \/ Yoast SEO plugin. -->","yoast_head_json":{"title":"Haftungsausschluss - Zandvoorts Museum","robots":{"index":"index","follow":"follow","max-snippet":"max-snippet:-1","max-image-preview":"max-image-preview:large","max-video-preview":"max-video-preview:-1"},"canonical":"https:\/\/zandvoortsmuseum.nl\/de\/haftungsausschluss\/","og_locale":"de_DE","og_type":"article","og_title":"Haftungsausschluss - Zandvoorts Museum","og_description":"Cookies F\u00fcr diese Website verwendet das Zandvoorts Museum Cookies. Ein Cookie ist eine kleine Datensammlung, die von einem Webserver an Ihren Browser gesendet und auf der Festplatte Ihres Computers gespeichert wird. Haftungsausschluss Das Zandvoorts Museum vertritt den Gedanken, dass die Geschichte von Zandvoort von all jenen geschrieben wurde und wird, die mit Zandvoort zu tun [&hellip;]","og_url":"https:\/\/zandvoortsmuseum.nl\/de\/haftungsausschluss\/","og_site_name":"Zandvoorts Museum","article_publisher":"https:\/\/www.facebook.com\/MuseumZandvoort","article_modified_time":"2026-02-12T22:08:16+00:00","og_image":[{"width":1920,"height":1357,"url":"https:\/\/zandvoortsmuseum.nl\/wp-content\/uploads\/2025\/09\/Sculpture-Now-Marlene-Sjerps-liggend-web.jpg","type":"image\/jpeg"}],"twitter_card":"summary_large_image","twitter_misc":{"Gesch\u00e4tzte Lesezeit":"1\u00a0Minute"},"schema":{"@context":"https:\/\/schema.org","@graph":[{"@type":"WebPage","@id":"https:\/\/zandvoortsmuseum.nl\/de\/haftungsausschluss\/","url":"https:\/\/zandvoortsmuseum.nl\/de\/haftungsausschluss\/","name":"Haftungsausschluss - Zandvoorts Museum","isPartOf":{"@id":"https:\/\/zandvoortsmuseum.nl\/de\/#website"},"primaryImageOfPage":{"@id":"https:\/\/zandvoortsmuseum.nl\/de\/haftungsausschluss\/#primaryimage"},"image":{"@id":"https:\/\/zandvoortsmuseum.nl\/de\/haftungsausschluss\/#primaryimage"},"thumbnailUrl":"https:\/\/zandvoortsmuseum.nl\/wp-content\/uploads\/2025\/09\/Sculpture-Now-Marlene-Sjerps-liggend-web-1024x724.jpg","datePublished":"2025-08-24T18:05:06+00:00","dateModified":"2026-02-12T22:08:16+00:00","breadcrumb":{"@id":"https:\/\/zandvoortsmuseum.nl\/de\/haftungsausschluss\/#breadcrumb"},"inLanguage":"de","potentialAction":[{"@type":"ReadAction","target":["https:\/\/zandvoortsmuseum.nl\/de\/haftungsausschluss\/"]}]},{"@type":"ImageObject","inLanguage":"de","@id":"https:\/\/zandvoortsmuseum.nl\/de\/haftungsausschluss\/#primaryimage","url":"https:\/\/zandvoortsmuseum.nl\/wp-content\/uploads\/2025\/09\/Sculpture-Now-Marlene-Sjerps-liggend-web-1024x724.jpg","contentUrl":"https:\/\/zandvoortsmuseum.nl\/wp-content\/uploads\/2025\/09\/Sculpture-Now-Marlene-Sjerps-liggend-web-1024x724.jpg"},{"@type":"BreadcrumbList","@id":"https:\/\/zandvoortsmuseum.nl\/de\/haftungsausschluss\/#breadcrumb","itemListElement":[{"@type":"ListItem","position":1,"name":"Home","item":"https:\/\/zandvoortsmuseum.nl\/de\/"},{"@type":"ListItem","position":2,"name":"Haftungsausschluss"}]},{"@type":"WebSite","@id":"https:\/\/zandvoortsmuseum.nl\/de\/#website","url":"https:\/\/zandvoortsmuseum.nl\/de\/","name":"Zandvoorts Museum","description":"H\u00e9t centrum voor kunst en geschiedenis in Zandvoort.","publisher":{"@id":"https:\/\/zandvoortsmuseum.nl\/de\/#organization"},"alternateName":"H\u00e9t centrum voor kunst en geschiedenis in Zandvoort","potentialAction":[{"@type":"SearchAction","target":{"@type":"EntryPoint","urlTemplate":"https:\/\/zandvoortsmuseum.nl\/de\/?s={search_term_string}"},"query-input":{"@type":"PropertyValueSpecification","valueRequired":true,"valueName":"search_term_string"}}],"inLanguage":"de"},{"@type":"Organization","@id":"https:\/\/zandvoortsmuseum.nl\/de\/#organization","name":"Zandvoorts Museum","url":"https:\/\/zandvoortsmuseum.nl\/de\/","logo":{"@type":"ImageObject","inLanguage":"de","@id":"https:\/\/zandvoortsmuseum.nl\/de\/#\/schema\/logo\/image\/","url":"https:\/\/zandvoortsmuseum.nl\/wp-content\/uploads\/2025\/08\/Zandvoorts-Museum-Logo-zw-min.svg","contentUrl":"https:\/\/zandvoortsmuseum.nl\/wp-content\/uploads\/2025\/08\/Zandvoorts-Museum-Logo-zw-min.svg","width":1847,"height":412,"caption":"Zandvoorts Museum"},"image":{"@id":"https:\/\/zandvoortsmuseum.nl\/de\/#\/schema\/logo\/image\/"},"sameAs":["https:\/\/www.facebook.com\/MuseumZandvoort","https:\/\/www.instagram.com\/zandvoortsmuseum\/"]}]}},"_links":{"self":[{"href":"https:\/\/zandvoortsmuseum.nl\/de\/wp-json\/wp\/v2\/pages\/5004","targetHints":{"allow":["GET"]}}],"collection":[{"href":"https:\/\/zandvoortsmuseum.nl\/de\/wp-json\/wp\/v2\/pages"}],"about":[{"href":"https:\/\/zandvoortsmuseum.nl\/de\/wp-json\/wp\/v2\/types\/page"}],"author":[{"embeddable":true,"href":"https:\/\/zandvoortsmuseum.nl\/de\/wp-json\/wp\/v2\/users\/1"}],"replies":[{"embeddable":true,"href":"https:\/\/zandvoortsmuseum.nl\/de\/wp-json\/wp\/v2\/comments?post=5004"}],"version-history":[{"count":2,"href":"https:\/\/zandvoortsmuseum.nl\/de\/wp-json\/wp\/v2\/pages\/5004\/revisions"}],"predecessor-version":[{"id":5372,"href":"https:\/\/zandvoortsmuseum.nl\/de\/wp-json\/wp\/v2\/pages\/5004\/revisions\/5372"}],"wp:attachment":[{"href":"https:\/\/zandvoortsmuseum.nl\/de\/wp-json\/wp\/v2\/media?parent=5004"}],"curies":[{"name":"wp","href":"https:\/\/api.w.org\/{rel}","templated":true}]}}