{"id":5072,"date":"2025-08-24T19:10:06","date_gmt":"2025-08-24T17:10:06","guid":{"rendered":"https:\/\/zandvoortsmuseum.nl\/oeffnungszeiten\/"},"modified":"2026-04-08T11:44:26","modified_gmt":"2026-04-08T09:44:26","slug":"oeffnungszeiten","status":"publish","type":"page","link":"https:\/\/zandvoortsmuseum.nl\/de\/oeffnungszeiten\/","title":{"rendered":"\u00d6ffnungszeiten"},"content":{"rendered":"\t\t<div data-elementor-type=\"wp-page\" data-elementor-id=\"5072\" class=\"elementor elementor-5072 elementor-951\" data-elementor-post-type=\"page\">\n\t\t\t\t<div class=\"elementor-element elementor-element-43722b30 e-con-full e-flex e-con e-parent\" data-id=\"43722b30\" data-element_type=\"container\" data-e-type=\"container\" data-settings=\"{&quot;background_background&quot;:&quot;classic&quot;}\">\n\t\t<div class=\"elementor-element elementor-element-8844091 e-flex e-con-boxed e-con e-child\" data-id=\"8844091\" data-element_type=\"container\" data-e-type=\"container\">\n\t\t\t\t\t<div class=\"e-con-inner\">\n\t\t<div class=\"elementor-element elementor-element-5d19610b e-con-full e-flex e-con e-child\" data-id=\"5d19610b\" data-element_type=\"container\" data-e-type=\"container\">\n\t\t\t\t<div class=\"elementor-element elementor-element-661ba89f kop-diap elementor-widget elementor-widget-heading\" data-id=\"661ba89f\" data-element_type=\"widget\" data-e-type=\"widget\" data-widget_type=\"heading.default\">\n\t\t\t\t\t<h2 class=\"elementor-heading-title elementor-size-default\">\u00d6ffnungszeiten &amp; Preise<\/h2>\t\t\t\t<\/div>\n\t\t\t\t<div class=\"elementor-element elementor-element-653ed3c1 tekst-diap elementor-widget elementor-widget-text-editor\" data-id=\"653ed3c1\" data-element_type=\"widget\" data-e-type=\"widget\" data-widget_type=\"text-editor.default\">\n\t\t\t\t\t\t\t\t\t<p>Das Zandvoorts Museum ist von Dienstag bis Sonntag von 10:00 bis 17:00 Uhr ge\u00f6ffnet.<\/p><p>Fr\u00fcher geschlossen:<\/p><ul><li>Pakjesavond (5. Dezember 2026) <br>schlie\u00dft das Museum um 16 Uhr<\/li><li>Heiligabend (24. Dezember 2026) <br>schlie\u00dft das Museum um 16 Uhr<\/li><li>Silvester (31. Dezember 2026) <br>schlie\u00dft das Museum um 16 Uhr<\/li><\/ul><p>Geschlossen am Neujahrstag, Ostersonntag, Koningsdag, Bevrijdingsdag und Ersten Weihnachtstag.<\/p><p>F\u00fchrungen bitte auch anmelden \u00fcber <a href=\"mailto:info@zandvoortsmuseum.nl\" target=\"_blank\" rel=\"noopener\">info@zandvoortsmuseum.nl.<\/a><\/p>\t\t\t\t\t\t\t\t<\/div>\n\t\t\t\t<\/div>\n\t\t<div class=\"elementor-element elementor-element-25c79bb3 e-con-full e-flex e-con e-child\" data-id=\"25c79bb3\" data-element_type=\"container\" data-e-type=\"container\" data-settings=\"{&quot;background_background&quot;:&quot;classic&quot;}\">\n\t\t\t\t<\/div>\n\t\t\t\t\t<\/div>\n\t\t\t\t<\/div>\n\t\t\t\t<\/div>\n\t\t<div class=\"elementor-element elementor-element-f553f38 e-flex e-con-boxed e-con e-parent\" data-id=\"f553f38\" data-element_type=\"container\" data-e-type=\"container\">\n\t\t\t\t\t<div class=\"e-con-inner\">\n\t\t\t\t<div class=\"elementor-element elementor-element-058cd23 elementor-widget elementor-widget-spacer\" data-id=\"058cd23\" data-element_type=\"widget\" data-e-type=\"widget\" data-widget_type=\"spacer.default\">\n\t\t\t\t\t\t\t<div class=\"elementor-spacer\">\n\t\t\t<div class=\"elementor-spacer-inner\"><\/div>\n\t\t<\/div>\n\t\t\t\t\t\t<\/div>\n\t\t\t\t\t<\/div>\n\t\t\t\t<\/div>\n\t\t<div class=\"elementor-element elementor-element-7db1387 e-flex e-con-boxed e-con e-parent\" data-id=\"7db1387\" data-element_type=\"container\" data-e-type=\"container\">\n\t\t\t\t\t<div class=\"e-con-inner\">\n\t\t\t\t<div class=\"elementor-element elementor-element-37aff4a elementor-widget elementor-widget-heading\" data-id=\"37aff4a\" data-element_type=\"widget\" data-e-type=\"widget\" data-widget_type=\"heading.default\">\n\t\t\t\t\t<h2 class=\"elementor-heading-title elementor-size-default\">Preise<\/h2>\t\t\t\t<\/div>\n\t\t\t\t\t<\/div>\n\t\t\t\t<\/div>\n\t\t<div class=\"elementor-element elementor-element-abbeca6 e-flex e-con-boxed e-con e-parent\" data-id=\"abbeca6\" data-element_type=\"container\" data-e-type=\"container\">\n\t\t\t\t\t<div class=\"e-con-inner\">\n\t\t\t\t<div class=\"elementor-element elementor-element-acca342 elementor-widget elementor-widget-text-editor\" data-id=\"acca342\" data-element_type=\"widget\" data-e-type=\"widget\" data-widget_type=\"text-editor.default\">\n\t\t\t\t\t\t\t\t\t<h3>Eintrittspreis Museum Zandvoorts<br>Erwachsene (ab 18 Jahren) 11,50 \u20ac<\/h3><h4>Mit den folgenden Karten haben Sie freien Eintritt ins Zandvoorts Museum:<\/h4><p>Museumkaart, CJP, ICOM-Karte, Freunde des Zandvoorts Museums, Rembrandtkarte Ver. Rembrandt, Zandvoort Pas, Haarlem Pas, Stadspas. <\/p><p>Tickets f\u00fcr das Museum k\u00f6nnen Sie NICHT online kaufen, sondern nur an der Kasse im Museum. Wir bitten Sie, alle Ihre Zahlungen im Museum (Theke, Museumscaf\u00e9 und Museumsshop) so weit wie m\u00f6glich mit Ihrer EC-Karte vorzunehmen. <\/p><h2>Museumkaart<\/h2><p>Die Museumskarte ist am Schalter erh\u00e4ltlich (solange der Vorrat reicht). Sie k\u00f6nnen die Museumskarte anschlie\u00dfend sofort nutzen. <\/p><div> <\/div><div> <\/div>\t\t\t\t\t\t\t\t<\/div>\n\t\t\t\t\t<\/div>\n\t\t\t\t<\/div>\n\t\t<div class=\"elementor-element elementor-element-e87191f e-con-full e-flex e-con e-parent\" data-id=\"e87191f\" data-element_type=\"container\" data-e-type=\"container\" data-settings=\"{&quot;background_background&quot;:&quot;classic&quot;}\">\n\t\t<div class=\"elementor-element elementor-element-ccadbbb e-flex e-con-boxed e-con e-child\" data-id=\"ccadbbb\" data-element_type=\"container\" data-e-type=\"container\">\n\t\t\t\t\t<div class=\"e-con-inner\">\n\t\t<div class=\"elementor-element elementor-element-5e07c6f e-con-full e-flex e-con e-child\" data-id=\"5e07c6f\" data-element_type=\"container\" data-e-type=\"container\">\n\t\t\t\t<div class=\"elementor-element elementor-element-35618f4 kop elementor-widget elementor-widget-heading\" data-id=\"35618f4\" data-element_type=\"widget\" data-e-type=\"widget\" data-widget_type=\"heading.default\">\n\t\t\t\t\t<h2 class=\"elementor-heading-title elementor-size-default\">F\u00fchrungen<\/h2>\t\t\t\t<\/div>\n\t\t\t\t<div class=\"elementor-element elementor-element-c75f495 tekst elementor-widget elementor-widget-text-editor\" data-id=\"c75f495\" data-element_type=\"widget\" data-e-type=\"widget\" data-widget_type=\"text-editor.default\">\n\t\t\t\t\t\t\t\t\t<p>Das Zandvoorts Museum bietet verschiedene F\u00fchrungen f\u00fcr Gruppen von mindestens 6 und maximal 15 Personen innerhalb und au\u00dferhalb des Museums an.<\/p>\t\t\t\t\t\t\t\t<\/div>\n\t\t\t\t<div class=\"elementor-element elementor-element-da0a565 elementor-widget elementor-widget-button\" data-id=\"da0a565\" data-element_type=\"widget\" data-e-type=\"widget\" data-widget_type=\"button.default\">\n\t\t\t\t\t\t\t\t\t\t<a class=\"elementor-button elementor-button-link elementor-size-sm\" href=\"https:\/\/zandvoortsmuseum.nl\/de\/fuehrungen\/\">\n\t\t\t\t\t\t<span class=\"elementor-button-content-wrapper\">\n\t\t\t\t\t\t<span class=\"elementor-button-icon\">\n\t\t\t\t<svg aria-hidden=\"true\" class=\"e-font-icon-svg e-fas-chevron-right\" viewBox=\"0 0 320 512\" xmlns=\"http:\/\/www.w3.org\/2000\/svg\"><path d=\"M285.476 272.971L91.132 467.314c-9.373 9.373-24.569 9.373-33.941 0l-22.667-22.667c-9.357-9.357-9.375-24.522-.04-33.901L188.505 256 34.484 101.255c-9.335-9.379-9.317-24.544.04-33.901l22.667-22.667c9.373-9.373 24.569-9.373 33.941 0L285.475 239.03c9.373 9.372 9.373 24.568.001 33.941z\"><\/path><\/svg>\t\t\t<\/span>\n\t\t\t\t\t\t\t\t\t<span class=\"elementor-button-text\">Weitere Informationen<\/span>\n\t\t\t\t\t<\/span>\n\t\t\t\t\t<\/a>\n\t\t\t\t\t\t\t\t<\/div>\n\t\t\t\t<\/div>\n\t\t<div class=\"elementor-element elementor-element-2affa26 e-con-full e-flex e-con e-child\" data-id=\"2affa26\" data-element_type=\"container\" data-e-type=\"container\" data-settings=\"{&quot;background_background&quot;:&quot;classic&quot;}\">\n\t\t\t\t<div class=\"elementor-element elementor-element-502d314 elementor-widget elementor-widget-image\" data-id=\"502d314\" data-element_type=\"widget\" data-e-type=\"widget\" data-widget_type=\"image.default\">\n\t\t\t\t\t\t\t\t\t\t\t\t\t\t\t<img fetchpriority=\"high\" decoding=\"async\" width=\"800\" height=\"800\" src=\"https:\/\/zandvoortsmuseum.nl\/wp-content\/uploads\/2025\/08\/logo-zandvoorts-museum-vierkant-zw-min.svg\" class=\"attachment-large size-large wp-image-4700\" alt=\"Logo Zandvoorts Museum Quadratisch Sw Min\" \/>\t\t\t\t\t\t\t\t\t\t\t\t\t\t\t<\/div>\n\t\t\t\t<\/div>\n\t\t\t\t\t<\/div>\n\t\t\t\t<\/div>\n\t\t\t\t<\/div>\n\t\t<div class=\"elementor-element elementor-element-c934e1d e-con-full elementor-hidden-desktop elementor-hidden-tablet elementor-hidden-mobile e-flex e-con e-parent\" data-id=\"c934e1d\" data-element_type=\"container\" data-e-type=\"container\" data-settings=\"{&quot;background_background&quot;:&quot;classic&quot;}\">\n\t\t<div class=\"elementor-element elementor-element-36379b5 e-flex e-con-boxed e-con e-child\" data-id=\"36379b5\" data-element_type=\"container\" data-e-type=\"container\">\n\t\t\t\t\t<div class=\"e-con-inner\">\n\t\t<div class=\"elementor-element elementor-element-4e043b6 e-con-full e-flex e-con e-child\" data-id=\"4e043b6\" data-element_type=\"container\" data-e-type=\"container\">\n\t\t\t\t<div class=\"elementor-element elementor-element-290e7ca kop-diap elementor-widget elementor-widget-heading\" data-id=\"290e7ca\" data-element_type=\"widget\" data-e-type=\"widget\" data-widget_type=\"heading.default\">\n\t\t\t\t\t<h1 class=\"elementor-heading-title elementor-size-default\">Preise<\/h1>\t\t\t\t<\/div>\n\t\t\t\t<div class=\"elementor-element elementor-element-152a76e tekst-diap elementor-widget elementor-widget-text-editor\" data-id=\"152a76e\" data-element_type=\"widget\" data-e-type=\"widget\" data-widget_type=\"text-editor.default\">\n\t\t\t\t\t\t\t\t\t<table class=\"has-theme-palette-9-color has-text-color has-background has-fixed-layout\"><tbody><tr><td class=\"has-text-align-left\" data-align=\"left\">Erwachsene (ab 18 Jahren)<\/td><td>11,50 \u20ac<\/td><\/tr><tr><td class=\"has-text-align-left\" data-align=\"left\">Jugendliche bis 17 Jahre<\/td><td>Kostenlos<\/td><\/tr><tr><td class=\"has-text-align-left\" data-align=\"left\">CJP<\/td><td>Kostenlos<\/td><\/tr><tr><td class=\"has-text-align-left\" data-align=\"left\">Museumskarte<\/td><td>Kostenlos<\/td><\/tr><tr><td class=\"has-text-align-left\" data-align=\"left\">Rembrandtkarte Ver. Rembrandt<\/td><td>Kostenlos<\/td><\/tr><tr><td class=\"has-text-align-left\" data-align=\"left\">Zandvoort Pass<\/td><td>Kostenlos<\/td><\/tr><tr><td class=\"has-text-align-left\" data-align=\"left\">Freund des Zandvoorts Museums<\/td><td>Kostenlos<\/td><\/tr><tr><td class=\"has-text-align-left\" data-align=\"left\">Haarlem Pass<\/td><td>Kostenlos<\/td><\/tr><tr><td class=\"has-text-align-left\" data-align=\"left\">Stadspas<\/td><td>Kostenlos<\/td><\/tr><tr><td class=\"has-text-align-left\" data-align=\"left\">ICOM<\/td><td>Kostenlos<\/td><\/tr><tr><td class=\"has-text-align-left\" data-align=\"left\">Einf\u00fchrungsf\u00fchrung<\/td><td>Kostenlos<\/td><\/tr><tr><td class=\"has-text-align-left\" data-align=\"left\">Schnitzeljagd \/ Familienroute<\/td><td>Kostenlos<\/td><\/tr><tr><td class=\"has-text-align-left\" data-align=\"left\">F\u00fchrungen nach Vereinbarung<\/td><td>5,50 \u20ac p.P. (exklusive Museumseintritt)<\/td><td class=\"has-text-align-left\" data-align=\"left\"> <\/td> <\/tr><tr><td class=\"has-text-align-left\" data-align=\"left\">Workshop Kinder<\/td><td>5,00 \u20ac p.P.<\/td><td class=\"has-text-align-left\" data-align=\"left\"> <\/td> <\/tr><tr><td class=\"has-text-align-left\" data-align=\"left\">Wanderung Entdecken Sie Zandvoort<\/td><td>10,00 \u20ac<\/td><td class=\"has-text-align-left\" data-align=\"left\"> <\/td> <\/tr><tr><td class=\"has-text-align-left\" data-align=\"left\">Bunkerwanderung<\/td><td>10,00 \u20ac<\/td><td class=\"has-text-align-left\" data-align=\"left\"> <\/td> <\/tr><tr><td class=\"has-text-align-left\" data-align=\"left\">Lesungen<\/td><td>10,00 \u20ac<\/td><td class=\"has-text-align-left\" data-align=\"left\"> <\/td> <\/tr><\/tbody><\/table><p class=\"p1\">F\u00fcr weitere Informationen und Buchungen <a href=\"mailto:info@zandvoortsmuseum.nl\"><span class=\"s1\">info@zandvoortsmuseum.nl<\/span><\/a><\/p><p class=\"p1\"> <\/p>\t\t\t\t\t\t\t\t<\/div>\n\t\t\t\t<\/div>\n\t\t\t\t\t<\/div>\n\t\t\t\t<\/div>\n\t\t\t\t<\/div>\n\t\t\t\t<\/div>\n\t\t","protected":false},"excerpt":{"rendered":"<p>\u00d6ffnungszeiten &amp; Preise Das Zandvoorts Museum ist von Dienstag bis Sonntag von 10:00 bis 17:00 Uhr ge\u00f6ffnet. Fr\u00fcher geschlossen: Pakjesavond (5. Dezember 2026) schlie\u00dft das Museum um 16 Uhr Heiligabend (24. Dezember 2026) schlie\u00dft das Museum um 16 Uhr Silvester (31. Dezember 2026) schlie\u00dft das Museum um 16 Uhr Geschlossen am Neujahrstag, Ostersonntag, Koningsdag, Bevrijdingsdag [&hellip;]<\/p>\n","protected":false},"author":1,"featured_media":0,"parent":0,"menu_order":0,"comment_status":"closed","ping_status":"closed","template":"","meta":{"_acf_changed":false,"inline_featured_image":false,"footnotes":""},"class_list":["post-5072","page","type-page","status-publish","hentry"],"acf":[],"yoast_head":"<!-- This site is optimized with the Yoast SEO plugin v27.3 - https:\/\/yoast.com\/product\/yoast-seo-wordpress\/ -->\n<title>\u00d6ffnungszeiten - Zandvoorts Museum<\/title>\n<meta name=\"description\" content=\"Das Zandvoorts Museum ist von Dienstag bis Sonntag von 10:00 bis 17:00 Uhr ge\u00f6ffnet.\" \/>\n<meta name=\"robots\" content=\"index, follow, max-snippet:-1, max-image-preview:large, max-video-preview:-1\" \/>\n<link rel=\"canonical\" href=\"https:\/\/zandvoortsmuseum.nl\/de\/oeffnungszeiten\/\" \/>\n<meta property=\"og:locale\" content=\"de_DE\" \/>\n<meta property=\"og:type\" content=\"article\" \/>\n<meta property=\"og:title\" content=\"\u00d6ffnungszeiten - Zandvoorts Museum\" \/>\n<meta property=\"og:description\" content=\"Das Zandvoorts Museum ist von Dienstag bis Sonntag von 10:00 bis 17:00 Uhr ge\u00f6ffnet.\" \/>\n<meta property=\"og:url\" content=\"https:\/\/zandvoortsmuseum.nl\/de\/oeffnungszeiten\/\" \/>\n<meta property=\"og:site_name\" content=\"Zandvoorts Museum\" \/>\n<meta property=\"article:publisher\" content=\"https:\/\/www.facebook.com\/MuseumZandvoort\" \/>\n<meta property=\"article:modified_time\" content=\"2026-04-08T09:44:26+00:00\" \/>\n<meta property=\"og:image\" content=\"https:\/\/zandvoortsmuseum.nl\/wp-content\/uploads\/2025\/08\/zandvoorts-museum-logo-2025-zw.png\" \/>\n\t<meta property=\"og:image:width\" content=\"664\" \/>\n\t<meta property=\"og:image:height\" content=\"118\" \/>\n\t<meta property=\"og:image:type\" content=\"image\/png\" \/>\n<meta name=\"twitter:card\" content=\"summary_large_image\" \/>\n<meta name=\"twitter:label1\" content=\"Gesch\u00e4tzte Lesezeit\" \/>\n\t<meta name=\"twitter:data1\" content=\"1\u00a0Minute\" \/>\n<script type=\"application\/ld+json\" class=\"yoast-schema-graph\">{\"@context\":\"https:\\\/\\\/schema.org\",\"@graph\":[{\"@type\":\"WebPage\",\"@id\":\"https:\\\/\\\/zandvoortsmuseum.nl\\\/de\\\/oeffnungszeiten\\\/\",\"url\":\"https:\\\/\\\/zandvoortsmuseum.nl\\\/de\\\/oeffnungszeiten\\\/\",\"name\":\"\u00d6ffnungszeiten - Zandvoorts Museum\",\"isPartOf\":{\"@id\":\"https:\\\/\\\/zandvoortsmuseum.nl\\\/de\\\/#website\"},\"primaryImageOfPage\":{\"@id\":\"https:\\\/\\\/zandvoortsmuseum.nl\\\/de\\\/oeffnungszeiten\\\/#primaryimage\"},\"image\":{\"@id\":\"https:\\\/\\\/zandvoortsmuseum.nl\\\/de\\\/oeffnungszeiten\\\/#primaryimage\"},\"thumbnailUrl\":\"https:\\\/\\\/zandvoortsmuseum.nl\\\/wp-content\\\/uploads\\\/2025\\\/08\\\/logo-zandvoorts-museum-vierkant-zw-min.svg\",\"datePublished\":\"2025-08-24T17:10:06+00:00\",\"dateModified\":\"2026-04-08T09:44:26+00:00\",\"description\":\"Das Zandvoorts Museum ist von Dienstag bis Sonntag von 10:00 bis 17:00 Uhr ge\u00f6ffnet.\",\"breadcrumb\":{\"@id\":\"https:\\\/\\\/zandvoortsmuseum.nl\\\/de\\\/oeffnungszeiten\\\/#breadcrumb\"},\"inLanguage\":\"de\",\"potentialAction\":[{\"@type\":\"ReadAction\",\"target\":[\"https:\\\/\\\/zandvoortsmuseum.nl\\\/de\\\/oeffnungszeiten\\\/\"]}]},{\"@type\":\"ImageObject\",\"inLanguage\":\"de\",\"@id\":\"https:\\\/\\\/zandvoortsmuseum.nl\\\/de\\\/oeffnungszeiten\\\/#primaryimage\",\"url\":\"https:\\\/\\\/zandvoortsmuseum.nl\\\/wp-content\\\/uploads\\\/2025\\\/08\\\/logo-zandvoorts-museum-vierkant-zw-min.svg\",\"contentUrl\":\"https:\\\/\\\/zandvoortsmuseum.nl\\\/wp-content\\\/uploads\\\/2025\\\/08\\\/logo-zandvoorts-museum-vierkant-zw-min.svg\"},{\"@type\":\"BreadcrumbList\",\"@id\":\"https:\\\/\\\/zandvoortsmuseum.nl\\\/de\\\/oeffnungszeiten\\\/#breadcrumb\",\"itemListElement\":[{\"@type\":\"ListItem\",\"position\":1,\"name\":\"Home\",\"item\":\"https:\\\/\\\/zandvoortsmuseum.nl\\\/de\\\/\"},{\"@type\":\"ListItem\",\"position\":2,\"name\":\"\u00d6ffnungszeiten\"}]},{\"@type\":\"WebSite\",\"@id\":\"https:\\\/\\\/zandvoortsmuseum.nl\\\/de\\\/#website\",\"url\":\"https:\\\/\\\/zandvoortsmuseum.nl\\\/de\\\/\",\"name\":\"Zandvoorts Museum\",\"description\":\"H\u00e9t centrum voor kunst en geschiedenis in Zandvoort.\",\"publisher\":{\"@id\":\"https:\\\/\\\/zandvoortsmuseum.nl\\\/de\\\/#organization\"},\"alternateName\":\"H\u00e9t centrum voor kunst en geschiedenis in Zandvoort\",\"potentialAction\":[{\"@type\":\"SearchAction\",\"target\":{\"@type\":\"EntryPoint\",\"urlTemplate\":\"https:\\\/\\\/zandvoortsmuseum.nl\\\/de\\\/?s={search_term_string}\"},\"query-input\":{\"@type\":\"PropertyValueSpecification\",\"valueRequired\":true,\"valueName\":\"search_term_string\"}}],\"inLanguage\":\"de\"},{\"@type\":\"Organization\",\"@id\":\"https:\\\/\\\/zandvoortsmuseum.nl\\\/de\\\/#organization\",\"name\":\"Zandvoorts Museum\",\"url\":\"https:\\\/\\\/zandvoortsmuseum.nl\\\/de\\\/\",\"logo\":{\"@type\":\"ImageObject\",\"inLanguage\":\"de\",\"@id\":\"https:\\\/\\\/zandvoortsmuseum.nl\\\/de\\\/#\\\/schema\\\/logo\\\/image\\\/\",\"url\":\"https:\\\/\\\/zandvoortsmuseum.nl\\\/wp-content\\\/uploads\\\/2025\\\/08\\\/Zandvoorts-Museum-Logo-zw-min.svg\",\"contentUrl\":\"https:\\\/\\\/zandvoortsmuseum.nl\\\/wp-content\\\/uploads\\\/2025\\\/08\\\/Zandvoorts-Museum-Logo-zw-min.svg\",\"width\":1847,\"height\":412,\"caption\":\"Zandvoorts Museum\"},\"image\":{\"@id\":\"https:\\\/\\\/zandvoortsmuseum.nl\\\/de\\\/#\\\/schema\\\/logo\\\/image\\\/\"},\"sameAs\":[\"https:\\\/\\\/www.facebook.com\\\/MuseumZandvoort\",\"https:\\\/\\\/www.instagram.com\\\/zandvoortsmuseum\\\/\"]}]}<\/script>\n<!-- \/ Yoast SEO plugin. -->","yoast_head_json":{"title":"\u00d6ffnungszeiten - Zandvoorts Museum","description":"Das Zandvoorts Museum ist von Dienstag bis Sonntag von 10:00 bis 17:00 Uhr ge\u00f6ffnet.","robots":{"index":"index","follow":"follow","max-snippet":"max-snippet:-1","max-image-preview":"max-image-preview:large","max-video-preview":"max-video-preview:-1"},"canonical":"https:\/\/zandvoortsmuseum.nl\/de\/oeffnungszeiten\/","og_locale":"de_DE","og_type":"article","og_title":"\u00d6ffnungszeiten - Zandvoorts Museum","og_description":"Das Zandvoorts Museum ist von Dienstag bis Sonntag von 10:00 bis 17:00 Uhr ge\u00f6ffnet.","og_url":"https:\/\/zandvoortsmuseum.nl\/de\/oeffnungszeiten\/","og_site_name":"Zandvoorts Museum","article_publisher":"https:\/\/www.facebook.com\/MuseumZandvoort","article_modified_time":"2026-04-08T09:44:26+00:00","og_image":[{"width":664,"height":118,"url":"https:\/\/zandvoortsmuseum.nl\/wp-content\/uploads\/2025\/08\/zandvoorts-museum-logo-2025-zw.png","type":"image\/png"}],"twitter_card":"summary_large_image","twitter_misc":{"Gesch\u00e4tzte Lesezeit":"1\u00a0Minute"},"schema":{"@context":"https:\/\/schema.org","@graph":[{"@type":"WebPage","@id":"https:\/\/zandvoortsmuseum.nl\/de\/oeffnungszeiten\/","url":"https:\/\/zandvoortsmuseum.nl\/de\/oeffnungszeiten\/","name":"\u00d6ffnungszeiten - Zandvoorts Museum","isPartOf":{"@id":"https:\/\/zandvoortsmuseum.nl\/de\/#website"},"primaryImageOfPage":{"@id":"https:\/\/zandvoortsmuseum.nl\/de\/oeffnungszeiten\/#primaryimage"},"image":{"@id":"https:\/\/zandvoortsmuseum.nl\/de\/oeffnungszeiten\/#primaryimage"},"thumbnailUrl":"https:\/\/zandvoortsmuseum.nl\/wp-content\/uploads\/2025\/08\/logo-zandvoorts-museum-vierkant-zw-min.svg","datePublished":"2025-08-24T17:10:06+00:00","dateModified":"2026-04-08T09:44:26+00:00","description":"Das Zandvoorts Museum ist von Dienstag bis Sonntag von 10:00 bis 17:00 Uhr ge\u00f6ffnet.","breadcrumb":{"@id":"https:\/\/zandvoortsmuseum.nl\/de\/oeffnungszeiten\/#breadcrumb"},"inLanguage":"de","potentialAction":[{"@type":"ReadAction","target":["https:\/\/zandvoortsmuseum.nl\/de\/oeffnungszeiten\/"]}]},{"@type":"ImageObject","inLanguage":"de","@id":"https:\/\/zandvoortsmuseum.nl\/de\/oeffnungszeiten\/#primaryimage","url":"https:\/\/zandvoortsmuseum.nl\/wp-content\/uploads\/2025\/08\/logo-zandvoorts-museum-vierkant-zw-min.svg","contentUrl":"https:\/\/zandvoortsmuseum.nl\/wp-content\/uploads\/2025\/08\/logo-zandvoorts-museum-vierkant-zw-min.svg"},{"@type":"BreadcrumbList","@id":"https:\/\/zandvoortsmuseum.nl\/de\/oeffnungszeiten\/#breadcrumb","itemListElement":[{"@type":"ListItem","position":1,"name":"Home","item":"https:\/\/zandvoortsmuseum.nl\/de\/"},{"@type":"ListItem","position":2,"name":"\u00d6ffnungszeiten"}]},{"@type":"WebSite","@id":"https:\/\/zandvoortsmuseum.nl\/de\/#website","url":"https:\/\/zandvoortsmuseum.nl\/de\/","name":"Zandvoorts Museum","description":"H\u00e9t centrum voor kunst en geschiedenis in Zandvoort.","publisher":{"@id":"https:\/\/zandvoortsmuseum.nl\/de\/#organization"},"alternateName":"H\u00e9t centrum voor kunst en geschiedenis in Zandvoort","potentialAction":[{"@type":"SearchAction","target":{"@type":"EntryPoint","urlTemplate":"https:\/\/zandvoortsmuseum.nl\/de\/?s={search_term_string}"},"query-input":{"@type":"PropertyValueSpecification","valueRequired":true,"valueName":"search_term_string"}}],"inLanguage":"de"},{"@type":"Organization","@id":"https:\/\/zandvoortsmuseum.nl\/de\/#organization","name":"Zandvoorts Museum","url":"https:\/\/zandvoortsmuseum.nl\/de\/","logo":{"@type":"ImageObject","inLanguage":"de","@id":"https:\/\/zandvoortsmuseum.nl\/de\/#\/schema\/logo\/image\/","url":"https:\/\/zandvoortsmuseum.nl\/wp-content\/uploads\/2025\/08\/Zandvoorts-Museum-Logo-zw-min.svg","contentUrl":"https:\/\/zandvoortsmuseum.nl\/wp-content\/uploads\/2025\/08\/Zandvoorts-Museum-Logo-zw-min.svg","width":1847,"height":412,"caption":"Zandvoorts Museum"},"image":{"@id":"https:\/\/zandvoortsmuseum.nl\/de\/#\/schema\/logo\/image\/"},"sameAs":["https:\/\/www.facebook.com\/MuseumZandvoort","https:\/\/www.instagram.com\/zandvoortsmuseum\/"]}]}},"_links":{"self":[{"href":"https:\/\/zandvoortsmuseum.nl\/de\/wp-json\/wp\/v2\/pages\/5072","targetHints":{"allow":["GET"]}}],"collection":[{"href":"https:\/\/zandvoortsmuseum.nl\/de\/wp-json\/wp\/v2\/pages"}],"about":[{"href":"https:\/\/zandvoortsmuseum.nl\/de\/wp-json\/wp\/v2\/types\/page"}],"author":[{"embeddable":true,"href":"https:\/\/zandvoortsmuseum.nl\/de\/wp-json\/wp\/v2\/users\/1"}],"replies":[{"embeddable":true,"href":"https:\/\/zandvoortsmuseum.nl\/de\/wp-json\/wp\/v2\/comments?post=5072"}],"version-history":[{"count":2,"href":"https:\/\/zandvoortsmuseum.nl\/de\/wp-json\/wp\/v2\/pages\/5072\/revisions"}],"predecessor-version":[{"id":5748,"href":"https:\/\/zandvoortsmuseum.nl\/de\/wp-json\/wp\/v2\/pages\/5072\/revisions\/5748"}],"wp:attachment":[{"href":"https:\/\/zandvoortsmuseum.nl\/de\/wp-json\/wp\/v2\/media?parent=5072"}],"curies":[{"name":"wp","href":"https:\/\/api.w.org\/{rel}","templated":true}]}}